{"id":571,"date":"2024-09-13T20:54:04","date_gmt":"2024-09-13T20:54:04","guid":{"rendered":"https:\/\/lofimusic.com.es\/index.php\/producto\/b0cqkdwtrw_de\/"},"modified":"2024-09-13T20:54:04","modified_gmt":"2024-09-13T20:54:04","slug":"b0cqkdwtrw_de","status":"publish","type":"product","link":"https:\/\/lofimusic.com.es\/index.php\/producto\/b0cqkdwtrw_de\/","title":{"rendered":"B0CQKDWTRW_DE"},"content":{"rendered":"<p>&#8211; 80 Std Spielzeit &amp; LED Digital Ladeetui: Jeder kopfh\u00f6rer kabellos bietet bis zu 10 Std H\u00f6rzeit pro Aufladung. Mit dem Ladeetui k\u00f6nnen Sie bis zu 80 Std Musik genie\u00dfen, wo immer Sie auch hingehen. Die A7 kabellose kopfh\u00f6rer verf\u00fcgen au\u00dferdem \u00fcber eine digitale LED-Doppelanzeige, die Ihnen den Batteriestatus in Echtzeit anzeigt.<br \/>\n&#8211; Bluetooth 5.3 &amp; Automatische Kopplungsfunktion in 0,1S: Das Bluetooth kopfh\u00f6rer in ear nutzt die neueste Bluetooth 5.3-Technologie, die die Signal\u00fcbertragungsgeschwindigkeit um das Zweifache und die Stabilit\u00e4t um 45 % erh\u00f6ht und so ein reibungsloses Erlebnis gew\u00e4hrleistet. Das kopfh\u00f6rer bluetooth ist weitgehend kompatibel mit den meisten Bluetooth-Ger\u00e4ten: iPhone, Android-Handys, iPad und mehr. Geeignet f\u00fcr Android 4.4 oder iOS 8.0 und h\u00f6her.<br \/>\n&#8211; 85% Bassverst\u00e4rkung &amp; ENC Anrufe L\u00f6schen: Die kabellose kopfh\u00f6rer bluetooth verf\u00fcgen \u00fcber eine gro\u00dfe 14,5 mm Lautsprechereinheit mit 85% Bassverst\u00e4rkung f\u00fcr ein intensives H\u00f6rerlebnis. Eingebaute 4 ENC Anrufmikrofone verbessern Konferenzgespr\u00e4che und reduzieren externe Umgebungsger\u00e4usche f\u00fcr klare Anrufe. Ideal f\u00fcr Musikliebhaber und diejenigen, die es f\u00fcr Webkonferenzen und Online-Kurse verwenden m\u00fcssen.<br \/>\n&#8211; Komfortabel zu Tragen &amp; IPX7 Wasserdicht: Die Bluetooth Ohrh\u00f6rer mit 3 Paaren (S\/M\/L) von weichem Silikon drahtlose Ohrh\u00f6rer, stabil und sogar Kraft. Das rutschfeste Design am Ende der Ohrhaken wird auch bei anstrengendem Training nicht abfallen. Mit IPX7 bewertet Nahtabdichtung und Nano-Beschichtung wasserdicht Technologie, so dass sie resistent gegen t\u00e4glichen Schwei\u00df und regen.<br \/>\n&#8211; Einzigartiges Knopfdesign: Die kabellose ohrh\u00f6rer verf\u00fcgen \u00fcber ein neues Tastendesign. Damit k\u00f6nnen Sie Musik abspielen\/anhalten, Titel wechseln, Lautst\u00e4rke +\/-, Siri aktivieren, Anrufe annehmen\/auflegen und mehr.<\/p>\n","protected":false},"excerpt":{"rendered":"<p>Werbung<br \/>\nBluetooth Kopfh\u00f6rer Sport, Kopfh\u00f6rer Kabellos Bluetooth 5.3 Kopfh\u00f6rer In Ear mit 4 ENC Mirc, 80 Std Tiefer Bass, Tastensteuerung, IPX7 wasserdichte Ohrh\u00f6rer mit Ohrhaken f\u00fcr iOS\/Android Ros\u00e9gold<\/p>\n","protected":false},"featured_media":570,"comment_status":"open","ping_status":"closed","template":"","meta":[],"product_cat":[15],"product_tag":[],"class_list":{"0":"post-571","1":"product","2":"type-product","3":"status-publish","4":"has-post-thumbnail","6":"product_cat-sin-categorizar","7":"nodate","8":"item-wrap","10":"first","11":"instock","12":"shipping-taxable","13":"product-type-external"},"_links":{"self":[{"href":"https:\/\/lofimusic.com.es\/index.php\/wp-json\/wp\/v2\/product\/571","targetHints":{"allow":["GET"]}}],"collection":[{"href":"https:\/\/lofimusic.com.es\/index.php\/wp-json\/wp\/v2\/product"}],"about":[{"href":"https:\/\/lofimusic.com.es\/index.php\/wp-json\/wp\/v2\/types\/product"}],"replies":[{"embeddable":true,"href":"https:\/\/lofimusic.com.es\/index.php\/wp-json\/wp\/v2\/comments?post=571"}],"wp:featuredmedia":[{"embeddable":true,"href":"https:\/\/lofimusic.com.es\/index.php\/wp-json\/wp\/v2\/media\/570"}],"wp:attachment":[{"href":"https:\/\/lofimusic.com.es\/index.php\/wp-json\/wp\/v2\/media?parent=571"}],"wp:term":[{"taxonomy":"product_cat","embeddable":true,"href":"https:\/\/lofimusic.com.es\/index.php\/wp-json\/wp\/v2\/product_cat?post=571"},{"taxonomy":"product_tag","embeddable":true,"href":"https:\/\/lofimusic.com.es\/index.php\/wp-json\/wp\/v2\/product_tag?post=571"}],"curies":[{"name":"wp","href":"https:\/\/api.w.org\/{rel}","templated":true}]}}