{"id":567,"date":"2024-09-13T20:49:04","date_gmt":"2024-09-13T20:49:04","guid":{"rendered":"https:\/\/lofimusic.com.es\/index.php\/producto\/b0db1b1581_fr\/"},"modified":"2024-09-13T20:49:04","modified_gmt":"2024-09-13T20:49:04","slug":"b0db1b1581_fr","status":"publish","type":"product","link":"https:\/\/lofimusic.com.es\/index.php\/producto\/b0db1b1581_fr\/","title":{"rendered":"B0DB1B1581_FR"},"content":{"rendered":"<p>&#8211; Entra\u00eenement \u00e0 Domicile &#8211; Notre Entra\u00eenement Abdominal EMS est facile \u00e0 utiliser et \u00e0 coller, vous permettant de faire de l&#8217;exercice \u00e0 domicile sans avoir \u00e0 aller \u00e0 la salle de sport. Il vous suffit de d\u00e9chirer l&#8217;emballage et de coller le produit sur la peau. M\u00eame en \u00e9tant allong\u00e9, vous pouvez toujours exercer vos muscles, ce qui en fait une m\u00e9thode pratique et sans effort pour faire de l&#8217;exercice \u00e0 domicile.<br \/>\n&#8211; Large application : notre stimulateur EMS est adapt\u00e9 \u00e0 diverses parties du corps, y compris les abdominaux, les bras, les jambes, et plus encore, r\u00e9pondant \u00e0 diff\u00e9rentes exigences d&#8217;entra\u00eenement. Que vous soyez un d\u00e9butant ou un athl\u00e8te exp\u00e9riment\u00e9, c&#8217;est votre partenaire de fitness id\u00e9al.<br \/>\n&#8211; Petit et portable : super l\u00e9ger, ultra fin, portable et pratique \u00e0 transporter. Peut \u00eatre port\u00e9 discr\u00e8tement sous vos v\u00eatements, ce qui le rend id\u00e9al pour l&#8217;entra\u00eenement musculaire tout en lisant, en regardant un film ou en faisant des travaux m\u00e9nagers, sans aller \u00e0 la salle de sport ou \u00e0 l&#8217;ext\u00e9rieur.<br \/>\n&#8211; Durable : notre stimulateur musculaire Ems est tr\u00e8s facile \u00e0 coller et \u00e0 utiliser, vous permettant de faire de l&#8217;exercice \u00e0 la maison sans avoir \u00e0 aller \u00e0 la salle de sport. Retirez simplement l&#8217;emballage et collez le produit sur la peau. M\u00eame en position allong\u00e9e, vous pouvez toujours exercer vos muscles, ce qui en fait le choix parfait pour une routine de remise en forme paresseuse. C&#8217;est le summum du fitness paresseux<br \/>\n&#8211; Chargement USB pratique : rechargeable via USB en seulement une heure, notre tonifiant musculaire dure jusqu&#8217;\u00e0 deux semaines. Ne vous inqui\u00e9tez pas du temps d&#8217;utilisation \u2013 il s&#8217;\u00e9teint automatiquement apr\u00e8s 15 minutes d&#8217;entra\u00eenement recommand\u00e9. Embrassez le corps de vos r\u00eaves avec facilit\u00e9<\/p>\n","protected":false},"excerpt":{"rendered":"<p>publicit\u00e9<br \/>\nAILEDA Ceinture abdominale electrostimulation,Entra\u00eenement Abdominal EMS Rapide, Efficace et S\u00fbr, Electrostimulateur Musculaire 8 Modes &amp; 15 Intensit\u00e9s,pour Abdominaux\/Bras\/Jambes<\/p>\n","protected":false},"featured_media":564,"comment_status":"open","ping_status":"closed","template":"","meta":[],"product_cat":[15],"product_tag":[],"class_list":{"0":"post-567","1":"product","2":"type-product","3":"status-publish","4":"has-post-thumbnail","6":"product_cat-sin-categorizar","7":"nodate","8":"item-wrap","10":"first","11":"instock","12":"shipping-taxable","13":"product-type-external"},"_links":{"self":[{"href":"https:\/\/lofimusic.com.es\/index.php\/wp-json\/wp\/v2\/product\/567","targetHints":{"allow":["GET"]}}],"collection":[{"href":"https:\/\/lofimusic.com.es\/index.php\/wp-json\/wp\/v2\/product"}],"about":[{"href":"https:\/\/lofimusic.com.es\/index.php\/wp-json\/wp\/v2\/types\/product"}],"replies":[{"embeddable":true,"href":"https:\/\/lofimusic.com.es\/index.php\/wp-json\/wp\/v2\/comments?post=567"}],"wp:featuredmedia":[{"embeddable":true,"href":"https:\/\/lofimusic.com.es\/index.php\/wp-json\/wp\/v2\/media\/564"}],"wp:attachment":[{"href":"https:\/\/lofimusic.com.es\/index.php\/wp-json\/wp\/v2\/media?parent=567"}],"wp:term":[{"taxonomy":"product_cat","embeddable":true,"href":"https:\/\/lofimusic.com.es\/index.php\/wp-json\/wp\/v2\/product_cat?post=567"},{"taxonomy":"product_tag","embeddable":true,"href":"https:\/\/lofimusic.com.es\/index.php\/wp-json\/wp\/v2\/product_tag?post=567"}],"curies":[{"name":"wp","href":"https:\/\/api.w.org\/{rel}","templated":true}]}}