{"id":566,"date":"2024-09-13T20:49:04","date_gmt":"2024-09-13T20:49:04","guid":{"rendered":"https:\/\/lofimusic.com.es\/index.php\/producto\/b0cy2fjsrj_de\/"},"modified":"2024-09-13T20:49:04","modified_gmt":"2024-09-13T20:49:04","slug":"b0cy2fjsrj_de","status":"publish","type":"product","link":"https:\/\/lofimusic.com.es\/index.php\/producto\/b0cy2fjsrj_de\/","title":{"rendered":"B0CY2FJSRJ_DE"},"content":{"rendered":"<p>&#8211; \u2714 Doppelseitiges Flexibles Leder G\u00fcrtels &#8211; Sowohl das \u00e4u\u00dfere als auch das innere leder tailleng\u00fcrtel damen sind aus echtem Leder, das \u00e4u\u00dfere Leder ist mit Lederpflege\u00f6l behandelt, um die Maserung strukturierter und gl\u00e4nzender zu machen, und das innere Leder ist aus veredeltem Glattleder, was den lederg\u00fcrtel damen weicher und weniger anf\u00e4llig f\u00fcr Falten und Risse macht.<br \/>\n&#8211; \u2714 Mehrere Farben Zur Auswahl &#8211; Verschiedene Farben der G\u00fcrtel damen k\u00f6nnen mit verschiedenen Stilen der Kleidung abgestimmt werden. Der lederg\u00fcrtel damen verwendet Legierung Schnalle, die Legierung Schnalle ist glatt und nicht leicht zu Oxidation und Verf\u00e4rbung, zur gleichen Zeit erh\u00f6hen die Leichtigkeit und Haltbarkeit, eine einfache Drehung der Schnalle zu beheben.<br \/>\n&#8211; \u2714 Versteckter Verstellbarer Schmaler G\u00fcrtel &#8211; Jeder Damen G\u00fcrtel ist ca. 2cm breit, 0,3cm dick und 98cm lang, passt den meisten Frauen von 55-98cm. Der versteckte Design-Tailleng\u00fcrtel hat zwei verschiebbare Lederknoten, ziehen Sie den G\u00fcrtelknoten, um die L\u00e4nge des G\u00fcrtels Damen zu reduzieren, stecken Sie ihn nach innen, um die L\u00e4nge des G\u00fcrtels Damen zu erh\u00f6hen.<br \/>\n&#8211; \ud83c\udf81 Mode Geschenk F\u00fcr Frauen: Der Damen-G\u00fcrtel ist entworfen, um modisch und vielseitig zu sein, die mit verschiedenen Arten von Kleidung einschlie\u00dflich aller Arten von Shorts, lange, R\u00f6cke, Blazer, Jumpsuits, Kleider und so weiter, die Ihren pers\u00f6nlichen Charme und Stile durch die Anpassung hinzuf\u00fcgen. Dieser modisch Lederg\u00fcrtel Damen ist eine stilvolle Wahl f\u00fcr Freundin, Frau, Tochter, Mutter, Schwester und sich selbst.<br \/>\n&#8211; \u2714Verpackung Und Service &#8211; Jeder G\u00fcrtel Damen wird mit einer Plastikfolie verpackt, die um die Metallbeschl\u00e4ge gewickelt ist, sowie mit Vliesbeuteln f\u00fcr jeden Tailleng\u00fcrtel Damen, um den G\u00fcrtel Damen vor Problemen beim Versand zu sch\u00fctzen. Wenn Sie Fragen zu diesem Mode Lederg\u00fcrtel Damen haben, z\u00f6gern Sie bitte nicht, uns zu kontaktieren, wir werden Ihnen eine zufriedenstellende L\u00f6sung geben.<\/p>\n","protected":false},"excerpt":{"rendered":"<p>Werbung<br \/>\nG\u00fcrtel Damen Tailleng\u00fcrtel Damen Lederg\u00fcrtel Damen Dupes Damen G\u00fcrtel Damen Schmal Dameng\u00fcrtel Leder Belt Women Schmaler G\u00fcrtel Damen Leder G\u00fcrtel Leder Damen G\u00fcrtel Damen Tailleng\u00fcrtel Damen,Karamell<\/p>\n","protected":false},"featured_media":565,"comment_status":"open","ping_status":"closed","template":"","meta":[],"product_cat":[15],"product_tag":[],"class_list":{"0":"post-566","1":"product","2":"type-product","3":"status-publish","4":"has-post-thumbnail","6":"product_cat-sin-categorizar","7":"nodate","8":"item-wrap","10":"first","11":"instock","12":"shipping-taxable","13":"product-type-external"},"_links":{"self":[{"href":"https:\/\/lofimusic.com.es\/index.php\/wp-json\/wp\/v2\/product\/566","targetHints":{"allow":["GET"]}}],"collection":[{"href":"https:\/\/lofimusic.com.es\/index.php\/wp-json\/wp\/v2\/product"}],"about":[{"href":"https:\/\/lofimusic.com.es\/index.php\/wp-json\/wp\/v2\/types\/product"}],"replies":[{"embeddable":true,"href":"https:\/\/lofimusic.com.es\/index.php\/wp-json\/wp\/v2\/comments?post=566"}],"wp:featuredmedia":[{"embeddable":true,"href":"https:\/\/lofimusic.com.es\/index.php\/wp-json\/wp\/v2\/media\/565"}],"wp:attachment":[{"href":"https:\/\/lofimusic.com.es\/index.php\/wp-json\/wp\/v2\/media?parent=566"}],"wp:term":[{"taxonomy":"product_cat","embeddable":true,"href":"https:\/\/lofimusic.com.es\/index.php\/wp-json\/wp\/v2\/product_cat?post=566"},{"taxonomy":"product_tag","embeddable":true,"href":"https:\/\/lofimusic.com.es\/index.php\/wp-json\/wp\/v2\/product_tag?post=566"}],"curies":[{"name":"wp","href":"https:\/\/api.w.org\/{rel}","templated":true}]}}