{"id":563,"date":"2024-09-13T20:45:04","date_gmt":"2024-09-13T20:45:04","guid":{"rendered":"https:\/\/lofimusic.com.es\/index.php\/producto\/b0d62p6b5h_fr\/"},"modified":"2024-09-13T20:45:04","modified_gmt":"2024-09-13T20:45:04","slug":"b0d62p6b5h_fr","status":"publish","type":"product","link":"https:\/\/lofimusic.com.es\/index.php\/producto\/b0d62p6b5h_fr\/","title":{"rendered":"B0D62P6B5H_FR"},"content":{"rendered":"<p>&#8211; \u3010Technologie ultrasonique am\u00e9lior\u00e9e\u3011: fabriqu\u00e9e avec la derni\u00e8re puce pour am\u00e9liorer l&#8217;intensit\u00e9 des ondes ultrasonores qui permettent d&#8217;immuniser les insectes et les rongeurs plus efficacement qu&#8217;auparavant. L&#8217;\u00e9chographie peut perturber et irriter le syst\u00e8me nerveux des insectes, ce qui les rend d\u00e9sagr\u00e9ables et d\u00e9sagr\u00e9ables. Finalement les expulser de chez eux. Travaillez bien contre les moustiques, les souris, les cafards, les araign\u00e9es, les fourmis, les mouches, les punaises de lit, les puces et autres insectes.<br \/>\n&#8211; \u2764 R\u00e9pulsif Ultrason -Ceci est notre version avanc\u00e9e.Utilisation de la th\u00e9orie des ultrasons,changer fr\u00e9quence afin de stimule le syst\u00e8me auditif du moustique et les autres insecte nuisible,rendez-les insupportables et sentez pas \u00e0 l&#8217;aise.Avec un design Dual Smart Chip, le r\u00e9pulsif \u00e0 ultrasons stimule le nerf auditif \u00e0 ultrasons dans une gamme de fr\u00e9quences comprise entre 25 kHz et 65 kHz et d\u00e9truit le syst\u00e8me central olfactif et nerveux des parasites et des rongeurs.<br \/>\n&#8211; \u3010100% s\u00fbr et efficace\u3011: le produit est imperceptible pour l&#8217;oreille humaine et l&#8217;ou\u00efe de nos animaux de compagnie. Pas de produits chimiques, inodores et non toxiques. Notre outil de chasse les insectes et les rongeurs et cr\u00e9e une ambiance d\u00e9favorable. Avec une infestation majeure, les r\u00e9sultats peuvent durer plusieurs semaines.<br \/>\n&#8211; \u2764 Respectueux de l&#8217;environnement et de la s\u00e9curit\u00e9 &#8211; Le produit est non toxique et respectueux de l&#8217;environnement, notre r\u00e9pulsif est 100% s\u00fbr et efficace, la fr\u00e9quence ultrasonique \u00e9mise par cette machine est inaudible pour les \u00eatres humains et les animaux de compagnie. Coffre-fort pour les enfants, la famille et les animaux. Cependant, si vous avez un animal de compagnie hamster \u00e0 la maison, n&#8217;utilisez pas ce r\u00e9pulsif \u00e0 ultrasons.<br \/>\n&#8211; \u2764 Facile \u00e0 utiliser, il suffit de brancher et de jouer &#8211; Il suffit de brancher l&#8217;exterminateur de parasites \u00e0 ultrasons sur une prise d&#8217;alimentation normale, puis la lumi\u00e8re LED s&#8217;allume et elle commence \u00e0 fonctionner, facile \u00e0 utiliser et pratique \u00e0 transporter. Le fabricant sugg\u00e8re d&#8217;utiliser une unit\u00e9 pour environ 80 \u00e0 120 m\u00b2. Une unit\u00e9 suppl\u00e9mentaire est recommand\u00e9e si la superficie d\u00e9passe 120 m\u00b2.<\/p>\n","protected":false},"excerpt":{"rendered":"<p>publicit\u00e9<br \/>\nAILEDA \u00c9lectronique Antiparasitaire Int\u00e9rieur,Ultrasons pour Souris [4 Pack] R\u00e9pulsif Ultrasons Anti Moustiques Ultrasons Int\u00e9rieur Appareil R\u00e9pulsif Insectes de Rat<\/p>\n","protected":false},"featured_media":562,"comment_status":"open","ping_status":"closed","template":"","meta":[],"product_cat":[15],"product_tag":[],"class_list":{"0":"post-563","1":"product","2":"type-product","3":"status-publish","4":"has-post-thumbnail","6":"product_cat-sin-categorizar","7":"nodate","8":"item-wrap","10":"first","11":"instock","12":"shipping-taxable","13":"product-type-external"},"_links":{"self":[{"href":"https:\/\/lofimusic.com.es\/index.php\/wp-json\/wp\/v2\/product\/563","targetHints":{"allow":["GET"]}}],"collection":[{"href":"https:\/\/lofimusic.com.es\/index.php\/wp-json\/wp\/v2\/product"}],"about":[{"href":"https:\/\/lofimusic.com.es\/index.php\/wp-json\/wp\/v2\/types\/product"}],"replies":[{"embeddable":true,"href":"https:\/\/lofimusic.com.es\/index.php\/wp-json\/wp\/v2\/comments?post=563"}],"wp:featuredmedia":[{"embeddable":true,"href":"https:\/\/lofimusic.com.es\/index.php\/wp-json\/wp\/v2\/media\/562"}],"wp:attachment":[{"href":"https:\/\/lofimusic.com.es\/index.php\/wp-json\/wp\/v2\/media?parent=563"}],"wp:term":[{"taxonomy":"product_cat","embeddable":true,"href":"https:\/\/lofimusic.com.es\/index.php\/wp-json\/wp\/v2\/product_cat?post=563"},{"taxonomy":"product_tag","embeddable":true,"href":"https:\/\/lofimusic.com.es\/index.php\/wp-json\/wp\/v2\/product_tag?post=563"}],"curies":[{"name":"wp","href":"https:\/\/api.w.org\/{rel}","templated":true}]}}