{"id":559,"date":"2024-09-13T20:41:03","date_gmt":"2024-09-13T20:41:03","guid":{"rendered":"https:\/\/lofimusic.com.es\/index.php\/producto\/b0d9nnjth9_fr\/"},"modified":"2024-09-13T20:41:03","modified_gmt":"2024-09-13T20:41:03","slug":"b0d9nnjth9_fr","status":"publish","type":"product","link":"https:\/\/lofimusic.com.es\/index.php\/producto\/b0d9nnjth9_fr\/","title":{"rendered":"B0D9NNJTH9_FR"},"content":{"rendered":"<p>&#8211; \u30102024 Nouveau Bluetooth 5.4 et appairage en une \u00e9tape \u3011: Les ecouteurs Bluetooth sans fil utilisent la derni\u00e8re technologie de puce Bluetooth 5.4, avec une stabilit\u00e9 am\u00e9lior\u00e9e de 70 % par rapport \u00e0 la version 5.3 et une vitesse accrue de 80 %, assurant ainsi des transferts de donn\u00e9es avec des d\u00e9lais r\u00e9duits et une consommation d&#8217;\u00e9nergie moindre. Une fois l&#8217;\u00e9tui de charge ouvert et les \u00e9couteurs sans fil retir\u00e9s, ils se connectent automatiquement au t\u00e9l\u00e9phone en 0,1 seconde.<\/p>\n","protected":false},"excerpt":{"rendered":"<p>publicit\u00e9<br \/>\nchalvh Casque Bluetooth sans Fil, \u00e9couteurs \u00e9tanches antibruit (Orange Clair)<\/p>\n","protected":false},"featured_media":558,"comment_status":"open","ping_status":"closed","template":"","meta":[],"product_cat":[15],"product_tag":[],"class_list":{"0":"post-559","1":"product","2":"type-product","3":"status-publish","4":"has-post-thumbnail","6":"product_cat-sin-categorizar","7":"nodate","8":"item-wrap","10":"first","11":"instock","12":"shipping-taxable","13":"product-type-external"},"_links":{"self":[{"href":"https:\/\/lofimusic.com.es\/index.php\/wp-json\/wp\/v2\/product\/559","targetHints":{"allow":["GET"]}}],"collection":[{"href":"https:\/\/lofimusic.com.es\/index.php\/wp-json\/wp\/v2\/product"}],"about":[{"href":"https:\/\/lofimusic.com.es\/index.php\/wp-json\/wp\/v2\/types\/product"}],"replies":[{"embeddable":true,"href":"https:\/\/lofimusic.com.es\/index.php\/wp-json\/wp\/v2\/comments?post=559"}],"wp:featuredmedia":[{"embeddable":true,"href":"https:\/\/lofimusic.com.es\/index.php\/wp-json\/wp\/v2\/media\/558"}],"wp:attachment":[{"href":"https:\/\/lofimusic.com.es\/index.php\/wp-json\/wp\/v2\/media?parent=559"}],"wp:term":[{"taxonomy":"product_cat","embeddable":true,"href":"https:\/\/lofimusic.com.es\/index.php\/wp-json\/wp\/v2\/product_cat?post=559"},{"taxonomy":"product_tag","embeddable":true,"href":"https:\/\/lofimusic.com.es\/index.php\/wp-json\/wp\/v2\/product_tag?post=559"}],"curies":[{"name":"wp","href":"https:\/\/api.w.org\/{rel}","templated":true}]}}