{"id":557,"date":"2024-09-13T20:39:04","date_gmt":"2024-09-13T20:39:04","guid":{"rendered":"https:\/\/lofimusic.com.es\/index.php\/producto\/b0d264myhp_de\/"},"modified":"2024-09-13T20:39:04","modified_gmt":"2024-09-13T20:39:04","slug":"b0d264myhp_de","status":"publish","type":"product","link":"https:\/\/lofimusic.com.es\/index.php\/producto\/b0d264myhp_de\/","title":{"rendered":"B0D264MYHP_DE"},"content":{"rendered":"<p>&#8211; \u3010Hochwertiges Material\u3011Sonnenbrillen organizer besteht aus hochwertigem Filzmaterial mit einem weichen Vlies-Innenraum, Die Oberfl\u00e4che verf\u00fcgt \u00fcber eine transparente PVC-Tasche,die staubdicht und kratzfest.um sicheren Schutz f\u00fcr Ihre Sonnenbrille zu bieten,einfach und langlebig.Hinweis:Dieser aufbewahrungstasche f\u00fcr sonnenbrillen ist faltbar und wird gefaltet versandt,wenn Sie einen Artikel mit Falten erhalten,verwenden Sie bitte ein Dampfb\u00fcgeleisen.<br \/>\n&#8211; \u3010Zusammenklappbar&amp;Lanyard Entwurf\u3011Der Ssonnenbrillen aufbewahrung organizer ist faltbar und leicht f\u00fcr einfache Reinigung,Transport und Lagerung,spart viel Platz.Mit dem Lanyard-Design k\u00f6nnen Sie es an Ihren Kleiderschrank, die R\u00fcckseite Ihrer T\u00fcr oder an die Wand h\u00e4ngen.Von nun an brauchen Sie nicht mehr jede Brille in ein Brillenetui zu stecken,es ist sehr bequem zu benutzen.<br \/>\n&#8211; \u3010Tragbare Verwendung\u3011Sie m\u00fcssen nicht mehr Zeit mit der Suche nach einer Sonnenbrille verbringen,h\u00e4ngen Sie einfach Ihre Brille an diese wand brillenhalter,es wird einfacher sein,die Brille auszuw\u00e4hlen,die Sie tragen m\u00f6chten.Sie m\u00fcssen sich keine Gedanken dar\u00fcber machen,Ihre Brille \u00fcberall aufzubewahren,sie ist schnell und einfach zu finden.<br \/>\n&#8211; \u3010Kompaktes Design\u3011Diese Sonnenbrillen Organizer mit 16 F\u00e4chern f\u00fcr Sonnenbrillen,h\u00e4lt Ihre Sonnenbrille organisiert und sch\u00f6n und hilft Ihnen,schnell zu sehen,Sie k\u00f6nnen eine Sonnenbrille in ein ordentliches Filzfach schieben,und halten Sie die Sonnenbrille sicher in jedem Fach,um Ihre Sonnenbrille sicher und organisiert zu sch\u00fctzen.<br \/>\n&#8211; \u3010Ideales Geschenk\u3011Diese Aufbewahrungstasche f\u00fcr Brillen ist die erste Wahl f\u00fcr die Aufbewahrung.Unser Sonnenbrillen Halter kann als Geschenk an Ihre Familie,Freunde,Mitbewohner oder Liebhaber verschenkt werden,geeignet f\u00fcr den pers\u00f6nlichen Gebrauch und die Heimdekoration,eine perfekte Geschenkwahl f\u00fcr Hausfrauen,Ehem\u00e4nner.<\/p>\n","protected":false},"excerpt":{"rendered":"<p>Werbung<br \/>\nYQBFTC Sonnenbrillen Aufbewahrung 16 F\u00e4cher,H\u00e4ngende Sonnenbrille Organizer Aufbewahrung Sonnenbrillenhalter Wand,Brillenaufbewahrung H\u00e4ngend Staubdichter Sonnenbrille Lagerung Grau<\/p>\n","protected":false},"featured_media":556,"comment_status":"open","ping_status":"closed","template":"","meta":[],"product_cat":[15],"product_tag":[],"class_list":{"0":"post-557","1":"product","2":"type-product","3":"status-publish","4":"has-post-thumbnail","6":"product_cat-sin-categorizar","7":"nodate","8":"item-wrap","10":"first","11":"instock","12":"shipping-taxable","13":"product-type-external"},"_links":{"self":[{"href":"https:\/\/lofimusic.com.es\/index.php\/wp-json\/wp\/v2\/product\/557","targetHints":{"allow":["GET"]}}],"collection":[{"href":"https:\/\/lofimusic.com.es\/index.php\/wp-json\/wp\/v2\/product"}],"about":[{"href":"https:\/\/lofimusic.com.es\/index.php\/wp-json\/wp\/v2\/types\/product"}],"replies":[{"embeddable":true,"href":"https:\/\/lofimusic.com.es\/index.php\/wp-json\/wp\/v2\/comments?post=557"}],"wp:featuredmedia":[{"embeddable":true,"href":"https:\/\/lofimusic.com.es\/index.php\/wp-json\/wp\/v2\/media\/556"}],"wp:attachment":[{"href":"https:\/\/lofimusic.com.es\/index.php\/wp-json\/wp\/v2\/media?parent=557"}],"wp:term":[{"taxonomy":"product_cat","embeddable":true,"href":"https:\/\/lofimusic.com.es\/index.php\/wp-json\/wp\/v2\/product_cat?post=557"},{"taxonomy":"product_tag","embeddable":true,"href":"https:\/\/lofimusic.com.es\/index.php\/wp-json\/wp\/v2\/product_tag?post=557"}],"curies":[{"name":"wp","href":"https:\/\/api.w.org\/{rel}","templated":true}]}}