{"id":555,"date":"2024-09-13T20:37:03","date_gmt":"2024-09-13T20:37:03","guid":{"rendered":"https:\/\/lofimusic.com.es\/index.php\/producto\/b0crtbtfnd_fr\/"},"modified":"2024-09-13T20:37:03","modified_gmt":"2024-09-13T20:37:03","slug":"b0crtbtfnd_fr","status":"publish","type":"product","link":"https:\/\/lofimusic.com.es\/index.php\/producto\/b0crtbtfnd_fr\/","title":{"rendered":"B0CRTBTFND_FR"},"content":{"rendered":"<p>&#8211; \ud83d\udc8b\ud83d\udc8b\ud83d\udc8bMODE : 10 * 10 mode de massage \u00e0 double moteur, vous pouvez choisir le mode que vous voulez pour soulager la fatigue.<br \/>\n&#8211; \ud83d\udc8b\ud83d\udc8b\ud83d\udc8b CONCEPTION RECHARGEABLE ET \u00c9TANCHE PAR USB: Le masseur est \u00e9quip\u00e9 d&#8217;un c\u00e2ble USB facile \u00e0 utiliser qui recharge la batterie longue dur\u00e9e et simplifie son utilisation en d\u00e9placement.<br \/>\n&#8211; \ud83d\udc8b\ud83d\udc8b\ud83d\udc8b CONCEPTION SILENCIEUSE: Conception ing\u00e9nieuse, sa vibration est tr\u00e8s forte, mais le traitement du son est tr\u00e8s raisonnable \u00e0 moins de 45 d\u00e9cibels, vous n&#8217;avez donc pas \u00e0 vous soucier de d\u00e9ranger.<br \/>\n&#8211; \ud83d\udc8b\ud83d\udc8b\ud83d\udc8b MAT\u00c9RIAU DE SILICONE DOUX: Compos\u00e9 \u00e0 100% de silicone m\u00e9dical doux avec une sensation de peau.<br \/>\n&#8211; \ud83d\udc8b\ud83d\udc8b\ud83d\udc8bSERVICE: Si vous avez des questions, veuillez contacter l&#8217;\u00e9quipe du et nous les r\u00e9solvons rapidement pour vous.<\/p>\n","protected":false},"excerpt":{"rendered":"<p>publicit\u00e9<br \/>\nVibromasseur, Femme Clitoridien Puissant 2 EN 1 Point G 10 * 10 modes de vibration et d&#8217;aspiration Clitoris Stimulateur Sex Toy\u0301s Femme Gode Femme USB charging \u00e9tanche (17.20CM)<\/p>\n","protected":false},"featured_media":554,"comment_status":"open","ping_status":"closed","template":"","meta":[],"product_cat":[15],"product_tag":[],"class_list":{"0":"post-555","1":"product","2":"type-product","3":"status-publish","4":"has-post-thumbnail","6":"product_cat-sin-categorizar","7":"nodate","8":"item-wrap","10":"first","11":"instock","12":"shipping-taxable","13":"product-type-external"},"_links":{"self":[{"href":"https:\/\/lofimusic.com.es\/index.php\/wp-json\/wp\/v2\/product\/555","targetHints":{"allow":["GET"]}}],"collection":[{"href":"https:\/\/lofimusic.com.es\/index.php\/wp-json\/wp\/v2\/product"}],"about":[{"href":"https:\/\/lofimusic.com.es\/index.php\/wp-json\/wp\/v2\/types\/product"}],"replies":[{"embeddable":true,"href":"https:\/\/lofimusic.com.es\/index.php\/wp-json\/wp\/v2\/comments?post=555"}],"wp:featuredmedia":[{"embeddable":true,"href":"https:\/\/lofimusic.com.es\/index.php\/wp-json\/wp\/v2\/media\/554"}],"wp:attachment":[{"href":"https:\/\/lofimusic.com.es\/index.php\/wp-json\/wp\/v2\/media?parent=555"}],"wp:term":[{"taxonomy":"product_cat","embeddable":true,"href":"https:\/\/lofimusic.com.es\/index.php\/wp-json\/wp\/v2\/product_cat?post=555"},{"taxonomy":"product_tag","embeddable":true,"href":"https:\/\/lofimusic.com.es\/index.php\/wp-json\/wp\/v2\/product_tag?post=555"}],"curies":[{"name":"wp","href":"https:\/\/api.w.org\/{rel}","templated":true}]}}