{"id":551,"date":"2024-09-13T20:34:03","date_gmt":"2024-09-13T20:34:03","guid":{"rendered":"https:\/\/lofimusic.com.es\/index.php\/producto\/b0d2krnc79_de\/"},"modified":"2024-09-13T20:34:03","modified_gmt":"2024-09-13T20:34:03","slug":"b0d2krnc79_de","status":"publish","type":"product","link":"https:\/\/lofimusic.com.es\/index.php\/producto\/b0d2krnc79_de\/","title":{"rendered":"B0D2KRNC79_DE"},"content":{"rendered":"<p>&#8211; [Kompatibel f\u00fcr Xiaomi Redmi Pad Pro 12.1\u00bb] &#8211; Perfekt f\u00fcr die Tablette Xiaomi Redmi Pad Pro 12.1\u00bb.<br \/>\n&#8211; [Material: Premium Leder PU,harter PC und Geh\u00e4rtetes Glas] &#8211; Das \u00c4u\u00dfere des h\u00fclle f\u00fcr Xiaomi Redmi Pad Pro besteht aus PU-Leder,es f\u00fchlt sich sehr angenehm an.Und der Halter im Inneren besteht aus harter PC.Die Displayschutzfolie besteht aus geh\u00e4rtetes glas und kann verhindern,dass der Bildschirm Ihres Tablettes besch\u00e4digt wird,wenn er pl\u00f6tzlich herunterf\u00e4llt.<br \/>\n&#8211; [Voller Zugriff auf Lautst\u00e4rke und Ladeloch] &#8211; Wir haben die Lade- und Lautst\u00e4rkel\u00f6cher ge\u00f6ffnet,damit Sie Musik aufladen oder h\u00f6ren k\u00f6nnen,ohne das Tablette aus der h\u00fclle f\u00fcr Xiaomi Redmi Pad Pro nehmen zu m\u00fcssen.<br \/>\n&#8211; [St\u00e4nderfunktion] &#8211; Die Brieftasche f\u00fcr das Xiaomi Redmi Pad Pro kann als Halterung verwendet werden,und Sie k\u00f6nnen Filme ansehen oder im Internet frei surfen..<br \/>\n&#8211; [Der Verk\u00e4ufer hat versprochen] &#8211; Dieser h\u00fclle und displayschutzfolie f\u00fcr Xiaomi Redmi Pad Pro kann 3 Monate lang verwendet werden.Wenn es innerhalb dieser Frist bricht,k\u00f6nnen Sie uns jederzeit kontaktieren,wir werden die Zahlung zur\u00fcckerstatten oder neue kostenlos rechtzeitig ersetzen.Auch wenn Sie Fragen zu dem Artikel oder unserem Gesch\u00e4ft haben,k\u00f6nnen Sie sich gerne an uns wenden.Wir werden Ihnen so schnell wie m\u00f6glich antworten.<\/p>\n","protected":false},"excerpt":{"rendered":"<p>Werbung<br \/>\nH\u00fclle Kompatibel mit Xiaomi Redmi Pad Pro 12.1\u00bb, Dunkelschwarz PU Leder Flip Brieftasche Schutzh\u00fclle mit 1 St\u00fccke Geh\u00e4rtetes Glas Schutzfolie Displayschutzfolie f\u00fcr Xiaomi Redmi Pad Pro 12.1\u00bb<\/p>\n","protected":false},"featured_media":550,"comment_status":"open","ping_status":"closed","template":"","meta":[],"product_cat":[15],"product_tag":[],"class_list":{"0":"post-551","1":"product","2":"type-product","3":"status-publish","4":"has-post-thumbnail","6":"product_cat-sin-categorizar","7":"nodate","8":"item-wrap","10":"first","11":"instock","12":"shipping-taxable","13":"product-type-external"},"_links":{"self":[{"href":"https:\/\/lofimusic.com.es\/index.php\/wp-json\/wp\/v2\/product\/551","targetHints":{"allow":["GET"]}}],"collection":[{"href":"https:\/\/lofimusic.com.es\/index.php\/wp-json\/wp\/v2\/product"}],"about":[{"href":"https:\/\/lofimusic.com.es\/index.php\/wp-json\/wp\/v2\/types\/product"}],"replies":[{"embeddable":true,"href":"https:\/\/lofimusic.com.es\/index.php\/wp-json\/wp\/v2\/comments?post=551"}],"wp:featuredmedia":[{"embeddable":true,"href":"https:\/\/lofimusic.com.es\/index.php\/wp-json\/wp\/v2\/media\/550"}],"wp:attachment":[{"href":"https:\/\/lofimusic.com.es\/index.php\/wp-json\/wp\/v2\/media?parent=551"}],"wp:term":[{"taxonomy":"product_cat","embeddable":true,"href":"https:\/\/lofimusic.com.es\/index.php\/wp-json\/wp\/v2\/product_cat?post=551"},{"taxonomy":"product_tag","embeddable":true,"href":"https:\/\/lofimusic.com.es\/index.php\/wp-json\/wp\/v2\/product_tag?post=551"}],"curies":[{"name":"wp","href":"https:\/\/api.w.org\/{rel}","templated":true}]}}