{"id":549,"date":"2024-09-13T20:33:05","date_gmt":"2024-09-13T20:33:05","guid":{"rendered":"https:\/\/lofimusic.com.es\/index.php\/producto\/b0d46yg312_fr\/"},"modified":"2024-09-13T20:33:05","modified_gmt":"2024-09-13T20:33:05","slug":"b0d46yg312_fr","status":"publish","type":"product","link":"https:\/\/lofimusic.com.es\/index.php\/producto\/b0d46yg312_fr\/","title":{"rendered":"B0D46YG312_FR"},"content":{"rendered":"<p>&#8211; \u3010Irrigation solaire\u3011Gr\u00e2ce \u00e0 la technologie solaire \u00e9conome en \u00e9nergie et respectueuse de l&#8217;environnement, le panneau solaire peut convertir l&#8217;\u00e9nergie lumineuse en \u00e9lectricit\u00e9 pour faire fonctionner la minuterie pour arroser automatiquement les plantes, il suffit de r\u00e9gler le temps et la dur\u00e9e d&#8217;arrosage, les batteries haute capacit\u00e9 int\u00e9gr\u00e9es peuvent automatiquement m\u00eame par temps nuageux, irriguer.<br \/>\n&#8211; \u3010Plusieurs modes d&#8217;arrosage\u3011Le kit arrosage automatique Solaire peut ajuster l&#8217;heure de d\u00e9but et la dur\u00e9e de l&#8217;arrosage selon les besoins pour \u00e9viter de trop arroser les plantes, entra\u00eenant un gaspillage d&#8217;eau, et peut \u00e9conomiser jusqu&#8217;\u00e0 70 % d&#8217;eau.<br \/>\n&#8211; \u3010Convient \u00e0 un large \u00e9ventail d&#8217;applications\u3011Le Solaire programmateur arrosage a un large \u00e9ventail d&#8217;applications, il peut \u00eatre utilis\u00e9 pour arroser les plantes dans les jardins, les serres, les parterres de l\u00e9gumes, les balcons, etc. M\u00eame l&#8217;arrosage via le tuyau et la t\u00eate d&#8217;\u00e9gouttement favorise efficacement la croissance des plantes et vous permet de profiter du plaisir du jardinage.<br \/>\n&#8211; \u3010Facile \u00e0 installer\u3011Le kit d&#8217;irrigation goutte \u00e0 goutte solaire est facile \u00e0 installer, vous pouvez simplement installer la t\u00eate d&#8217;\u00e9gouttement correspondante en fonction du nombre de plantes \u00e0 arroser, cela ne prend que quelques minutes pour installer le syst\u00e8me d&#8217;irrigation, pratique et rapide \u00e0 arroser vos plantes.<br \/>\n&#8211; \u3010Contenu du kit\u3011Le kit du syst\u00e8me d&#8217;irrigation solaire comprend un minuterie solaire*1, Tee*10, goutteur*10, tuyau arrosage*10m, filtre*1, un anti-siphon* 1, vis*2.<\/p>\n","protected":false},"excerpt":{"rendered":"<p>publicit\u00e9<br \/>\nTRJZWA Arrosage Automatique \u00c9nergie Solaire, 2024 Dernier Programmateur Goutte Solaire Jardin avec Mode D&#8217;irrigation R\u00e9glable, Syst\u00e8me Arrosage Goutte \u00e0 Goutte avec 10M Tuyau Arrosage et 10 Goutteurs<\/p>\n","protected":false},"featured_media":548,"comment_status":"open","ping_status":"closed","template":"","meta":[],"product_cat":[15],"product_tag":[],"class_list":{"0":"post-549","1":"product","2":"type-product","3":"status-publish","4":"has-post-thumbnail","6":"product_cat-sin-categorizar","7":"nodate","8":"item-wrap","10":"first","11":"instock","12":"shipping-taxable","13":"product-type-external"},"_links":{"self":[{"href":"https:\/\/lofimusic.com.es\/index.php\/wp-json\/wp\/v2\/product\/549","targetHints":{"allow":["GET"]}}],"collection":[{"href":"https:\/\/lofimusic.com.es\/index.php\/wp-json\/wp\/v2\/product"}],"about":[{"href":"https:\/\/lofimusic.com.es\/index.php\/wp-json\/wp\/v2\/types\/product"}],"replies":[{"embeddable":true,"href":"https:\/\/lofimusic.com.es\/index.php\/wp-json\/wp\/v2\/comments?post=549"}],"wp:featuredmedia":[{"embeddable":true,"href":"https:\/\/lofimusic.com.es\/index.php\/wp-json\/wp\/v2\/media\/548"}],"wp:attachment":[{"href":"https:\/\/lofimusic.com.es\/index.php\/wp-json\/wp\/v2\/media?parent=549"}],"wp:term":[{"taxonomy":"product_cat","embeddable":true,"href":"https:\/\/lofimusic.com.es\/index.php\/wp-json\/wp\/v2\/product_cat?post=549"},{"taxonomy":"product_tag","embeddable":true,"href":"https:\/\/lofimusic.com.es\/index.php\/wp-json\/wp\/v2\/product_tag?post=549"}],"curies":[{"name":"wp","href":"https:\/\/api.w.org\/{rel}","templated":true}]}}