{"id":547,"date":"2024-09-13T20:33:03","date_gmt":"2024-09-13T20:33:03","guid":{"rendered":"https:\/\/lofimusic.com.es\/index.php\/producto\/b0d9nq2mj8_it\/"},"modified":"2024-09-13T20:33:03","modified_gmt":"2024-09-13T20:33:03","slug":"b0d9nq2mj8_it","status":"publish","type":"product","link":"https:\/\/lofimusic.com.es\/index.php\/producto\/b0d9nq2mj8_it\/","title":{"rendered":"B0D9NQ2MJ8_IT"},"content":{"rendered":"<p>&#8211; \u3010Proiezione Ultra HD 4K\u3011: FIYAPOO Miracast Dongle supporta la risoluzione 4K (3840 x 2160), offrendo una qualit\u00e0 dell&#8217;immagine estremamente nitida, che \u00e8 quattro volte quella di 1080P. La tecnologia HDR migliora ulteriormente la luminosit\u00e0, il realismo e i dettagli dell&#8217;immagine, consentendoti di proiettare facilmente il contenuto del tuo cellulare, tablet o computer sul grande schermo e goderti una festa visiva pi\u00f9 scioccante.<br \/>\n&#8211; \u3010Ampia compatibilit\u00e0\u3011: FIYAPOO Miracast Dongle ha una potente compatibilit\u00e0 multipiattaforma, supporta sistemi operativi come iOS, Android, Windows e Mac OS ed \u00e8 adatto per iPhone, iPad, Macbook, Samsung, LG, HTC, PC e altri dispositivi. Indipendentemente dal dispositivo utilizzato, puoi facilmente ottenere la condivisione dello schermo wireless tramite la funzione Miracast, Airplay o DLNA.<br \/>\n&#8211; \u3010Trasmissione stabile e ad alta velocit\u00e0\u3011: adotta la tecnologia avanzata Miracast 2.4G e supporta il protocollo 802.11AC per ridurre efficacemente le interferenze del segnale e migliorare la velocit\u00e0 di trasmissione. Che si tratti di guardare film, giocare o trasferire file, pu\u00f2 garantire immagini fluide, non influenzate da segnali instabili e fornire un&#8217;esperienza utente di alta qualit\u00e0.<br \/>\n&#8211; \u3010Funzionamento semplice\u3011: il dispositivo di condivisione dello schermo wireless FIYAPOO \u00e8 semplice e facile da usare. Bastano pochi passaggi per stabilire rapidamente una connessione tra dispositivi senza complicate connessioni via cavo. Tramite le funzioni AirPlay, DLNA o Miracast, puoi proiettare film, immagini, musica, documenti o giochi da dispositivi Android, iOS, Mac, Windows su una TV o un monitor a grande schermo. \u00c8 facile da usare e disponibile per tutti.<br \/>\n&#8211; \u3010Design portatile\u3011: il dongle FIYAPOO Miracast adotta un design leggero ed \u00e8 facile da trasportare. Sia a casa, in ufficio o in viaggio, puoi sempre goderti la comoda esperienza della condivisione dello schermo wireless e condividere facilmente contenuti meravigliosi. La sua portabilit\u00e0 lo rende la scelta ideale per l&#8217;intrattenimento domestico, le presentazioni aziendali e i viaggi.<\/p>\n","protected":false},"excerpt":{"rendered":"<p>pubblicit\u00e0<br \/>\nFIYAPOO Miracast Dongle HDMI wireless per streaming, WiFi Miracast 4K per iPhone\/iPad\/Android\/iOS\/Windows Laptop, PC, Fire Stick TV HD\/Monitor\/Proiettore,Facile Installazione(supporta,DLNA, Airplay)<\/p>\n","protected":false},"featured_media":546,"comment_status":"open","ping_status":"closed","template":"","meta":[],"product_cat":[15],"product_tag":[],"class_list":{"0":"post-547","1":"product","2":"type-product","3":"status-publish","4":"has-post-thumbnail","6":"product_cat-sin-categorizar","7":"nodate","8":"item-wrap","10":"first","11":"instock","12":"shipping-taxable","13":"product-type-external"},"_links":{"self":[{"href":"https:\/\/lofimusic.com.es\/index.php\/wp-json\/wp\/v2\/product\/547","targetHints":{"allow":["GET"]}}],"collection":[{"href":"https:\/\/lofimusic.com.es\/index.php\/wp-json\/wp\/v2\/product"}],"about":[{"href":"https:\/\/lofimusic.com.es\/index.php\/wp-json\/wp\/v2\/types\/product"}],"replies":[{"embeddable":true,"href":"https:\/\/lofimusic.com.es\/index.php\/wp-json\/wp\/v2\/comments?post=547"}],"wp:featuredmedia":[{"embeddable":true,"href":"https:\/\/lofimusic.com.es\/index.php\/wp-json\/wp\/v2\/media\/546"}],"wp:attachment":[{"href":"https:\/\/lofimusic.com.es\/index.php\/wp-json\/wp\/v2\/media?parent=547"}],"wp:term":[{"taxonomy":"product_cat","embeddable":true,"href":"https:\/\/lofimusic.com.es\/index.php\/wp-json\/wp\/v2\/product_cat?post=547"},{"taxonomy":"product_tag","embeddable":true,"href":"https:\/\/lofimusic.com.es\/index.php\/wp-json\/wp\/v2\/product_tag?post=547"}],"curies":[{"name":"wp","href":"https:\/\/api.w.org\/{rel}","templated":true}]}}