{"id":543,"date":"2024-09-13T20:29:03","date_gmt":"2024-09-13T20:29:03","guid":{"rendered":"https:\/\/lofimusic.com.es\/index.php\/producto\/b0d6rgy8t2_fr\/"},"modified":"2024-09-13T20:29:03","modified_gmt":"2024-09-13T20:29:03","slug":"b0d6rgy8t2_fr","status":"publish","type":"product","link":"https:\/\/lofimusic.com.es\/index.php\/producto\/b0d6rgy8t2_fr\/","title":{"rendered":"B0D6RGY8T2_FR"},"content":{"rendered":"<p>&#8211; \u3010Chargeur Rapide 20W for i Phone 14 \u3011: Le chargeur USB C rapide d\u00e9livre une puissance de sortie maximale de 20 W et peut charger rapidement votre i Phone 14 Pro Max de 0 % \u00e0 60 % en moins d&#8217;une demi-heure. Fournit \u00e0 votre appareil une vitesse de charge trois fois plus rapide que le chargeur original de 5W. Il vous aide \u00e0 travailler efficacement et \u00e0 gagner du temps.<br \/>\n&#8211; \u3010Compatibilit\u00e9 Universell\u3011Chargeur Rapide USB C 20W pour i Phone 14\/14 Plus\/14 Pro\/14 Pro Max\/13 \/ 13 Pro \/13 Pro MAX \/13 Mini \/ 12 \/ 12 Mini \/ 12 Pro \/ 12 Pro Max \/ 11 \/ 11 Pro \/ 11 Pro Max \/ SE 2020 \/ X \/ Xs \/ Xs Max \/ XR \/ 8 \/8 Plus, i Pad Pro \/ Air \/ Mini, etc.<br \/>\n&#8211; \u3010Multi-protection &amp; S\u00e9curit\u00e9\u3011 La puce intelligente int\u00e9gr\u00e9e de chargeur rapide USB C peut d\u00e9tecter automatiquement l&#8217;appareil connect\u00e9 et identifier le courant, pour prot\u00e9ger vos appareils contre les courts-circuits, les surtensions, les surchauffes et les surintensit\u00e9s. Protection compl\u00e8te pendant la charge\uff01<br \/>\n&#8211; \u3010Conception compacte \u3011: l\u00e9ger et portable. Ce chargeur rapide USB est tr\u00e8s l\u00e9ger et portable et peut \u00eatre utilis\u00e9 partout. Que vous soyez en voyage, \u00e0 la maison, au bureau ou en vacances, vous pouvez charger tous vos appareils avec un seul chargeur, ce qui en fait un compagnon de voyage pratique.<br \/>\n&#8211; \u3010Service apr\u00e8s-vente que vous obtiendrez\u3011Ce chargeur mural rapide pour de 20 W a \u00e9t\u00e9 test\u00e9 par des organismes professionnels d\u00e9sign\u00e9s et est certifi\u00e9 PD et MFi. S&#8217;il vous pla\u00eet soyez assur\u00e9 d&#8217;acheter. Nous fournirons une p\u00e9riode de garantie de 12 mois si vous avez des questions sur le produit, n&#8217;h\u00e9sitez pas \u00e0 nous contacter.<\/p>\n","protected":false},"excerpt":{"rendered":"<p>publicit\u00e9<br \/>\nChargeur i Phone Rapide, 20 W Chargeur USB C Prise Rapide avec 2M C\u00e2ble Compatible avec i Phone 14 13 12 11 Pro Max Plus Mini XS XR X SE 8, USB C Rapide Adaptateur Secteur<\/p>\n","protected":false},"featured_media":542,"comment_status":"open","ping_status":"closed","template":"","meta":[],"product_cat":[15],"product_tag":[],"class_list":{"0":"post-543","1":"product","2":"type-product","3":"status-publish","4":"has-post-thumbnail","6":"product_cat-sin-categorizar","7":"nodate","8":"item-wrap","10":"first","11":"instock","12":"shipping-taxable","13":"product-type-external"},"_links":{"self":[{"href":"https:\/\/lofimusic.com.es\/index.php\/wp-json\/wp\/v2\/product\/543","targetHints":{"allow":["GET"]}}],"collection":[{"href":"https:\/\/lofimusic.com.es\/index.php\/wp-json\/wp\/v2\/product"}],"about":[{"href":"https:\/\/lofimusic.com.es\/index.php\/wp-json\/wp\/v2\/types\/product"}],"replies":[{"embeddable":true,"href":"https:\/\/lofimusic.com.es\/index.php\/wp-json\/wp\/v2\/comments?post=543"}],"wp:featuredmedia":[{"embeddable":true,"href":"https:\/\/lofimusic.com.es\/index.php\/wp-json\/wp\/v2\/media\/542"}],"wp:attachment":[{"href":"https:\/\/lofimusic.com.es\/index.php\/wp-json\/wp\/v2\/media?parent=543"}],"wp:term":[{"taxonomy":"product_cat","embeddable":true,"href":"https:\/\/lofimusic.com.es\/index.php\/wp-json\/wp\/v2\/product_cat?post=543"},{"taxonomy":"product_tag","embeddable":true,"href":"https:\/\/lofimusic.com.es\/index.php\/wp-json\/wp\/v2\/product_tag?post=543"}],"curies":[{"name":"wp","href":"https:\/\/api.w.org\/{rel}","templated":true}]}}