{"id":539,"date":"2024-09-13T20:25:03","date_gmt":"2024-09-13T20:25:03","guid":{"rendered":"https:\/\/lofimusic.com.es\/index.php\/producto\/b0bnc9rj25_fr\/"},"modified":"2024-09-13T20:25:03","modified_gmt":"2024-09-13T20:25:03","slug":"b0bnc9rj25_fr","status":"publish","type":"product","link":"https:\/\/lofimusic.com.es\/index.php\/producto\/b0bnc9rj25_fr\/","title":{"rendered":"B0BNC9RJ25_FR"},"content":{"rendered":"<p>&#8211; \u3010Oreillers compens\u00e9s 12 positions\u3011notre ensemble d&#8217;oreillers compens\u00e9s polyvalents peut \u00eatre utilis\u00e9 \u00e0 diff\u00e9rents angles pour offrir un meilleur soutien au haut et au bas du dos, \u00e0 la t\u00eate ou m\u00eame aux genoux. Il peut soutenir les courbes de votre corps dans la bonne position, offrant ainsi une sensation douce et r\u00e9sistante lorsque vous lisez au lit ou jouez \u00e0 des jeux vid\u00e9o sur le canap\u00e9.<br \/>\n&#8211; \u3010Support de cou r\u00e9glable\u3011le support de cou doux est fix\u00e9 par des attaches auto-agripp\u00e2tes, vous permettant de l&#8217;attacher o\u00f9 vous voulez sur l&#8217;oreiller en forme de coin. En outre, le support de nuque amovible peut servir d&#8217;appui-t\u00eate ou de soutien lombaire.<br \/>\n&#8211; \u3010Mousse \u00e0 m\u00e9moire\u3011cet ensemble d&#8217;oreillers est rempli de mousse \u00e0 m\u00e9moire de forme \u00e9paisse, offrant un excellent soutien pour tout votre corps pour un maximum de confort. Sa surface est moelleuse et soyeuse pour un toucher doux pour la peau. Tout est bien con\u00e7u vous aide \u00e0 \u00e9liminer la fatigue et aligne la colonne vert\u00e9brale pour minimiser les points de pression.<br \/>\n&#8211; \u3010Housse lavable et poign\u00e9e pratique\u3011par rapport aux oreillers de lecture ordinaires, la fermeture \u00e9clair sur l&#8217;oreiller et le support de cou facilitent le retrait de la housse en tissu pour un rin\u00e7age facile. Il y a une poign\u00e9e de transport sur le dessus qui apporte beaucoup de commodit\u00e9 pour l&#8217;emporter partout o\u00f9 vous allez.<br \/>\n&#8211; \u3010Cadeau parfait\u3011peu importe ce que vous voulez dormir ou simplement regarder la t\u00e9l\u00e9vision plus confortablement, notre ensemble d&#8217;oreillers compens\u00e9s est bien meilleur que d&#8217;empiler plusieurs oreillers pour le soutien. Il permet une transition facile vers plusieurs positions, qui peuvent \u00eatre capables de r\u00e9pondre aux besoins de diff\u00e9rentes personnes.<\/p>\n","protected":false},"excerpt":{"rendered":"<p>publicit\u00e9<br \/>\nCOSTWAY Coussin de Lecture Ergonomique en Mousse \u00e0 M\u00e9moire, Oreillers Compens\u00e9s Appui-t\u00eate R\u00e9glable Housse Amovible pour Post-Chirurgie, Femme Enceinte, Blanc<\/p>\n","protected":false},"featured_media":538,"comment_status":"open","ping_status":"closed","template":"","meta":[],"product_cat":[15],"product_tag":[],"class_list":{"0":"post-539","1":"product","2":"type-product","3":"status-publish","4":"has-post-thumbnail","6":"product_cat-sin-categorizar","7":"nodate","8":"item-wrap","10":"first","11":"instock","12":"shipping-taxable","13":"product-type-external"},"_links":{"self":[{"href":"https:\/\/lofimusic.com.es\/index.php\/wp-json\/wp\/v2\/product\/539","targetHints":{"allow":["GET"]}}],"collection":[{"href":"https:\/\/lofimusic.com.es\/index.php\/wp-json\/wp\/v2\/product"}],"about":[{"href":"https:\/\/lofimusic.com.es\/index.php\/wp-json\/wp\/v2\/types\/product"}],"replies":[{"embeddable":true,"href":"https:\/\/lofimusic.com.es\/index.php\/wp-json\/wp\/v2\/comments?post=539"}],"wp:featuredmedia":[{"embeddable":true,"href":"https:\/\/lofimusic.com.es\/index.php\/wp-json\/wp\/v2\/media\/538"}],"wp:attachment":[{"href":"https:\/\/lofimusic.com.es\/index.php\/wp-json\/wp\/v2\/media?parent=539"}],"wp:term":[{"taxonomy":"product_cat","embeddable":true,"href":"https:\/\/lofimusic.com.es\/index.php\/wp-json\/wp\/v2\/product_cat?post=539"},{"taxonomy":"product_tag","embeddable":true,"href":"https:\/\/lofimusic.com.es\/index.php\/wp-json\/wp\/v2\/product_tag?post=539"}],"curies":[{"name":"wp","href":"https:\/\/api.w.org\/{rel}","templated":true}]}}