{"id":537,"date":"2024-09-13T20:24:05","date_gmt":"2024-09-13T20:24:05","guid":{"rendered":"https:\/\/lofimusic.com.es\/index.php\/producto\/b0d2vz22j8_de\/"},"modified":"2024-09-13T20:24:05","modified_gmt":"2024-09-13T20:24:05","slug":"b0d2vz22j8_de","status":"publish","type":"product","link":"https:\/\/lofimusic.com.es\/index.php\/producto\/b0d2vz22j8_de\/","title":{"rendered":"B0D2VZ22J8_DE"},"content":{"rendered":"<p>&#8211; \ud83d\udd25\u2705\u3010Breite Kompatibilit\u00e4t\u3011 Der Typ-C-auf-3,5-mm-Aux-Adapter ist weitgehend kompatibel mit den meisten Typ-C-Ger\u00e4ten: for iPhone 15\/15 Pro\/15 Pro Max\/15 Plus\/Huawei P50\/ P40\/ P30,for Samsung Galaxy S22+\/ S22 Ultra\/ S21 \/ S21+\/ S21 Ultra\/ S20\/ S20+\/ S20 Ultra \/ S20 FE, Note 20\/ Note 10\/ Note 10+, A90\/ A80\/ A5,for HUAWEI P20\/P30\/P40 &amp; Pro\/Mate 10\/ 20\/30 &amp; Pro\/ 20X 5G\/Nova 5\/7\/Honor 50\/Note10, Mi 10 und mehr.<br \/>\n&#8211; \ud83d\udd25\u26a1\u3010Multifunktionaler USB-C-Splitter\u3011 Mit diesem USB-C-auf-3,5-mm-Audio-Ladeadapter k\u00f6nnen Sie Ihr Telefon aufladen, w\u00e4hrend Sie Musik h\u00f6ren, Musik steuern, Spiele spielen, Videos ansehen und Anrufe t\u00e4tigen, z. B. Lautst\u00e4rke, Pause, n\u00e4chstes Lied und wenn Sie einen Anruf annehmen oder abbrechen.<br \/>\n&#8211; \ud83d\udd25\ud83c\udf1e\u3010Robust und langlebig\u3011: Der USB-C-Audio- und Ladeadapter besteht aus einem robusten Aluminiumgeh\u00e4use, das st\u00f6rungs-, korrosions- und antioxidationsbest\u00e4ndig ist und Ihnen ein High-Fidelity-Audioerlebnis gew\u00e4hrleistet.Schnittstellenverl\u00e4ngerungsschutz und geflochtene Nylonkabel sind bruchsicher und auf Langlebigkeit ausgelegt. (Hinweis: Wenn Ihr Mobiltelefon \u00fcber USB C und eine 3,5-mm-Audioschnittstelle verf\u00fcgt, k\u00f6nnen Sie diesen Adapter nicht f\u00fcr die Audioausgabe verwenden.)<br \/>\n&#8211; \ud83d\udd25\ud83d\udd0b\u3010Verlustfreie Klangqualit\u00e4t\u30112-in-1-USB-C-auf-3,5-mm-Kopfh\u00f6reradapter mit integriertem DAC-Chip, integriertem DAC-Audio-Decoder-Chip und unterst\u00fctzt 24-Bit\/96-kHz-High-Fidelity-Digital-Audio-Aufl\u00f6sung, was Stabilit\u00e4t und Wiedergabetreue der Ton\u00fcbertragung gew\u00e4hrleistet. Die verbesserte Ger\u00e4uschunterdr\u00fcckung sorgt f\u00fcr eine verlustfreie Quellen\u00fcbertragung und hochaufl\u00f6sendes Audio f\u00fcr verlustfreies Musikh\u00f6ren.<br \/>\n&#8211; \ud83d\udd25\ud83d\udc4d\u3010Plug and Play\u3011: Es m\u00fcssen keine Treiber oder Apps installiert werden, einfach einstecken und loslegen. Der 2-in-1-USB-C-auf-3,5-mm-Audioadapter und das Ladekabel unterst\u00fctzen das gleichzeitige H\u00f6ren von Musik und das Aufladen Ihres Telefons. Unterst\u00fctzt Musikwiedergabe, Aufladen, Kopfh\u00f6rersteuerung und Mikrofon. Hinweis: Die Daten\u00fcbertragung wird nicht unterst\u00fctzt.<\/p>\n","protected":false},"excerpt":{"rendered":"<p>Werbung<br \/>\nUSB C Klinke Kopfh\u00f6rer Adapter und Laden, 2 in 1 USB C zu 3.5mm Aux Audio Adapter Schnellladung Geflochtenes Kabel Konverter f\u00fcr iPhone 15\/15 Pro\/Samsung S24\/S23\/S22\/S20+\/Note 20\/Huawei Mate40\/P40<\/p>\n","protected":false},"featured_media":536,"comment_status":"open","ping_status":"closed","template":"","meta":[],"product_cat":[15],"product_tag":[],"class_list":{"0":"post-537","1":"product","2":"type-product","3":"status-publish","4":"has-post-thumbnail","6":"product_cat-sin-categorizar","7":"nodate","8":"item-wrap","10":"first","11":"instock","12":"shipping-taxable","13":"product-type-external"},"_links":{"self":[{"href":"https:\/\/lofimusic.com.es\/index.php\/wp-json\/wp\/v2\/product\/537","targetHints":{"allow":["GET"]}}],"collection":[{"href":"https:\/\/lofimusic.com.es\/index.php\/wp-json\/wp\/v2\/product"}],"about":[{"href":"https:\/\/lofimusic.com.es\/index.php\/wp-json\/wp\/v2\/types\/product"}],"replies":[{"embeddable":true,"href":"https:\/\/lofimusic.com.es\/index.php\/wp-json\/wp\/v2\/comments?post=537"}],"wp:featuredmedia":[{"embeddable":true,"href":"https:\/\/lofimusic.com.es\/index.php\/wp-json\/wp\/v2\/media\/536"}],"wp:attachment":[{"href":"https:\/\/lofimusic.com.es\/index.php\/wp-json\/wp\/v2\/media?parent=537"}],"wp:term":[{"taxonomy":"product_cat","embeddable":true,"href":"https:\/\/lofimusic.com.es\/index.php\/wp-json\/wp\/v2\/product_cat?post=537"},{"taxonomy":"product_tag","embeddable":true,"href":"https:\/\/lofimusic.com.es\/index.php\/wp-json\/wp\/v2\/product_tag?post=537"}],"curies":[{"name":"wp","href":"https:\/\/api.w.org\/{rel}","templated":true}]}}