{"id":533,"date":"2024-09-13T20:21:05","date_gmt":"2024-09-13T20:21:05","guid":{"rendered":"https:\/\/lofimusic.com.es\/index.php\/producto\/b0d94lm2xg_fr\/"},"modified":"2024-09-13T20:21:05","modified_gmt":"2024-09-13T20:21:05","slug":"b0d94lm2xg_fr","status":"publish","type":"product","link":"https:\/\/lofimusic.com.es\/index.php\/producto\/b0d94lm2xg_fr\/","title":{"rendered":"B0D94LM2XG_FR"},"content":{"rendered":"<p>&#8211; Ensemble de pique-nique complet \u2014 Notre ensemble de pique-nique pour enfants comprend 4 chaises, une table et un parasol. Les enfants peuvent profiter du temps de jeu et des pique-niques \u00e0 l&#8217;ext\u00e9rieur, ou s&#8217;adonner aux activit\u00e9s artistiques et artisanales \u00e0 l&#8217;int\u00e9rieur avec le parasol retir\u00e9.<br \/>\n&#8211; Conception robuste \u2014 La table et les chaises sont fabriqu\u00e9es en bois de sapin naturel. Les pieds extra larges et les structures triangulaires supportent une charge maximale de 100 kg, et la peinture \u00e0 base d&#8217;eau ajoute \u00e0 la durabilit\u00e9 de l&#8217;ensemble.<br \/>\n&#8211; Parasol r\u00e9glable \u2014 Avec son m\u00e2t en bois massif et ses 6 baleines robustes, le parasol en polyester prot\u00e8ge vos enfants du soleil et des l\u00e9g\u00e8res averses. Il dispose \u00e9galement de 2 hauteurs r\u00e9glables pour r\u00e9pondre \u00e0 diff\u00e9rents besoins d&#8217;ombrage.<br \/>\n&#8211; D\u00e9tails de s\u00e9curit\u00e9 \u2014 Pour votre tranquillit\u00e9 d&#8217;esprit en tant que parent responsable, l&#8217;ensemble de mobilier d&#8217;ext\u00e9rieur est dot\u00e9 de coins arrondis pour \u00e9viter les risques de bosses. Les surfaces sont sans \u00e9charde pour que vos petits puissent jouer et d\u00eener en toute s\u00e9curit\u00e9.<br \/>\n&#8211; Cadeau durable \u2014 Notre ensemble de mobilier de pique-nique conserve sa beaut\u00e9 et ses fonctions pendant des ann\u00e9es. C&#8217;est un merveilleux cadeau d&#8217;anniversaire ou de No\u00ebl qui accompagnera vos enfants pendant leur croissance.<\/p>\n","protected":false},"excerpt":{"rendered":"<p>publicit\u00e9<br \/>\nDREAMADE Table de Pique-Nique 90x90x54CM Enfant avec Parasol Amovible Table en Bois de Jardin Enfant avec 4 Chaises,Table d&#8217;Activit\u00e9s Gar\u00e7ons Filles pour Jardin,Cour,Pelouse (Gris)<\/p>\n","protected":false},"featured_media":532,"comment_status":"open","ping_status":"closed","template":"","meta":[],"product_cat":[15],"product_tag":[],"class_list":{"0":"post-533","1":"product","2":"type-product","3":"status-publish","4":"has-post-thumbnail","6":"product_cat-sin-categorizar","7":"nodate","8":"item-wrap","10":"first","11":"instock","12":"shipping-taxable","13":"product-type-external"},"_links":{"self":[{"href":"https:\/\/lofimusic.com.es\/index.php\/wp-json\/wp\/v2\/product\/533","targetHints":{"allow":["GET"]}}],"collection":[{"href":"https:\/\/lofimusic.com.es\/index.php\/wp-json\/wp\/v2\/product"}],"about":[{"href":"https:\/\/lofimusic.com.es\/index.php\/wp-json\/wp\/v2\/types\/product"}],"replies":[{"embeddable":true,"href":"https:\/\/lofimusic.com.es\/index.php\/wp-json\/wp\/v2\/comments?post=533"}],"wp:featuredmedia":[{"embeddable":true,"href":"https:\/\/lofimusic.com.es\/index.php\/wp-json\/wp\/v2\/media\/532"}],"wp:attachment":[{"href":"https:\/\/lofimusic.com.es\/index.php\/wp-json\/wp\/v2\/media?parent=533"}],"wp:term":[{"taxonomy":"product_cat","embeddable":true,"href":"https:\/\/lofimusic.com.es\/index.php\/wp-json\/wp\/v2\/product_cat?post=533"},{"taxonomy":"product_tag","embeddable":true,"href":"https:\/\/lofimusic.com.es\/index.php\/wp-json\/wp\/v2\/product_tag?post=533"}],"curies":[{"name":"wp","href":"https:\/\/api.w.org\/{rel}","templated":true}]}}