{"id":525,"date":"2024-09-13T20:17:03","date_gmt":"2024-09-13T20:17:03","guid":{"rendered":"https:\/\/lofimusic.com.es\/index.php\/producto\/b0bhy7ft9r_fr\/"},"modified":"2024-09-13T20:17:03","modified_gmt":"2024-09-13T20:17:03","slug":"b0bhy7ft9r_fr","status":"publish","type":"product","link":"https:\/\/lofimusic.com.es\/index.php\/producto\/b0bhy7ft9r_fr\/","title":{"rendered":"B0BHY7FT9R_FR"},"content":{"rendered":"<p>&#8211; Appareil photo instantan\u00e9 enfant\uff1aAppareil photo \u00e0 impression instantan\u00e9e pour enfants rapidement et automatiquement.Plus besoin d&#8217;attendre que les photos se d\u00e9veloppent, les enfants peuvent s&#8217;adonner aux joies de la photographie gr\u00e2ce \u00e0 l&#8217;impression instantan\u00e9e.Facile \u00e0 utiliser, \u00e9conomique \u00e0 poss\u00e9der, parfait pour les enfants.L&#8217;appareil photo num\u00e9rique enfant est con\u00e7u comme un cadeau pour les gar\u00e7ons de 3 \u00e0 12 ans<br \/>\n&#8211; Technologie d&#8217;impression thermique:Z\u00e9ro encre,la technologie d&#8217;impression thermique instantan\u00e9e imprime des photos en noir et blanc sur du papier photo \u00e9cologique,s\u00fbr et sans BPA.Les gar\u00e7ons et les filles peuvent utiliser les crayons de couleur pour faire de la d\u00e9coration de bricolage et colorer les photos imprim\u00e9es,am\u00e9liorant ainsi leur comp\u00e9tences pratiques et cultiver leur curiosit\u00e9 et leur int\u00e9r\u00eat pour la photographie,inspirant ainsi la cr\u00e9ativit\u00e9 et l&#8217;imagination des enfants<br \/>\n&#8211; Appareils photo instantan\u00e9 pour enfants:Batterie rechargeable de 1200 mAh,vid\u00e9o HD 1080p,12 m\u00e9gapixels,l&#8217;appareil photo grand \u00e9cran de 3,5 \u00aba un 12 m\u00e9gapixels qui pourrait prendre jusqu&#8217;\u00e0 1920 x 1080 P vid\u00e9o, gardera le moment merveilleux clair pour les enfants. La cam\u00e9ra est livr\u00e9e avec 4 rouleaux de papier d&#8217;impression et 32Go Carte micro SD, utilisable imm\u00e9diatement<br \/>\n&#8211; Papier d&#8217;impression photo et 32 Go carte micro SD: 32 Go carte m\u00e9moire et un rouleau de papier d&#8217;impression photo d\u00e9j\u00e0 pr\u00e9sents dans l&#8217;appareil. Si aucune carte SD, l&#8217;appareil photo peut imprimer directement, mais les photos et les vid\u00e9os ne peuvent pas \u00eatre enregistr\u00e9es<br \/>\n&#8211; 3 in 1 Appareil photo enfant impression instantan\u00e9e: impression directe,grand \u00e9cran de 3,5 pouces,mise au point automatique,graffiti bricolage,transmission OTG,vid\u00e9o,selfie chronom\u00e9tr\u00e9,cadre photo amusant,filtres cr\u00e9atifs,protection de l&#8217;environnement.Diff\u00e9rentes luminosit\u00e9 ambiante,r\u00e9solution photo et densit\u00e9 d&#8217;impression,les photos imprim\u00e9es aura des effets diff\u00e9rents.Veuillez s\u00e9lectionner les param\u00e8tres appropri\u00e9s (r\u00e9solution photo \/ densit\u00e9 d&#8217;impression, etc.)<\/p>\n","protected":false},"excerpt":{"rendered":"<p>publicit\u00e9<br \/>\nGlobalCrown Appareils Photo enfant instantan\u00e9e,3,5 pouces impression instantan\u00e9e Cam\u00e9ra num\u00e9rique vid\u00e9o pour 3-12 ans enfants (inclus 4 rouleaux papier et carte 32GB)<\/p>\n","protected":false},"featured_media":524,"comment_status":"open","ping_status":"closed","template":"","meta":[],"product_cat":[15],"product_tag":[],"class_list":{"0":"post-525","1":"product","2":"type-product","3":"status-publish","4":"has-post-thumbnail","6":"product_cat-sin-categorizar","7":"nodate","8":"item-wrap","10":"first","11":"instock","12":"shipping-taxable","13":"product-type-external"},"_links":{"self":[{"href":"https:\/\/lofimusic.com.es\/index.php\/wp-json\/wp\/v2\/product\/525","targetHints":{"allow":["GET"]}}],"collection":[{"href":"https:\/\/lofimusic.com.es\/index.php\/wp-json\/wp\/v2\/product"}],"about":[{"href":"https:\/\/lofimusic.com.es\/index.php\/wp-json\/wp\/v2\/types\/product"}],"replies":[{"embeddable":true,"href":"https:\/\/lofimusic.com.es\/index.php\/wp-json\/wp\/v2\/comments?post=525"}],"wp:featuredmedia":[{"embeddable":true,"href":"https:\/\/lofimusic.com.es\/index.php\/wp-json\/wp\/v2\/media\/524"}],"wp:attachment":[{"href":"https:\/\/lofimusic.com.es\/index.php\/wp-json\/wp\/v2\/media?parent=525"}],"wp:term":[{"taxonomy":"product_cat","embeddable":true,"href":"https:\/\/lofimusic.com.es\/index.php\/wp-json\/wp\/v2\/product_cat?post=525"},{"taxonomy":"product_tag","embeddable":true,"href":"https:\/\/lofimusic.com.es\/index.php\/wp-json\/wp\/v2\/product_tag?post=525"}],"curies":[{"name":"wp","href":"https:\/\/api.w.org\/{rel}","templated":true}]}}