{"id":519,"date":"2024-09-13T20:13:04","date_gmt":"2024-09-13T20:13:04","guid":{"rendered":"https:\/\/lofimusic.com.es\/index.php\/producto\/b0cl9b94xh_fr\/"},"modified":"2024-09-13T20:13:04","modified_gmt":"2024-09-13T20:13:04","slug":"b0cl9b94xh_fr","status":"publish","type":"product","link":"https:\/\/lofimusic.com.es\/index.php\/producto\/b0cl9b94xh_fr\/","title":{"rendered":"B0CL9B94XH_FR"},"content":{"rendered":"<p>&#8211; \u3010Modes personnalisables pour un dressage adapt\u00e9 \u3011 Ce collier anti aboiement chien propose 7 modes de correction, comprenant son, vibration, choc et combinaisons, permettant un dressage progressif. Gr\u00e2ce aux 5 niveaux de sensibilit\u00e9 r\u00e9glables, vous pouvez adapter l&#8217;intensit\u00e9 en fonction du comportement de votre chien. Cette personnalisation garantit une approche douce et efficace, aidant votre chien \u00e0 corriger ses habitudes sans risque de blessure.<br \/>\n&#8211; \u3010S\u00e9curit\u00e9 optimale pour votre animal \u3011 Ce collier anti aboiement est fabriqu\u00e9 \u00e0 partir de nylon doux et soyeux, assurant un confort maximal pour votre chien tout en prot\u00e9geant sa peau d\u00e9licate. La mati\u00e8re est non irritante et r\u00e9sistante, id\u00e9ale pour un port prolong\u00e9. De plus, le collier int\u00e8gre une fonction de protection contre les chocs accidentels, garantissant que votre chien est toujours en s\u00e9curit\u00e9, m\u00eame lors des s\u00e9ances de dressage intensives.<br \/>\n&#8211; \u3010Technologie de d\u00e9tection intelligente \u3011 \u00c9quip\u00e9 d&#8217;une puce intelligente avanc\u00e9e, ce collier anti aboiement pour petit chien d\u00e9tecte pr\u00e9cis\u00e9ment les aboiements en reconnaissant les vibrations des cordes vocales de votre chien. Cette technologie permet de filtrer efficacement les bruits de fond, r\u00e9duisant ainsi les risques de faux d\u00e9clenchements. Sans besoin de t\u00e9l\u00e9commande, il s&#8217;active automatiquement, offrant une solution pratique et fiable pour contr\u00f4ler les aboiements.<br \/>\n&#8211; \u3010Recharge rapide et autonomie longue dur\u00e9e \u3011Le collier anti aboiement chien dispose d&#8217;un syst\u00e8me de chargement magn\u00e9tique qui permet une recharge compl\u00e8te en seulement 2 heures. Une fois charg\u00e9, il offre une autonomie pouvant aller jusqu&#8217;\u00e0 14 jours, id\u00e9al pour une utilisation prolong\u00e9e. Dot\u00e9 d&#8217;une protection contre les surtensions, ce collier garantit une s\u00e9curit\u00e9 optimale pendant le chargement et une longue dur\u00e9e de vie.<br \/>\n&#8211; \u3010Conception \u00e9tanche IP67 pour toutes conditions \u3011Avec sa certification IP67, ce collier anti aboiement est con\u00e7u pour r\u00e9sister \u00e0 toutes les conditions m\u00e9t\u00e9orologiques, qu&#8217;il pleuve, qu&#8217;il neige ou que votre chien s&#8217;amuse dans des flaques d&#8217;eau. Cette \u00e9tanch\u00e9it\u00e9 assure que le collier reste fonctionnel et efficace, m\u00eame lors des activit\u00e9s ext\u00e9rieures les plus exigeantes.<br \/>\n&#8211; \u3010Convient \u00e0 tous les chiens, de petite \u00e0 grande taille \u3011 Ce collier anti aboiement pour petit chien s\u2019adapte parfaitement aux chiens de toutes tailles, gr\u00e2ce \u00e0 son design en nylon r\u00e9glable qui convient aux chiens \u00e2g\u00e9s de 6 mois et plus, avec une circonf\u00e9rence de cou de 30 \u00e0 65 cm. Assurez-vous de laisser un espace de deux doigts entre le collier et le cou pour un ajustement confortable et s\u00e9curis\u00e9, garantissant une protection optimale de la peau.<\/p>\n","protected":false},"excerpt":{"rendered":"<p>publicit\u00e9<br \/>\nCollier Anti Aboiement Chien Rechargeable,7 Modes Son\/Vibration\/Choc\/Combin\u00e9,\u00c9tanche IP67,5 Sensibilit\u00e9s,D\u00e9tection D\u2019aboiement Intelligent R\u00e9glable pour Petit\/Moyen\/Gros Chien<\/p>\n","protected":false},"featured_media":518,"comment_status":"open","ping_status":"closed","template":"","meta":[],"product_cat":[15],"product_tag":[],"class_list":{"0":"post-519","1":"product","2":"type-product","3":"status-publish","4":"has-post-thumbnail","6":"product_cat-sin-categorizar","7":"nodate","8":"item-wrap","10":"first","11":"instock","12":"shipping-taxable","13":"product-type-external"},"_links":{"self":[{"href":"https:\/\/lofimusic.com.es\/index.php\/wp-json\/wp\/v2\/product\/519","targetHints":{"allow":["GET"]}}],"collection":[{"href":"https:\/\/lofimusic.com.es\/index.php\/wp-json\/wp\/v2\/product"}],"about":[{"href":"https:\/\/lofimusic.com.es\/index.php\/wp-json\/wp\/v2\/types\/product"}],"replies":[{"embeddable":true,"href":"https:\/\/lofimusic.com.es\/index.php\/wp-json\/wp\/v2\/comments?post=519"}],"wp:featuredmedia":[{"embeddable":true,"href":"https:\/\/lofimusic.com.es\/index.php\/wp-json\/wp\/v2\/media\/518"}],"wp:attachment":[{"href":"https:\/\/lofimusic.com.es\/index.php\/wp-json\/wp\/v2\/media?parent=519"}],"wp:term":[{"taxonomy":"product_cat","embeddable":true,"href":"https:\/\/lofimusic.com.es\/index.php\/wp-json\/wp\/v2\/product_cat?post=519"},{"taxonomy":"product_tag","embeddable":true,"href":"https:\/\/lofimusic.com.es\/index.php\/wp-json\/wp\/v2\/product_tag?post=519"}],"curies":[{"name":"wp","href":"https:\/\/api.w.org\/{rel}","templated":true}]}}