{"id":514,"date":"2024-09-13T20:09:05","date_gmt":"2024-09-13T20:09:05","guid":{"rendered":"https:\/\/lofimusic.com.es\/index.php\/producto\/b0d9yddysc_fr\/"},"modified":"2024-09-13T20:09:05","modified_gmt":"2024-09-13T20:09:05","slug":"b0d9yddysc_fr","status":"publish","type":"product","link":"https:\/\/lofimusic.com.es\/index.php\/producto\/b0d9yddysc_fr\/","title":{"rendered":"B0D9YDDYSC_FR"},"content":{"rendered":"<p>&#8211; Silence + veilleuse\uff1a Le pi\u00e8ge \u00e0 insectes volants enfichable ne fait pas de bruit pendant l&#8217;utilisation, ce qui le rend id\u00e9al pour une utilisation dans les maisons avec des enfants et des animaux de compagnie. En outre, cette lampe \u00e0 moustique a une lumi\u00e8re douce et peut \u00eatre utilis\u00e9e comme une lumi\u00e8re de nuit tout en repoussant les moustiques<br \/>\n&#8211; Aucun dommage pour l&#8217;homme et les animaux de compagnie : fabriqu\u00e9 en mat\u00e9riau de haute qualit\u00e9. D\u00e9barrassez-vous des moustiques rapidement sans poison ni spray collant et d\u00e9sordonn\u00e9. Utilisez une m\u00e9thode naturelle pour se d\u00e9barrasser des mouches. Id\u00e9al pour les endroits o\u00f9 les pesticides ne peuvent pas \u00eatre pulv\u00e9ris\u00e9s, comme les cuisines et les h\u00f4pitaux. Compl\u00e8tement inoffensif pour les pi\u00e8ges<br \/>\n&#8211; Couverture am\u00e9lior\u00e9e avec plusieurs packs : la lampe anti-moustique est livr\u00e9e en lot de 4, offrant des options \u00e9tendues de couverture dans diverses zones. Avec son design \u00e9l\u00e9gant, ce pi\u00e8ge \u00e0 mouches convient simultan\u00e9ment \u00e0 de nombreux espaces, notamment la cuisine, le salon, la salle de bain, la chambre, l&#8217;entrep\u00f4t et le sous-sol. De plus, le tueur de mouches \u00e9lectrique est facilement rempla\u00e7able et offre une protection compl\u00e8te pour vous et votre famille.<br \/>\n&#8211; Facile \u00e0 Utiliser : Connectez simplement la lampe anti moustique interieur insectaway \u00e0 une source d&#8217;alimentation pour tuer les moustiques. Il est recommand\u00e9 de l&#8217;utiliser dans des conditions de lumi\u00e8re sombre pour obtenir de meilleurs r\u00e9sultats.<br \/>\n&#8211; Exceptionnellement puissant et efficace : ces pi\u00e8ges \u00e0 mouches des fruits en int\u00e9rieur utilisent un ultra-l\u00e9ger tr\u00e8s efficace pour attirer les moustiques, les mouches des fruits et autres parasites, puis les zapper et les \u00e9lectrocuter avec les grilles de tension \u00e9lectrique du tueur de mouches UV, assurant ainsi un environnement serein et paisible pour toi et ta famille.<\/p>\n","protected":false},"excerpt":{"rendered":"<p>publicit\u00e9<br \/>\nMoustique Attrape Mouche pour int\u00e9rieur,Professionnel Anti Mouche Electrique,Sans Insecticides,UV Pi\u00e8ge Les Petits Moustiques et Autres Insectes Volants Pr\u00e8s<\/p>\n","protected":false},"featured_media":512,"comment_status":"open","ping_status":"closed","template":"","meta":[],"product_cat":[15],"product_tag":[],"class_list":{"0":"post-514","1":"product","2":"type-product","3":"status-publish","4":"has-post-thumbnail","6":"product_cat-sin-categorizar","7":"nodate","8":"item-wrap","10":"first","11":"instock","12":"shipping-taxable","13":"product-type-external"},"_links":{"self":[{"href":"https:\/\/lofimusic.com.es\/index.php\/wp-json\/wp\/v2\/product\/514","targetHints":{"allow":["GET"]}}],"collection":[{"href":"https:\/\/lofimusic.com.es\/index.php\/wp-json\/wp\/v2\/product"}],"about":[{"href":"https:\/\/lofimusic.com.es\/index.php\/wp-json\/wp\/v2\/types\/product"}],"replies":[{"embeddable":true,"href":"https:\/\/lofimusic.com.es\/index.php\/wp-json\/wp\/v2\/comments?post=514"}],"wp:featuredmedia":[{"embeddable":true,"href":"https:\/\/lofimusic.com.es\/index.php\/wp-json\/wp\/v2\/media\/512"}],"wp:attachment":[{"href":"https:\/\/lofimusic.com.es\/index.php\/wp-json\/wp\/v2\/media?parent=514"}],"wp:term":[{"taxonomy":"product_cat","embeddable":true,"href":"https:\/\/lofimusic.com.es\/index.php\/wp-json\/wp\/v2\/product_cat?post=514"},{"taxonomy":"product_tag","embeddable":true,"href":"https:\/\/lofimusic.com.es\/index.php\/wp-json\/wp\/v2\/product_tag?post=514"}],"curies":[{"name":"wp","href":"https:\/\/api.w.org\/{rel}","templated":true}]}}