{"id":507,"date":"2024-09-13T20:05:04","date_gmt":"2024-09-13T20:05:04","guid":{"rendered":"https:\/\/lofimusic.com.es\/index.php\/producto\/b0d3pq4ff8_fr\/"},"modified":"2024-09-13T20:05:04","modified_gmt":"2024-09-13T20:05:04","slug":"b0d3pq4ff8_fr","status":"publish","type":"product","link":"https:\/\/lofimusic.com.es\/index.php\/producto\/b0d3pq4ff8_fr\/","title":{"rendered":"B0D3PQ4FF8_FR"},"content":{"rendered":"<p>&#8211; \u3010Multifonctionnel\u3011: R\u00e9pulsif solaire ultrasonique pour chats adopte le principe de d\u00e9tection infrarouge et \u00e9met des ondes ultrasoniques pour chasser les animaux et les petits oiseaux tout en d\u00e9tectant de petits animaux. Cela peut vous aider \u00e0 rester \u00e0 l&#8217;\u00e9cart du harc\u00e8lement des chats errants, hamsters, lapins, cerfs et autres animaux errants, et prot\u00e9ger votre jardin et votre propri\u00e9t\u00e9. \u2714Remarque : le produit doit \u00eatre tenu hors de port\u00e9e des enfants et des animaux domestiques.<br \/>\n&#8211; \u3010Large couverture\u3011Capteur de mouvement infrarouge PIR avec un angle allant jusqu&#8217;\u00e0 110 degr\u00e9s et une plage de d\u00e9tection jusqu&#8217;\u00e0 10 m\u00e8tres\/33 pieds. Lorsqu&#8217;un animal en mouvement est d\u00e9tect\u00e9, le r\u00e9pulsif pour chat est activ\u00e9 et \u00e9met un son \u00e0 haute fr\u00e9quence qui est irritant pour les petits animaux.<br \/>\n&#8211; \u3010Design solaire et imperm\u00e9able et garantie de qualit\u00e9\u3011: R\u00e9pulsif \u00e0 ultrasons pour animaux pour jardin est \u00e9quip\u00e9 d&#8217;un panneau solaire, qui peut \u00eatre charg\u00e9 avec l&#8217;\u00e9nergie solaire ou l&#8217;\u00e9nergie USB (y compris le c\u00e2ble de charge USB) sous le soleil. Le design \u00e9tanche vous permet de continuer \u00e0 fonctionner dans toutes les conditions m\u00e9t\u00e9orologiques. Si vous avez des questions sur la qualit\u00e9 de nos produits, n&#8217;h\u00e9sitez pas \u00e0 nous contacter.<br \/>\n&#8211; \u3010Upgrade\u3011Le son, la sensibilit\u00e9 et la fr\u00e9quence du r\u00e9pulsif de renard peuvent \u00eatre ajust\u00e9s selon les instructions pour augmenter la port\u00e9e de protection et \u00e9loigner les chats et autres parasites (chiens, renards, \u00e9cureuils, etc.)<br \/>\n&#8211; \u3010 Deux modes d&#8217;alimentation \u3011 Ultrasonic Animal Repeller prend en charge l&#8217;alimentation solaire et la charge USB (comprend 3 piles AA et c\u00e2ble de donn\u00e9es USB). Veuillez charger compl\u00e8tement la batterie avant la premi\u00e8re utilisation pour prolonger la dur\u00e9e de vie de la batterie.<\/p>\n","protected":false},"excerpt":{"rendered":"<p>publicit\u00e9<br \/>\nHONGXIAN R\u00e9pulsif Automatique pour Chats et Chiens,R\u00e9pulsif \u00e0 ultrasons pour Les Pigeons,R\u00e9pulsif pour Chats,Ultrason Sonore avec LED Lampe,R\u00e9pulsif Solaire \u00e0 ultrasons pour Chats avec capteurs<\/p>\n","protected":false},"featured_media":506,"comment_status":"open","ping_status":"closed","template":"","meta":[],"product_cat":[15],"product_tag":[],"class_list":{"0":"post-507","1":"product","2":"type-product","3":"status-publish","4":"has-post-thumbnail","6":"product_cat-sin-categorizar","7":"nodate","8":"item-wrap","10":"first","11":"instock","12":"shipping-taxable","13":"product-type-external"},"_links":{"self":[{"href":"https:\/\/lofimusic.com.es\/index.php\/wp-json\/wp\/v2\/product\/507","targetHints":{"allow":["GET"]}}],"collection":[{"href":"https:\/\/lofimusic.com.es\/index.php\/wp-json\/wp\/v2\/product"}],"about":[{"href":"https:\/\/lofimusic.com.es\/index.php\/wp-json\/wp\/v2\/types\/product"}],"replies":[{"embeddable":true,"href":"https:\/\/lofimusic.com.es\/index.php\/wp-json\/wp\/v2\/comments?post=507"}],"wp:featuredmedia":[{"embeddable":true,"href":"https:\/\/lofimusic.com.es\/index.php\/wp-json\/wp\/v2\/media\/506"}],"wp:attachment":[{"href":"https:\/\/lofimusic.com.es\/index.php\/wp-json\/wp\/v2\/media?parent=507"}],"wp:term":[{"taxonomy":"product_cat","embeddable":true,"href":"https:\/\/lofimusic.com.es\/index.php\/wp-json\/wp\/v2\/product_cat?post=507"},{"taxonomy":"product_tag","embeddable":true,"href":"https:\/\/lofimusic.com.es\/index.php\/wp-json\/wp\/v2\/product_tag?post=507"}],"curies":[{"name":"wp","href":"https:\/\/api.w.org\/{rel}","templated":true}]}}