{"id":505,"date":"2024-09-13T20:04:04","date_gmt":"2024-09-13T20:04:04","guid":{"rendered":"https:\/\/lofimusic.com.es\/index.php\/producto\/b0d2py6f7z_de\/"},"modified":"2024-09-13T20:04:04","modified_gmt":"2024-09-13T20:04:04","slug":"b0d2py6f7z_de","status":"publish","type":"product","link":"https:\/\/lofimusic.com.es\/index.php\/producto\/b0d2py6f7z_de\/","title":{"rendered":"B0D2PY6F7Z_DE"},"content":{"rendered":"<p>&#8211; [Kompatibel f\u00fcr Samsung Galaxy M15 5G] &#8211; Perfekt f\u00fcr die smartphone Samsung Galaxy M15 5G.<br \/>\n&#8211; [Material:Premium Leder PU,Weiches TPU und Geh\u00e4rtetes Glas] &#8211; Das \u00c4u\u00dfere des Geh\u00e4uses besteht aus PU-Leder,es f\u00fchlt sich sehr angenehm an.Und der Har im Inneren besteht aus weichem TPU.Die Displayschutzfolie besteht aus geh\u00e4rtetes glas und kann verhindern,dass der Bildschirm Ihres Telefons besch\u00e4digt wird,wenn er pl\u00f6tzlich herunterf\u00e4llt.<br \/>\n&#8211; [Voller Zugriff auf Lautst\u00e4rke und Ladeloch] &#8211; Wir haben die Lade- und Lautst\u00e4rkel\u00f6cher ge\u00f6ffnet,damit Sie Musik aufladen oder h\u00f6ren k\u00f6nnen,ohne das Telefon aus der H\u00fclle nehmen zu m\u00fcssen.<br \/>\n&#8211; [Magnet- und St\u00e4nderfunktion] &#8211; Die Brieftaschenh\u00fclle kann durch einen Magnetverschluss geschlossen werden.Sie kann auch als St\u00e4nder verwendet werden und ist sehr praktisch,um Moive oder Videos anzusehen.<br \/>\n&#8211; [Der Verk\u00e4ufer hat versprochen] &#8211; Dieser Artikel kann 3 Monate lang verwendet werden.Wenn es innerhalb dieser Frist bricht,k\u00f6nnen Sie uns jederzeit kontaktieren,wir werden die Zahlung zur\u00fcckerstatten oder neue kostenlos rechtzeitig ersetzen.Auch wenn Sie Fragen zu dem Artikel oder unserem Gesch\u00e4ft haben,k\u00f6nnen Sie sich gerne an uns wenden.Wir werden Ihnen so schnell wie m\u00f6glich antworten.<\/p>\n","protected":false},"excerpt":{"rendered":"<p>Werbung<br \/>\njrester H\u00fclle f\u00fcr Samsung Galaxy M15 5G, PU Leder Flip Brieftasche Handyh\u00fclle Schutzh\u00fclle mit EIN Geh\u00e4rtetes Glas Schutzfolie Displayschutzfolie f\u00fcr Samsung Galaxy M15 5G &#8211; Blau<\/p>\n","protected":false},"featured_media":504,"comment_status":"open","ping_status":"closed","template":"","meta":[],"product_cat":[15],"product_tag":[],"class_list":{"0":"post-505","1":"product","2":"type-product","3":"status-publish","4":"has-post-thumbnail","6":"product_cat-sin-categorizar","7":"nodate","8":"item-wrap","10":"first","11":"instock","12":"shipping-taxable","13":"product-type-external"},"_links":{"self":[{"href":"https:\/\/lofimusic.com.es\/index.php\/wp-json\/wp\/v2\/product\/505","targetHints":{"allow":["GET"]}}],"collection":[{"href":"https:\/\/lofimusic.com.es\/index.php\/wp-json\/wp\/v2\/product"}],"about":[{"href":"https:\/\/lofimusic.com.es\/index.php\/wp-json\/wp\/v2\/types\/product"}],"replies":[{"embeddable":true,"href":"https:\/\/lofimusic.com.es\/index.php\/wp-json\/wp\/v2\/comments?post=505"}],"wp:featuredmedia":[{"embeddable":true,"href":"https:\/\/lofimusic.com.es\/index.php\/wp-json\/wp\/v2\/media\/504"}],"wp:attachment":[{"href":"https:\/\/lofimusic.com.es\/index.php\/wp-json\/wp\/v2\/media?parent=505"}],"wp:term":[{"taxonomy":"product_cat","embeddable":true,"href":"https:\/\/lofimusic.com.es\/index.php\/wp-json\/wp\/v2\/product_cat?post=505"},{"taxonomy":"product_tag","embeddable":true,"href":"https:\/\/lofimusic.com.es\/index.php\/wp-json\/wp\/v2\/product_tag?post=505"}],"curies":[{"name":"wp","href":"https:\/\/api.w.org\/{rel}","templated":true}]}}