{"id":503,"date":"2024-09-13T20:03:04","date_gmt":"2024-09-13T20:03:04","guid":{"rendered":"https:\/\/lofimusic.com.es\/index.php\/producto\/b09py2ghvr_it\/"},"modified":"2024-09-13T20:03:04","modified_gmt":"2024-09-13T20:03:04","slug":"b09py2ghvr_it","status":"publish","type":"product","link":"https:\/\/lofimusic.com.es\/index.php\/producto\/b09py2ghvr_it\/","title":{"rendered":"B09PY2GHVR_IT"},"content":{"rendered":"<p>&#8211; \ud83c\udf77-Conservazione di 10 giorni: il tappo per vino riutilizzabile \u00e8 realizzato in gel di silice sigillante ad alte prestazioni ed \u00e8 dotato di una pompa d&#8217;aria per vino rosso per rimuovere l&#8217;aria dalla bottiglia di vino, in modo che il vino rosso possa essere mantenuto fresco fino a 10 giorni sotto vuoto (pu\u00f2 essere utilizzato per il vino spumante, ma la freschezza non \u00e8 garantita). Quando si conserva lo spumante, non \u00e8 necessario pompare fuori l&#8217;aria, basta premere il tappo sulla bottiglia).<br \/>\n&#8211; \ud83c\udf77-Set di 11 tappi di sughero per vino: un set multifunzionale composto da 10 tappi di sughero per vino e 1 pompa d&#8217;aria, utilizzabile come accessorio per vino in famiglia, al bar o al ristorante.<br \/>\n&#8211; \ud83c\udf77-Facile da usare: premere e ruotare il tagliacapsule per effettuare un taglio netto attraverso la pellicola sul tappo della bottiglia. La pompa a vuoto viene fornita con 10 tappi per bottiglie di vino in silicone riutilizzabili. Questo set di tappi per bottiglie di vino pu\u00f2 soddisfare le esigenze di molte persone.<br \/>\n&#8211; \ud83c\udf77-Regalo perfetto: questo set di tappi per vino \u00e8 un regalo ideale per Natale, festa del pap\u00e0, compleanno, inaugurazione della casa, matrimonio, anniversario o festa in giardino. \u00c8 anche un accessorio perfetto per gli amanti del vino e gli intenditori di vino come regalo.<\/p>\n","protected":false},"excerpt":{"rendered":"<p>pubblicit\u00e0<br \/>\nBANJILI-Pompa Salvavino, Inclusi 10 Tappo per Vino Riutilizzabile, 1 Pompa a Vuoto per Vino, Kit di Tappi per Vino Sottovuoto (1+10)<\/p>\n","protected":false},"featured_media":502,"comment_status":"open","ping_status":"closed","template":"","meta":[],"product_cat":[15],"product_tag":[],"class_list":{"0":"post-503","1":"product","2":"type-product","3":"status-publish","4":"has-post-thumbnail","6":"product_cat-sin-categorizar","7":"nodate","8":"item-wrap","10":"first","11":"instock","12":"shipping-taxable","13":"product-type-external"},"_links":{"self":[{"href":"https:\/\/lofimusic.com.es\/index.php\/wp-json\/wp\/v2\/product\/503","targetHints":{"allow":["GET"]}}],"collection":[{"href":"https:\/\/lofimusic.com.es\/index.php\/wp-json\/wp\/v2\/product"}],"about":[{"href":"https:\/\/lofimusic.com.es\/index.php\/wp-json\/wp\/v2\/types\/product"}],"replies":[{"embeddable":true,"href":"https:\/\/lofimusic.com.es\/index.php\/wp-json\/wp\/v2\/comments?post=503"}],"wp:featuredmedia":[{"embeddable":true,"href":"https:\/\/lofimusic.com.es\/index.php\/wp-json\/wp\/v2\/media\/502"}],"wp:attachment":[{"href":"https:\/\/lofimusic.com.es\/index.php\/wp-json\/wp\/v2\/media?parent=503"}],"wp:term":[{"taxonomy":"product_cat","embeddable":true,"href":"https:\/\/lofimusic.com.es\/index.php\/wp-json\/wp\/v2\/product_cat?post=503"},{"taxonomy":"product_tag","embeddable":true,"href":"https:\/\/lofimusic.com.es\/index.php\/wp-json\/wp\/v2\/product_tag?post=503"}],"curies":[{"name":"wp","href":"https:\/\/api.w.org\/{rel}","templated":true}]}}