{"id":501,"date":"2024-09-13T20:01:03","date_gmt":"2024-09-13T20:01:03","guid":{"rendered":"https:\/\/lofimusic.com.es\/index.php\/producto\/b0cs6h9ghj_fr\/"},"modified":"2024-09-13T20:01:03","modified_gmt":"2024-09-13T20:01:03","slug":"b0cs6h9ghj_fr","status":"publish","type":"product","link":"https:\/\/lofimusic.com.es\/index.php\/producto\/b0cs6h9ghj_fr\/","title":{"rendered":"B0CS6H9GHJ_FR"},"content":{"rendered":"<p>&#8211; \u30103 modes et fonction de chauffage\u3011 Le masseur de cellulite dispose de 3 modes de fonctionnement (D-Lines : r\u00e9duction des vergetures; B-Fat : br\u00fbler les graisses; L-Skin : raffermissement de la peau) ; Dans le m\u00eame temps, ces 3 modes disposent \u00e9galement d&#8217;une fonction de chauffage et de 10 niveaux d&#8217;intensit\u00e9, vous offrant une exp\u00e9rience de fonctionnement confortable et pratique.<br \/>\n&#8211; \u3010Fonctionnement sans fil\u3011 Cette nouvelle version am\u00e9lior\u00e9e du masseurs \u00e9lectriques sans fil dispose d&#8217;une batterie rechargeable int\u00e9gr\u00e9e. Compar\u00e9 au masseur corporel filaire traditionnel, il \u00e9limine les fils g\u00eanants et vous permet de l&#8217;utiliser \u00e0 la maison ou au bureau \u00e0 tout moment et en tout lieu. (Remarque : avant utilisation, assurez-vous que l&#8217;appareil dispose d&#8217;une alimentation suffisante, puis d\u00e9branchez le c\u00e2ble de chargement, sinon l&#8217;appareil ne pourra pas s&#8217;allumer correctement)<br \/>\n&#8211; \u3010Utilisation sur tout le corps\u3011ce masseur anti cellulite convient \u00e0 la plupart des parties du corps, y compris le ventre, la taille, les fesses, les bras, les jambes et le dos. (Remarque : ne pas utiliser sur le visage.) Il est recommand\u00e9 d&#8217;en utiliser 2 \u00e0 3. fois par semaine, 15 minutes par fois (Remarque : si vous souhaitez continuer \u00e0 fonctionner, vous devez rallumer l&#8217;appareil.), en utilisation continue pendant 6 \u00e0 8 semaines, vous pouvez voir des r\u00e9sultats \u00e9vidents.<br \/>\n&#8211; \u3010Cadeau exquis\u3011 Notre massage anti cellulite electrique contre la cellulite est un appareil tout-en-un pour sculpter le corps, amincir et raffermir la peau. Vous pouvez cr\u00e9er une belle silhouette \u00e0 la maison sans d\u00e9penser beaucoup d&#8217;argent dans les salons de beaut\u00e9. C&#8217;est le meilleur cadeau pour les m\u00e8res post-partum, les personnes ob\u00e8ses et les amateurs de beaut\u00e9 pour retrouver et maintenir une silhouette parfaite.<br \/>\n&#8211; \u3010Conseils d&#8217;utilisation\u3011Si vous voulez obtenir de meilleurs r\u00e9sultats, utilisez ce depsoul masseur anti cellulite en parall\u00e8le d&#8217;un r\u00e9gime alimentaire sain et d&#8217;une activit\u00e9 physique mod\u00e9r\u00e9e.<\/p>\n","protected":false},"excerpt":{"rendered":"<p>publicit\u00e9<br \/>\nDepsoul Massage Anti Cellulite Electrique, 3 en 1 Masseurs Electriques pour Taille, Ventre, Fesses, Bras, Jambes et Dos (Chargement USB)<\/p>\n","protected":false},"featured_media":500,"comment_status":"open","ping_status":"closed","template":"","meta":[],"product_cat":[15],"product_tag":[],"class_list":{"0":"post-501","1":"product","2":"type-product","3":"status-publish","4":"has-post-thumbnail","6":"product_cat-sin-categorizar","7":"nodate","8":"item-wrap","10":"first","11":"instock","12":"shipping-taxable","13":"product-type-external"},"_links":{"self":[{"href":"https:\/\/lofimusic.com.es\/index.php\/wp-json\/wp\/v2\/product\/501","targetHints":{"allow":["GET"]}}],"collection":[{"href":"https:\/\/lofimusic.com.es\/index.php\/wp-json\/wp\/v2\/product"}],"about":[{"href":"https:\/\/lofimusic.com.es\/index.php\/wp-json\/wp\/v2\/types\/product"}],"replies":[{"embeddable":true,"href":"https:\/\/lofimusic.com.es\/index.php\/wp-json\/wp\/v2\/comments?post=501"}],"wp:featuredmedia":[{"embeddable":true,"href":"https:\/\/lofimusic.com.es\/index.php\/wp-json\/wp\/v2\/media\/500"}],"wp:attachment":[{"href":"https:\/\/lofimusic.com.es\/index.php\/wp-json\/wp\/v2\/media?parent=501"}],"wp:term":[{"taxonomy":"product_cat","embeddable":true,"href":"https:\/\/lofimusic.com.es\/index.php\/wp-json\/wp\/v2\/product_cat?post=501"},{"taxonomy":"product_tag","embeddable":true,"href":"https:\/\/lofimusic.com.es\/index.php\/wp-json\/wp\/v2\/product_tag?post=501"}],"curies":[{"name":"wp","href":"https:\/\/api.w.org\/{rel}","templated":true}]}}