{"id":499,"date":"2024-09-13T20:00:44","date_gmt":"2024-09-13T20:00:44","guid":{"rendered":"https:\/\/lofimusic.com.es\/index.php\/producto\/b0chrjkmk3_it-2\/"},"modified":"2024-09-13T20:00:44","modified_gmt":"2024-09-13T20:00:44","slug":"b0chrjkmk3_it-2","status":"publish","type":"product","link":"https:\/\/lofimusic.com.es\/index.php\/producto\/b0chrjkmk3_it-2\/","title":{"rendered":"B0CHRJKMK3_IT"},"content":{"rendered":"<p>&#8211; \u2714\ufe0f \u3010Buona scelta per il regalo per i bambini o gli anziani\u3011MsMga-23 \u00e8 un bel ed economico e piccolo telefono Android, touch screen IPS a 5,0 pollici, il miglior regalo per gli anziani e i bambini, pu\u00f2 anche essere utilizzato come telefono cellulare di ricambio.<br \/>\n&#8211; \u2714\ufe0f \u3010Prestazioni stabili e archiviazione espandibile\u3011I telefoni cellulari sbloccati sim free vengono eseguiti su un sistema operativo stabile Android 9.0, fornendo agli utenti download pi\u00f9 veloci, elaborazione pi\u00f9 rapida e ritardo minimo, che porta a un&#8217;esperienza utente fluida e fluida. Con 1 GB di RAM + 16 GB di memoria ROM (espandibile fino a 128 GB), puoi scaricare e archiviare pi\u00f9 app, video e foto. Insieme, queste funzionalit\u00e0 offrono agli utenti una maggiore comodit\u00e0, affidabilit\u00e0 e flessibilit\u00e0 nell&#8217;uso quotidiano del telefono.<br \/>\n&#8211; \u2714\ufe0f Doppia SIM, Doppia fotocamera Supporto MsMga-23 Dual SIM (2 * schede SIM Nano), fotocamera posteriore 5.0MP + fotocamera anteriore 5.0MP, Questa fotocamera innovativa \u00e8 adatta per la stessa luce sensibile dell&#8217;occhio umano, Le foto della nuova fotocamera scattate in condizioni di scarsa illuminazione e luce brillante sono pi\u00f9 nitide e pi\u00f9 realistiche.<br \/>\n&#8211; \u2714\ufe0f \u30103000 mAh Batteria efficiente\u3011Pu\u00f2 essere caricata completamente in 2 h-2,5 h e fornire fino a 2 giorni di tempo di standby e 1 giorno efficiente per l&#8217;uso quotidiano. Nota: Per prolungare la durata della batteria, il tempo di ricarica non deve superare le 4 ore ogni volta.<br \/>\n&#8211; \u2714\ufe0f \u3010Servizio post-vendita di alta qualit\u00e0 e telefono di base accessibile\u3011: Il telefono MsMga-23 pu\u00f2 ottenere password o pattern di sblocco veloce e sicuro in soli 0,5 secondi. Questo \u00e8 un telefono di base che tutti possono permettersi, ed \u00e8 anche un telefono di backup affidabile. Il nostro team si impegna a raggiungere la migliore esperienza utente e a garantire l&#8217;affidabilit\u00e0 e la convenienza dei telefoni cellulari nell&#8217;uso quotidiano. Se si incontrano problemi durante l&#8217;uso, non esitate a contattarci.<\/p>\n","protected":false},"excerpt":{"rendered":"<p>pubblicit\u00e0<br \/>\nSmartphone Offerta del Giorno, 5.0 inch IPS Display, 16GB ROM (128GB Espandibili), Android 9.0 OS, Dual SIM Economici Telefoni Mobile \uff0c3G Cute Cellulari (Purple)<\/p>\n","protected":false},"featured_media":498,"comment_status":"open","ping_status":"closed","template":"","meta":[],"product_cat":[15],"product_tag":[],"class_list":{"0":"post-499","1":"product","2":"type-product","3":"status-publish","4":"has-post-thumbnail","6":"product_cat-sin-categorizar","7":"nodate","8":"item-wrap","10":"first","11":"instock","12":"shipping-taxable","13":"product-type-external"},"_links":{"self":[{"href":"https:\/\/lofimusic.com.es\/index.php\/wp-json\/wp\/v2\/product\/499","targetHints":{"allow":["GET"]}}],"collection":[{"href":"https:\/\/lofimusic.com.es\/index.php\/wp-json\/wp\/v2\/product"}],"about":[{"href":"https:\/\/lofimusic.com.es\/index.php\/wp-json\/wp\/v2\/types\/product"}],"replies":[{"embeddable":true,"href":"https:\/\/lofimusic.com.es\/index.php\/wp-json\/wp\/v2\/comments?post=499"}],"wp:featuredmedia":[{"embeddable":true,"href":"https:\/\/lofimusic.com.es\/index.php\/wp-json\/wp\/v2\/media\/498"}],"wp:attachment":[{"href":"https:\/\/lofimusic.com.es\/index.php\/wp-json\/wp\/v2\/media?parent=499"}],"wp:term":[{"taxonomy":"product_cat","embeddable":true,"href":"https:\/\/lofimusic.com.es\/index.php\/wp-json\/wp\/v2\/product_cat?post=499"},{"taxonomy":"product_tag","embeddable":true,"href":"https:\/\/lofimusic.com.es\/index.php\/wp-json\/wp\/v2\/product_tag?post=499"}],"curies":[{"name":"wp","href":"https:\/\/api.w.org\/{rel}","templated":true}]}}