{"id":497,"date":"2024-09-13T19:59:04","date_gmt":"2024-09-13T19:59:04","guid":{"rendered":"https:\/\/lofimusic.com.es\/index.php\/producto\/b0d1xv58jj_de\/"},"modified":"2024-09-13T19:59:04","modified_gmt":"2024-09-13T19:59:04","slug":"b0d1xv58jj_de","status":"publish","type":"product","link":"https:\/\/lofimusic.com.es\/index.php\/producto\/b0d1xv58jj_de\/","title":{"rendered":"B0D1XV58JJ_DE"},"content":{"rendered":"<p>&#8211; [Kompatibel f\u00fcr Samsung Galaxy A55 5G] &#8211; Perfekt f\u00fcr die smartphone Samsung Galaxy A55 5G.<br \/>\n&#8211; [Material: Weiches TPU und geh\u00e4rtetes Glas] &#8211; Das Geh\u00e4use h\u00fclle f\u00fcr Samsung Galaxy A55 5G besteht aus weichem TPU.Dieses Material \u00e4hnelt Silikon,ist sehr haltbar und umweltfreundlich.Die Displayschutzfolie besteht aus geh\u00e4rtetem Glas und kann verhindern,dass der Bildschirm Ihres Telefons besch\u00e4digt wird,wenn er pl\u00f6tzlich herunterf\u00e4llt.<br \/>\n&#8211; [Voller Zugriff auf Lautst\u00e4rke und Ladeloch] &#8211; Wir haben die Lade- und Lautst\u00e4rkel\u00f6cher ge\u00f6ffnet,damit Sie Musik aufladen oder h\u00f6ren k\u00f6nnen,ohne das Telefon aus der H\u00fclle nehmen zu m\u00fcssen h\u00fclle f\u00fcr.<br \/>\n&#8211; [Hohe Empfindlichkeit und Aufl\u00f6sung] &#8211; Der ultrad\u00fcnne Displayschutz f\u00fcr Samsung Galaxy A55 5G ist sehr ber\u00fchrungsempfindlich,der Film ist bei 99% HD klar,bietet einen klaren visuellen Effekt und h\u00e4lt die Bilder hell und farbenfroh,wie ohne Displayschutzfolie auf dem Bildschirm.<br \/>\n&#8211; [Der Verk\u00e4ufer hat versprochen] &#8211; Dieser h\u00fclle und displayschutzfolie f\u00fcr Samsung Galaxy A55 5G kann 3 Monate lang verwendet werden.Wenn es innerhalb dieser Frist bricht,k\u00f6nnen Sie uns jederzeit kontaktieren,wir werden die Zahlung zur\u00fcckerstatten oder neue kostenlos rechtzeitig ersetzen.Auch wenn Sie Fragen zu dem Artikel oder unserem Gesch\u00e4ft haben,k\u00f6nnen Sie sich gerne an uns wenden.Wir werden Ihnen so schnell wie m\u00f6glich antworten.<\/p>\n","protected":false},"excerpt":{"rendered":"<p>Werbung<br \/>\ncrisant Klar Glitzer H\u00fclle kompatibel mit Samsung Galaxy A55 5G, Transparent Weich TPU Handyh\u00fclle mit 3 St\u00fcck Geh\u00e4rtetes Glas Schutzfolie Displayschutzfolie f\u00fcr Samsung Galaxy A55 5G<\/p>\n","protected":false},"featured_media":496,"comment_status":"open","ping_status":"closed","template":"","meta":[],"product_cat":[15],"product_tag":[],"class_list":{"0":"post-497","1":"product","2":"type-product","3":"status-publish","4":"has-post-thumbnail","6":"product_cat-sin-categorizar","7":"nodate","8":"item-wrap","10":"first","11":"instock","12":"shipping-taxable","13":"product-type-external"},"_links":{"self":[{"href":"https:\/\/lofimusic.com.es\/index.php\/wp-json\/wp\/v2\/product\/497","targetHints":{"allow":["GET"]}}],"collection":[{"href":"https:\/\/lofimusic.com.es\/index.php\/wp-json\/wp\/v2\/product"}],"about":[{"href":"https:\/\/lofimusic.com.es\/index.php\/wp-json\/wp\/v2\/types\/product"}],"replies":[{"embeddable":true,"href":"https:\/\/lofimusic.com.es\/index.php\/wp-json\/wp\/v2\/comments?post=497"}],"wp:featuredmedia":[{"embeddable":true,"href":"https:\/\/lofimusic.com.es\/index.php\/wp-json\/wp\/v2\/media\/496"}],"wp:attachment":[{"href":"https:\/\/lofimusic.com.es\/index.php\/wp-json\/wp\/v2\/media?parent=497"}],"wp:term":[{"taxonomy":"product_cat","embeddable":true,"href":"https:\/\/lofimusic.com.es\/index.php\/wp-json\/wp\/v2\/product_cat?post=497"},{"taxonomy":"product_tag","embeddable":true,"href":"https:\/\/lofimusic.com.es\/index.php\/wp-json\/wp\/v2\/product_tag?post=497"}],"curies":[{"name":"wp","href":"https:\/\/api.w.org\/{rel}","templated":true}]}}