{"id":495,"date":"2024-09-13T19:57:05","date_gmt":"2024-09-13T19:57:05","guid":{"rendered":"https:\/\/lofimusic.com.es\/index.php\/producto\/b0cgzj1kj3_fr\/"},"modified":"2024-09-13T19:57:05","modified_gmt":"2024-09-13T19:57:05","slug":"b0cgzj1kj3_fr","status":"publish","type":"product","link":"https:\/\/lofimusic.com.es\/index.php\/producto\/b0cgzj1kj3_fr\/","title":{"rendered":"B0CGZJ1KJ3_FR"},"content":{"rendered":"<p>&#8211; \u3010Diable de Transport robuste\u3011Ce chariot \u00e0 f\u00fbts robuste est un outil essentiel pour le transport facile et efficace des f\u00fbts lourds, avec une capacit\u00e9 de 91 kg. Gr\u00e2ce \u00e0 sa construction m\u00e9tallique solide, il peut supporter des charges allant jusqu&#8217;\u00e0 545 kg.<br \/>\n&#8211; \u3010Facilit\u00e9 de man\u0153uvre\u3011\u00c9quip\u00e9 de 2 grandes roues en caoutchouc r\u00e9sistantes \u00e0 l&#8217;abrasion, \u00e0 l&#8217;huile, aux chocs et silencieuses, le chariot \u00e0 f\u00fbts assure une mobilit\u00e9 fluide sur toutes les surfaces. De plus, gr\u00e2ce \u00e0 la conception des roulements m\u00e9talliques, les roues ont une plus grande capacit\u00e9 de charge.<br \/>\n&#8211; \u3010Prise en main confortable\u3011Les poign\u00e9es en EVA de ce chariot \u00e0 f\u00fbts offrent une prise en main confortable pour faciliter le contr\u00f4le. Et vous pouvez incliner ou abaisser le f\u00fbt \u00e0 la position appropri\u00e9e. De plus, la barre de renforcement peut \u00eatre utilis\u00e9e comme marchepied, \u00e9vitant ainsi toute d\u00e9formation due \u00e0 une utilisation \u00e0 long terme.<br \/>\n&#8211; \u3010Fixation s\u00e9curis\u00e9e du f\u00fbt\u3011Vous pouvez transporter en toute confiance le contenu pr\u00e9cieux de votre f\u00fbt, car le chariot est \u00e9quip\u00e9 d&#8217;un crochet de fixation avec ressort. Cette conception unique est facile \u00e0 ajuster pour plus de flexibilit\u00e9 et fixe solidement le f\u00fbt pendant le transport, \u00e9vitant tout d\u00e9versement ou dommage.<br \/>\n&#8211; \u3010Utilisation polyvalente\u3011Ce chariot \u00e0 f\u00fbts polyvalent peut \u00eatre utilis\u00e9 pour une gamme d&#8217;applications, notamment le transport de f\u00fbts de br\u00fbleur, de distillerie ou de carburant. Que ce soit dans une station-service, une usine ou un garage, il am\u00e9liorera consid\u00e9rablement votre efficacit\u00e9 de travail.<\/p>\n","protected":false},"excerpt":{"rendered":"<p>publicit\u00e9<br \/>\nCOSTWAY Diable de Transport M\u00e9tallique avec 2 Roues en Caoutchouc Charge 545KG, Chariot de Manutention Crochet de Fixation avec Ressort pour F\u00fbts, pour Usines Garages, 57x49x155cm (Noir)<\/p>\n","protected":false},"featured_media":494,"comment_status":"open","ping_status":"closed","template":"","meta":[],"product_cat":[15],"product_tag":[],"class_list":{"0":"post-495","1":"product","2":"type-product","3":"status-publish","4":"has-post-thumbnail","6":"product_cat-sin-categorizar","7":"nodate","8":"item-wrap","10":"first","11":"instock","12":"shipping-taxable","13":"product-type-external"},"_links":{"self":[{"href":"https:\/\/lofimusic.com.es\/index.php\/wp-json\/wp\/v2\/product\/495","targetHints":{"allow":["GET"]}}],"collection":[{"href":"https:\/\/lofimusic.com.es\/index.php\/wp-json\/wp\/v2\/product"}],"about":[{"href":"https:\/\/lofimusic.com.es\/index.php\/wp-json\/wp\/v2\/types\/product"}],"replies":[{"embeddable":true,"href":"https:\/\/lofimusic.com.es\/index.php\/wp-json\/wp\/v2\/comments?post=495"}],"wp:featuredmedia":[{"embeddable":true,"href":"https:\/\/lofimusic.com.es\/index.php\/wp-json\/wp\/v2\/media\/494"}],"wp:attachment":[{"href":"https:\/\/lofimusic.com.es\/index.php\/wp-json\/wp\/v2\/media?parent=495"}],"wp:term":[{"taxonomy":"product_cat","embeddable":true,"href":"https:\/\/lofimusic.com.es\/index.php\/wp-json\/wp\/v2\/product_cat?post=495"},{"taxonomy":"product_tag","embeddable":true,"href":"https:\/\/lofimusic.com.es\/index.php\/wp-json\/wp\/v2\/product_tag?post=495"}],"curies":[{"name":"wp","href":"https:\/\/api.w.org\/{rel}","templated":true}]}}