{"id":493,"date":"2024-09-13T19:57:05","date_gmt":"2024-09-13T19:57:05","guid":{"rendered":"https:\/\/lofimusic.com.es\/index.php\/producto\/b0d9xxtpyk_it\/"},"modified":"2024-09-13T19:57:05","modified_gmt":"2024-09-13T19:57:05","slug":"b0d9xxtpyk_it","status":"publish","type":"product","link":"https:\/\/lofimusic.com.es\/index.php\/producto\/b0d9xxtpyk_it\/","title":{"rendered":"B0D9XXTPYK_IT"},"content":{"rendered":"<p>&#8211; \u3010Compatibilit\u00e0\u3011La custodia per tastiera iPad \u00e8 progettata per il nuovo iPad 10a generazione 10,9 pollici 2022 release (modello: A2757\/A2777\/A2696), non \u00e8 compatibile con altri dispositivi. Controllare il retro dell&#8217;iPad per trovare il numero di modello.<br \/>\n&#8211; \u3010Batteria di lunga durata e tastiera Bluetooth QWERTZ per iPad di 10a generazione\u3011 Batteria integrata agli ioni di litio di qualit\u00e0 superiore con modalit\u00e0 di risparmio energetico, 2-3 ore di carica completa, lavoro per almeno 80 ore, standby per 130 giorni. Un meccanismo a molla sotto ogni tasto assicura una risposta tattile a ogni pressione dei tasti, aiutandovi a digitare pi\u00f9 velocemente e con meno errori rispetto a un touchscreen.Si prega di caricarla quando l&#8217;indicatore di alimentazione della tastiera lampeggia in rosso.<br \/>\n&#8211; \u3010Tagli precisi e protezione completa\u3011 La custodia per ipad di 10a generazione con tagli precisi consente l&#8217;accesso completo a tutte le funzioni e offre la protezione perfetta, la comodit\u00e0 per l&#8217;uso quotidiano. La custodia \u00e8 dotata di un motivo a griglia a nido d&#8217;ape che \u00e8 migliore per il rilascio di calore e anti-scivolo.Design pensato per estendere efficacemente la vita del vostro amato iPad. La robusta custodia e l&#8217;assorbimento degli urti forniscono una protezione completa per il vostro nuovo iPad di 10a generazione da graffi e danni.<br \/>\n&#8211; \u3010Custodia con tastiera staccabile magneticamente per ipad 10a generazione\u3011- La nostra tastiera utilizza un design separato da magnete; tastiera bluetooth wireless rimovibile con custodia magnetica che trasforma il tablet ipad 10,9 pollici in un computer portatile ad alte prestazioni e facile da usare. Comoda per digitare a casa, in ufficio o all&#8217;aperto.<br \/>\n&#8211; \u3010Angolo di visione multiplo e supporto per penna\u3011 La custodia per ipad di 10a generazione con design intelligente del supporto si adatta facilmente a qualsiasi angolo confortevole che si adatta meglio a voi. Questo rende l&#8217;ipad funzionante come un computer portatile, quindi perfetto per lavorare, scrivere, prendere appunti, digitare e modificare o guardare video. \u00c8 dotata di un alloggiamento per la penna all&#8217;interno per evitare di perdere la Apple Pen.<\/p>\n","protected":false},"excerpt":{"rendered":"<p>pubblicit\u00e0<br \/>\nYUEJIDZ Custodia con Tastiera per iPad 10\u00aa Generazione, Multi-angle Magnetic Stand Cover per iPad 10.9 pollici 2022, Tastiera Bluetooth Staccabile (Layout Italiano, QWERTY) per iPad 10\u00aa Gen 2022, Blu<\/p>\n","protected":false},"featured_media":492,"comment_status":"open","ping_status":"closed","template":"","meta":[],"product_cat":[15],"product_tag":[],"class_list":{"0":"post-493","1":"product","2":"type-product","3":"status-publish","4":"has-post-thumbnail","6":"product_cat-sin-categorizar","7":"nodate","8":"item-wrap","10":"first","11":"instock","12":"shipping-taxable","13":"product-type-external"},"_links":{"self":[{"href":"https:\/\/lofimusic.com.es\/index.php\/wp-json\/wp\/v2\/product\/493","targetHints":{"allow":["GET"]}}],"collection":[{"href":"https:\/\/lofimusic.com.es\/index.php\/wp-json\/wp\/v2\/product"}],"about":[{"href":"https:\/\/lofimusic.com.es\/index.php\/wp-json\/wp\/v2\/types\/product"}],"replies":[{"embeddable":true,"href":"https:\/\/lofimusic.com.es\/index.php\/wp-json\/wp\/v2\/comments?post=493"}],"wp:featuredmedia":[{"embeddable":true,"href":"https:\/\/lofimusic.com.es\/index.php\/wp-json\/wp\/v2\/media\/492"}],"wp:attachment":[{"href":"https:\/\/lofimusic.com.es\/index.php\/wp-json\/wp\/v2\/media?parent=493"}],"wp:term":[{"taxonomy":"product_cat","embeddable":true,"href":"https:\/\/lofimusic.com.es\/index.php\/wp-json\/wp\/v2\/product_cat?post=493"},{"taxonomy":"product_tag","embeddable":true,"href":"https:\/\/lofimusic.com.es\/index.php\/wp-json\/wp\/v2\/product_tag?post=493"}],"curies":[{"name":"wp","href":"https:\/\/api.w.org\/{rel}","templated":true}]}}