{"id":489,"date":"2024-09-13T19:54:04","date_gmt":"2024-09-13T19:54:04","guid":{"rendered":"https:\/\/lofimusic.com.es\/index.php\/producto\/b0d1bm9525_it\/"},"modified":"2024-09-13T19:54:04","modified_gmt":"2024-09-13T19:54:04","slug":"b0d1bm9525_it","status":"publish","type":"product","link":"https:\/\/lofimusic.com.es\/index.php\/producto\/b0d1bm9525_it\/","title":{"rendered":"B0D1BM9525_IT"},"content":{"rendered":"<p>&#8211; [Ampia gamma di compatibilit\u00e0]: Il caricatore per phone funziona con per Phone 15\/15 Pro\/15 Pro Max\/15 Plus\/14 \/13\/13 Mini\/13 Pro\/13 Pro\/13 Max\/12\/12 Mini\/12 Pro\/12 Pro Max, SE, 11\/11 Pro\/11 Pro Max, XS\/XS Max \/ XR \/ X, Pad. Pro 12. 9\/11\/Pad Air 3\/Pad Mini (2019); Google Pixel 5\/5 XL\/4\/4 XL\/4a\/4a; Samsung GalaxyS21\/ S20\/ S10\/ S10+\/ S10e\/ S9\/ S9+\/ S8\/S8+\/Note 10 o altri dispositivi che supportano USB C Power. Dispositivi abilitati alla consegna. Nota: il cavo dati non \u00e8 incluso in questo prodotto.<br \/>\n&#8211; [Sicuro ed efficiente]: Il caricatore usb c da 20W supporta la tecnologia di ricarica rapida PD, che consente di risparmiare il tempo di ricarica e di migliorare l&#8217;efficienza della ricarica.<br \/>\n&#8211; [protezione multipla]: Il materiale esterno in ABS ignifugo del caricabatterie per samsung pu\u00f2 ridurre le impronte digitali e i graffi, mentre il chip intelligente IC integrato con doppia protezione pu\u00f2 prevenire il surriscaldamento, il sovraccarico, il cortocircuito e cos\u00ec via.<br \/>\n&#8211; [Compatto e portatile]: Il caricatore per samsung ha dimensioni compatte e peso ridotto, facile da portare con s\u00e9; oltre a utilizzarlo a casa, \u00e8 possibile mettere un set di caricabatterie per Phone in borsa come riserva per ricaricare i dispositivi quando si \u00e8 in viaggio o in trasferta.<br \/>\n&#8211; [\u00c8 possibile ricevere]: Confezione da 2 alimentatore USB C per Phone.<\/p>\n","protected":false},"excerpt":{"rendered":"<p>pubblicit\u00e0<br \/>\nCaricatore USB C, Caricabatterie 20W 2-Pack Presa Type C per iPhone 16\/16 Pro\/16 Pro Max\/16 Plus\/15\/14\/13\/12\/11\/XS Max\/XR\/X, Alimentatore Rapido Carica Spain Ricarica Adattatore Muro Wsehnga<\/p>\n","protected":false},"featured_media":488,"comment_status":"open","ping_status":"closed","template":"","meta":[],"product_cat":[15],"product_tag":[],"class_list":{"0":"post-489","1":"product","2":"type-product","3":"status-publish","4":"has-post-thumbnail","6":"product_cat-sin-categorizar","7":"nodate","8":"item-wrap","10":"first","11":"instock","12":"shipping-taxable","13":"product-type-external"},"_links":{"self":[{"href":"https:\/\/lofimusic.com.es\/index.php\/wp-json\/wp\/v2\/product\/489","targetHints":{"allow":["GET"]}}],"collection":[{"href":"https:\/\/lofimusic.com.es\/index.php\/wp-json\/wp\/v2\/product"}],"about":[{"href":"https:\/\/lofimusic.com.es\/index.php\/wp-json\/wp\/v2\/types\/product"}],"replies":[{"embeddable":true,"href":"https:\/\/lofimusic.com.es\/index.php\/wp-json\/wp\/v2\/comments?post=489"}],"wp:featuredmedia":[{"embeddable":true,"href":"https:\/\/lofimusic.com.es\/index.php\/wp-json\/wp\/v2\/media\/488"}],"wp:attachment":[{"href":"https:\/\/lofimusic.com.es\/index.php\/wp-json\/wp\/v2\/media?parent=489"}],"wp:term":[{"taxonomy":"product_cat","embeddable":true,"href":"https:\/\/lofimusic.com.es\/index.php\/wp-json\/wp\/v2\/product_cat?post=489"},{"taxonomy":"product_tag","embeddable":true,"href":"https:\/\/lofimusic.com.es\/index.php\/wp-json\/wp\/v2\/product_tag?post=489"}],"curies":[{"name":"wp","href":"https:\/\/api.w.org\/{rel}","templated":true}]}}