{"id":487,"date":"2024-09-13T19:53:03","date_gmt":"2024-09-13T19:53:03","guid":{"rendered":"https:\/\/lofimusic.com.es\/index.php\/producto\/b0d9y7gkfw_fr\/"},"modified":"2024-09-13T19:53:03","modified_gmt":"2024-09-13T19:53:03","slug":"b0d9y7gkfw_fr","status":"publish","type":"product","link":"https:\/\/lofimusic.com.es\/index.php\/producto\/b0d9y7gkfw_fr\/","title":{"rendered":"B0D9Y7GKFW_FR"},"content":{"rendered":"<p>&#8211; \ud83d\udcd6 Rangement Polyvalent \u00e0 8 Niveaux &#8211; La biblioth\u00e8que en forme d&#8217;arbre \u00e0 8 niveaux maximise votre espace de stockage. Vous pouvez l&#8217;utiliser pour stocker des livres, des CD, des photos, des plantes et bien plus encore. La conception ouverte vous permet transporter facilement des objets<br \/>\n&#8211; \ud83d\udcd6 Mat\u00e9riaux Durables &#8211; Fabriqu\u00e9 avec du bois d&#8217;ing\u00e9nierie de qualit\u00e9, l&#8217;\u00e9tag\u00e8re rangement garantit une durabilit\u00e9 et une robustesse. La surface r\u00e9sistante \u00e0 l&#8217;usure et la vis renforc\u00e9e le rendent suffisamment solide pour offrir une utilisation \u00e0 long terme.<br \/>\n&#8211; \ud83d\udcd6 S\u00e9curit\u00e9 et Robustesse Am\u00e9lior\u00e9es &#8211; Le dispositif anti-basculement aide \u00e0 fixer la biblioth\u00e8que au mur pour plus de s\u00e9curit\u00e9 et de stabilit\u00e9. De plus, la base large et les patins antid\u00e9rapants lui permettent de rester stable sur le sol.<br \/>\n&#8211; \ud83d\udcd6 Style Moderne et Large Utilisation &#8211; Gr\u00e2ce \u00e0 sa couleur simple et ses lignes \u00e9pur\u00e9es, le support de rangement s&#8217;adapte bien \u00e0 diff\u00e9rents styles de d\u00e9coration. Plus qu&#8217;une \u00e9tag\u00e8re, elle fonctionne \u00e9galement comme pr\u00e9sentoir ou support pour plantes.<br \/>\n&#8211; \ud83d\udcd6 Simple \u00e0 Assembler &#8211; Sa structure est si simple qu&#8217;il n&#8217;y a pas besoin de s&#8217;inqui\u00e9ter de la fa\u00e7on de l&#8217;assembler. Elle est livr\u00e9e avec un manuel d&#8217;utilisation clair et les accessoires n\u00e9cessaires pour faciliter l&#8217;installation. La biblioth\u00e8que mesure 50 x 20 x 141 cm (L x l x H).<\/p>\n","protected":false},"excerpt":{"rendered":"<p>publicit\u00e9<br \/>\nGiantex Biblioth\u00e8que \u00c9tag\u00e8re Rangement \u00e0 8 Niveaux, Biblioth\u00e8que en Forme Arbre Peu Encombrant Pr\u00e9sentoir Autoportant pour Livres, Plantes, CD, 50x20x141 CM, Blanc<\/p>\n","protected":false},"featured_media":486,"comment_status":"open","ping_status":"closed","template":"","meta":[],"product_cat":[15],"product_tag":[],"class_list":{"0":"post-487","1":"product","2":"type-product","3":"status-publish","4":"has-post-thumbnail","6":"product_cat-sin-categorizar","7":"nodate","8":"item-wrap","10":"first","11":"instock","12":"shipping-taxable","13":"product-type-external"},"_links":{"self":[{"href":"https:\/\/lofimusic.com.es\/index.php\/wp-json\/wp\/v2\/product\/487","targetHints":{"allow":["GET"]}}],"collection":[{"href":"https:\/\/lofimusic.com.es\/index.php\/wp-json\/wp\/v2\/product"}],"about":[{"href":"https:\/\/lofimusic.com.es\/index.php\/wp-json\/wp\/v2\/types\/product"}],"replies":[{"embeddable":true,"href":"https:\/\/lofimusic.com.es\/index.php\/wp-json\/wp\/v2\/comments?post=487"}],"wp:featuredmedia":[{"embeddable":true,"href":"https:\/\/lofimusic.com.es\/index.php\/wp-json\/wp\/v2\/media\/486"}],"wp:attachment":[{"href":"https:\/\/lofimusic.com.es\/index.php\/wp-json\/wp\/v2\/media?parent=487"}],"wp:term":[{"taxonomy":"product_cat","embeddable":true,"href":"https:\/\/lofimusic.com.es\/index.php\/wp-json\/wp\/v2\/product_cat?post=487"},{"taxonomy":"product_tag","embeddable":true,"href":"https:\/\/lofimusic.com.es\/index.php\/wp-json\/wp\/v2\/product_tag?post=487"}],"curies":[{"name":"wp","href":"https:\/\/api.w.org\/{rel}","templated":true}]}}