{"id":483,"date":"2024-09-13T19:49:04","date_gmt":"2024-09-13T19:49:04","guid":{"rendered":"https:\/\/lofimusic.com.es\/index.php\/producto\/b0d3v67r5d_de\/"},"modified":"2024-09-13T19:49:04","modified_gmt":"2024-09-13T19:49:04","slug":"b0d3v67r5d_de","status":"publish","type":"product","link":"https:\/\/lofimusic.com.es\/index.php\/producto\/b0d3v67r5d_de\/","title":{"rendered":"B0D3V67R5D_DE"},"content":{"rendered":"<p>&#8211; \u2600\u30103W Solar panel\u3011Diese schwimmende Solarbrunnen wasserpumpe wird auf 3W hochwertige Solarpanele erh\u00f6ht, damit die Wasserpumpe auch bei schwachem Sonnenlicht kontinuierlich arbeiten kann.<br \/>\n&#8211; \u2600\u3010Umweltfreundliche Batterie\u3011Diese Solar-Schwimmbrunnen Wasserpumpe eingebaute Batterie, automatische Speicherung von Sonnenenergie, echte gr\u00fcne Solarwasserpumpe. Es nutzt die Sonnenenergiequelle voll aus, es wird noch f\u00fcr eine Stunde nach Einbruch der Dunkelheit verwendet, was sehr ist umweltfreundlich.<br \/>\n&#8211; \u2600\u3010Mehrfachanwendung\u3011Diese Solarpumpe ist perfekt f\u00fcr Vogelbad, Aquarium, kleinen Teich, Pool, Garten, Wasserkreislauf f\u00fcr Sauerstoff. Ihr Garten w\u00fcrde auf jeden Fall die Aufmerksamkeit der Passanten auf sich ziehen. Lassen Sie Ihren Garten von der Solarwasserpumpe so am\u00fcsant dekoriert aussehen.<br \/>\n&#8211; \u2600\u3010Verschiedene Wasserspr\u00fchger\u00e4te\u30116 verschiedene D\u00fcsen k\u00f6nnen Ihre unterschiedlichen Anforderungen an die Wassers\u00e4ule H\u00f6he oder Wassers\u00e4ule Form. Die H\u00f6he kann durch Wechseln der D\u00fcsen eingestellt werden, um ein Versch\u00fctten aus dem Becken zu vermeiden. Sie k\u00f6nnen den Spr\u00fchkopf leicht wechseln.<\/p>\n","protected":false},"excerpt":{"rendered":"<p>Werbung<br \/>\nAISITIN Solar Springbrunnen 3W, Solar Teichpumpe mit Solar Panel Eingebaute 1200 mAh Batterie Wasserpumpe Solar Schwimmender Font\u00e4ne Pumpe mit 6 Font\u00e4nenstile f\u00fcr Garten Vogel-Bad Teich(Scarlet)<\/p>\n","protected":false},"featured_media":482,"comment_status":"open","ping_status":"closed","template":"","meta":[],"product_cat":[15],"product_tag":[],"class_list":{"0":"post-483","1":"product","2":"type-product","3":"status-publish","4":"has-post-thumbnail","6":"product_cat-sin-categorizar","7":"nodate","8":"item-wrap","10":"first","11":"instock","12":"shipping-taxable","13":"product-type-external"},"_links":{"self":[{"href":"https:\/\/lofimusic.com.es\/index.php\/wp-json\/wp\/v2\/product\/483","targetHints":{"allow":["GET"]}}],"collection":[{"href":"https:\/\/lofimusic.com.es\/index.php\/wp-json\/wp\/v2\/product"}],"about":[{"href":"https:\/\/lofimusic.com.es\/index.php\/wp-json\/wp\/v2\/types\/product"}],"replies":[{"embeddable":true,"href":"https:\/\/lofimusic.com.es\/index.php\/wp-json\/wp\/v2\/comments?post=483"}],"wp:featuredmedia":[{"embeddable":true,"href":"https:\/\/lofimusic.com.es\/index.php\/wp-json\/wp\/v2\/media\/482"}],"wp:attachment":[{"href":"https:\/\/lofimusic.com.es\/index.php\/wp-json\/wp\/v2\/media?parent=483"}],"wp:term":[{"taxonomy":"product_cat","embeddable":true,"href":"https:\/\/lofimusic.com.es\/index.php\/wp-json\/wp\/v2\/product_cat?post=483"},{"taxonomy":"product_tag","embeddable":true,"href":"https:\/\/lofimusic.com.es\/index.php\/wp-json\/wp\/v2\/product_tag?post=483"}],"curies":[{"name":"wp","href":"https:\/\/api.w.org\/{rel}","templated":true}]}}