{"id":481,"date":"2024-09-13T19:49:04","date_gmt":"2024-09-13T19:49:04","guid":{"rendered":"https:\/\/lofimusic.com.es\/index.php\/producto\/b0d78q7hdn_fr\/"},"modified":"2024-09-13T19:49:04","modified_gmt":"2024-09-13T19:49:04","slug":"b0d78q7hdn_fr","status":"publish","type":"product","link":"https:\/\/lofimusic.com.es\/index.php\/producto\/b0d78q7hdn_fr\/","title":{"rendered":"B0D78Q7HDN_FR"},"content":{"rendered":"<p>&#8211; Grand Espace de Rangement : Cette armoire de salle de bains haute est \u00e9quip\u00e9e de 2 armoires ferm\u00e9es, de 5 \u00e9tag\u00e8res ouvertes et d&#8217;un tiroir, ce qui vous offre un grand espace de rangement pour organiser divers articles quotidiens tels que les articles de toilette, les serviettes, le papier hygi\u00e9nique, etc.<br \/>\n&#8211; \u00c9tag\u00e8res R\u00e9glables : Cette armoire de salle de bains est con\u00e7ue avec 5 \u00e9tag\u00e8res r\u00e9glables, dont 3 \u00e9tag\u00e8res r\u00e9glables \u00e0 3 niveaux et 2 \u00e9tag\u00e8res r\u00e9glables \u00e0 8 niveaux, de sorte que vous pouvez librement r\u00e9gler la hauteur des \u00e9tag\u00e8res en fonction de la hauteur de vos articles pour r\u00e9pondre \u00e0 vos diff\u00e9rents besoins de rangement.<br \/>\n&#8211; Armoire Pratique et Esth\u00e9tique : Avec ses dimensions compactes de 20 x 20 x 180 cm, cette armoire de salle de bains haute a un faible encombrement et permet d&#8217;exploiter au maximum l&#8217;espace vertical. De plus, avec sa couleur blanche classique et ses lignes simples, l&#8217;armoire de salle de bains s&#8217;adapte \u00e0 la plupart des styles de d\u00e9coration.<br \/>\n&#8211; Construction Stable et Robuste : Fabriqu\u00e9e \u00e0 partir de panneaux de haute qualit\u00e9, cette armoire de salle de bains est robuste, durable, avec une capacit\u00e9 de charge \u00e9lev\u00e9e et une longue dur\u00e9e de vie. Elle est \u00e9quip\u00e9e d&#8217;un dispositif anti-basculement qui la fixe au mur et l&#8217;emp\u00eache de trembler, ce qui garantit sa stabilit\u00e9 et sa s\u00e9curit\u00e9.<br \/>\n&#8211; Facile \u00e0 Assembler et \u00e0 Entretenir : Gr\u00e2ce aux instructions clairement illustr\u00e9es, aux pi\u00e8ces num\u00e9rot\u00e9es et aux accessoires n\u00e9cessaires, vous pouvez facilement assembler cette armoire de salle de bains. En outre, la surface lisse et imperm\u00e9able de cette armoire de salle de bains peut \u00eatre facilement nettoy\u00e9e avec un chiffon humide.<\/p>\n","protected":false},"excerpt":{"rendered":"<p>publicit\u00e9<br \/>\nGOPLUS Armoire de Salle de Bain Haut, avec 2 Portes, 1 Tiroir, 5 \u00c9tag\u00e8res R\u00e9glables, Dispositif Anti-basculement, Meuble Colonne Rangement pour Petits Espaces, 20x20x180cm<\/p>\n","protected":false},"featured_media":480,"comment_status":"open","ping_status":"closed","template":"","meta":[],"product_cat":[15],"product_tag":[],"class_list":{"0":"post-481","1":"product","2":"type-product","3":"status-publish","4":"has-post-thumbnail","6":"product_cat-sin-categorizar","7":"nodate","8":"item-wrap","10":"first","11":"instock","12":"shipping-taxable","13":"product-type-external"},"_links":{"self":[{"href":"https:\/\/lofimusic.com.es\/index.php\/wp-json\/wp\/v2\/product\/481","targetHints":{"allow":["GET"]}}],"collection":[{"href":"https:\/\/lofimusic.com.es\/index.php\/wp-json\/wp\/v2\/product"}],"about":[{"href":"https:\/\/lofimusic.com.es\/index.php\/wp-json\/wp\/v2\/types\/product"}],"replies":[{"embeddable":true,"href":"https:\/\/lofimusic.com.es\/index.php\/wp-json\/wp\/v2\/comments?post=481"}],"wp:featuredmedia":[{"embeddable":true,"href":"https:\/\/lofimusic.com.es\/index.php\/wp-json\/wp\/v2\/media\/480"}],"wp:attachment":[{"href":"https:\/\/lofimusic.com.es\/index.php\/wp-json\/wp\/v2\/media?parent=481"}],"wp:term":[{"taxonomy":"product_cat","embeddable":true,"href":"https:\/\/lofimusic.com.es\/index.php\/wp-json\/wp\/v2\/product_cat?post=481"},{"taxonomy":"product_tag","embeddable":true,"href":"https:\/\/lofimusic.com.es\/index.php\/wp-json\/wp\/v2\/product_tag?post=481"}],"curies":[{"name":"wp","href":"https:\/\/api.w.org\/{rel}","templated":true}]}}