{"id":475,"date":"2024-09-13T19:45:04","date_gmt":"2024-09-13T19:45:04","guid":{"rendered":"https:\/\/lofimusic.com.es\/index.php\/producto\/b0dcbkmvcm_it\/"},"modified":"2024-09-13T19:45:04","modified_gmt":"2024-09-13T19:45:04","slug":"b0dcbkmvcm_it","status":"publish","type":"product","link":"https:\/\/lofimusic.com.es\/index.php\/producto\/b0dcbkmvcm_it\/","title":{"rendered":"B0DCBKMVCM_IT"},"content":{"rendered":"<p>&#8211; Chiamata Bluetooth 5.3 e Notifica del Messaggio: Questo orologio uomo \u00e8 dotato di altoparlanti integrati di alta qualit\u00e0 e di un microfono ad alta definizione. Dopo esserti connesso al telefono tramite Bluetooth, puoi facilmente effettuare o ricevere chiamate senza estrarre il telefono. Allo stesso tempo, l&#8217;smartwatch uomo sincronizza in tempo reale i messaggi di testo e le notifiche dei messaggi di diverse applicazioni (come WhatsApp, Facebook, Twitter, Instagram, ecc.).<br \/>\n&#8211; Schermo 1.95 pollici e quadrante DIY: Questo smart watch uomo \u00e8 dotato di un touch screen ad alta definizione da 1,95 pollici, che offre eccellenti effetti visivi e un controllo tattile fluido. Tramite l&#8217;app \u00abGloryfit\u00bb, puoi scegliere tra 200 stili di quadrante o caricare una foto per personalizzare il quadrante. Lo orologio smartwatch uomo supporta la regolazione della luminosit\u00e0 a 4 livelli per garantire una visualizzazione chiara delle informazioni in varie condizioni di illuminazione.<br \/>\n&#8211; 24\/7 Monitoraggio della salute: Questo smartwatch donna \u00e8 dotato di un sensore ottico e fornisce il monitoraggio della frequenza cardiaca in tempo reale 24 ore su 24, 7 giorni su 7. Lo fitness tracker monitorer\u00e0 inoltre automaticamente la durata e le fasi del sonno (sonno leggero, sonno profondo, veglia) per aiutarti a comprendere appieno le tue condizioni fisiche. Tutti i dati possono essere sincronizzati con l&#8217;applicazione mobile per una facile analisi e regolazione di uno stile di vita sano.<br \/>\n&#8211; 112 Modalit\u00e0 Sportive e Impermeabilit\u00e0 IP68: Questo orologio sportivo supporta 112 modalit\u00e0 sportive, tra cui camminata, corsa, ciclismo e yoga, ecc., e registra accuratamente passi, distanza, calorie e tempo di esercizio. Lo orologio smartwatch donna ha un grado di impermeabilit\u00e0 IP68 e pu\u00f2 essere indossato nei giorni di pioggia, mentre si lavano le mani o si nuota senza preoccuparsi di danni. Adatto a vari esercizi e attivit\u00e0 quotidiane, fornisce dati di esercizio stabili.<br \/>\n&#8211; Assistente per una vita intelligente: Lo orologio smartwatch uomo impiega solo 1,5 ore per caricarsi, pu\u00f2 essere utilizzato fino a 5-7 giorni e ha un tempo di standby fino a 30 giorni. Inoltre, lo smartwatch orologio fitness uomo \u00e8 compatibile con iOS 9.0 e Android 5.0 e versioni successive e supporta una variet\u00e0 di funzioni, come previsioni del tempo, allenamento alla respirazione, sveglia, controllo della musica, promemoria sedentario, ricerca del telefono cellulare e altro funzioni pratiche.<\/p>\n","protected":false},"excerpt":{"rendered":"<p>pubblicit\u00e0<br \/>\nPuqo Smartwatch Uomo Donna, 1,95\u00bb Orologio Smartwatch con Effettua\/Risposta Chiamate, 112 Modalit\u00e0 Sportive Fitness Tracker con Sonno\/Cardiofrequenzimetro, IP68 Smart Watch per Android iOS, Bianco<\/p>\n","protected":false},"featured_media":474,"comment_status":"open","ping_status":"closed","template":"","meta":[],"product_cat":[15],"product_tag":[],"class_list":{"0":"post-475","1":"product","2":"type-product","3":"status-publish","4":"has-post-thumbnail","6":"product_cat-sin-categorizar","7":"nodate","8":"item-wrap","10":"first","11":"instock","12":"shipping-taxable","13":"product-type-external"},"_links":{"self":[{"href":"https:\/\/lofimusic.com.es\/index.php\/wp-json\/wp\/v2\/product\/475","targetHints":{"allow":["GET"]}}],"collection":[{"href":"https:\/\/lofimusic.com.es\/index.php\/wp-json\/wp\/v2\/product"}],"about":[{"href":"https:\/\/lofimusic.com.es\/index.php\/wp-json\/wp\/v2\/types\/product"}],"replies":[{"embeddable":true,"href":"https:\/\/lofimusic.com.es\/index.php\/wp-json\/wp\/v2\/comments?post=475"}],"wp:featuredmedia":[{"embeddable":true,"href":"https:\/\/lofimusic.com.es\/index.php\/wp-json\/wp\/v2\/media\/474"}],"wp:attachment":[{"href":"https:\/\/lofimusic.com.es\/index.php\/wp-json\/wp\/v2\/media?parent=475"}],"wp:term":[{"taxonomy":"product_cat","embeddable":true,"href":"https:\/\/lofimusic.com.es\/index.php\/wp-json\/wp\/v2\/product_cat?post=475"},{"taxonomy":"product_tag","embeddable":true,"href":"https:\/\/lofimusic.com.es\/index.php\/wp-json\/wp\/v2\/product_tag?post=475"}],"curies":[{"name":"wp","href":"https:\/\/api.w.org\/{rel}","templated":true}]}}