{"id":469,"date":"2024-09-13T19:41:04","date_gmt":"2024-09-13T19:41:04","guid":{"rendered":"https:\/\/lofimusic.com.es\/index.php\/producto\/b0d926kvy9_fr\/"},"modified":"2024-09-13T19:41:04","modified_gmt":"2024-09-13T19:41:04","slug":"b0d926kvy9_fr","status":"publish","type":"product","link":"https:\/\/lofimusic.com.es\/index.php\/producto\/b0d926kvy9_fr\/","title":{"rendered":"B0D926KVY9_FR"},"content":{"rendered":"<p>&#8211; \u2605CONCEPTION UNIQUE\u2605L&#8217;\u00e9l\u00e9gant motif floral vert et les glands rehaussent la beaut\u00e9 de votre environnement et y ajoutent un \u00e9l\u00e9ment d\u00e9coratif charmant.Ce parasol \u00e0 frange ajoute fonctionnalit\u00e9 et attrait visuel \u00e0 tout espace ext\u00e9rieur.<br \/>\n&#8211; \u2605PORTABLE ET PRATIQUE\u2605Notre parasol plage inclinable est livr\u00e9 avec un sac de rangement pratique, ce qui le rend facile \u00e0 emballer et \u00e0 transporter o\u00f9 que vous alliez, id\u00e9al pour les voyages et les activit\u00e9s de plein air.<br \/>\n&#8211; \u2605ANCRE DE SABLE\u2605Bien qu&#8217;ils ne soient pas \u00e9quip\u00e9s d&#8217;un pied, notre parasol de jardin ext\u00e9rieur est dot\u00e9 d&#8217;une ancre de sable en spirale \u00e9quip\u00e9e d&#8217;un accoudoir pivotant pour un meilleur ancrage dans le sable, ce qui les rend parfaits pour les vacances \u00e0 la plage.<br \/>\n&#8211; \u2605GRAND OMBRE\u2605R\u00e9glez facilement le parasol \u00e0 l&#8217;aide du bouton d&#8217;inclinaison, en l&#8217;inclinant jusqu&#8217;\u00e0 30 degr\u00e9s pour obtenir diff\u00e9rents angles d&#8217;ombre, afin de r\u00e9pondre \u00e0 vos besoins et de maximiser la d\u00e9tente \u00e0 l&#8217;ombre.<br \/>\n&#8211; \u2605CONSTRUCTION SOLIDE\u26058 baleines de soutien et des m\u00e2ts m\u00e9talliques robustes garantissent une utilisation durable. La toile du parasol est fabriqu\u00e9e en polyester W\/R 120g, respirant et n&#8217;absorbant pas facilement l&#8217;eau.<\/p>\n","protected":false},"excerpt":{"rendered":"<p>publicit\u00e9<br \/>\nRELAX4LIFE Parasol \u00e0 Frange Rustique \u03a6200CM, Parasol Plage Inclinable avec M\u00e2t D\u00e9montable et Pieds \u00e0 Vrille, Parasol \u00e0 8 Baleines Imperm\u00e9ables W\/R pour Plage, Jardin, Patio<\/p>\n","protected":false},"featured_media":468,"comment_status":"open","ping_status":"closed","template":"","meta":[],"product_cat":[15],"product_tag":[],"class_list":{"0":"post-469","1":"product","2":"type-product","3":"status-publish","4":"has-post-thumbnail","6":"product_cat-sin-categorizar","7":"nodate","8":"item-wrap","10":"first","11":"instock","12":"shipping-taxable","13":"product-type-external"},"_links":{"self":[{"href":"https:\/\/lofimusic.com.es\/index.php\/wp-json\/wp\/v2\/product\/469","targetHints":{"allow":["GET"]}}],"collection":[{"href":"https:\/\/lofimusic.com.es\/index.php\/wp-json\/wp\/v2\/product"}],"about":[{"href":"https:\/\/lofimusic.com.es\/index.php\/wp-json\/wp\/v2\/types\/product"}],"replies":[{"embeddable":true,"href":"https:\/\/lofimusic.com.es\/index.php\/wp-json\/wp\/v2\/comments?post=469"}],"wp:featuredmedia":[{"embeddable":true,"href":"https:\/\/lofimusic.com.es\/index.php\/wp-json\/wp\/v2\/media\/468"}],"wp:attachment":[{"href":"https:\/\/lofimusic.com.es\/index.php\/wp-json\/wp\/v2\/media?parent=469"}],"wp:term":[{"taxonomy":"product_cat","embeddable":true,"href":"https:\/\/lofimusic.com.es\/index.php\/wp-json\/wp\/v2\/product_cat?post=469"},{"taxonomy":"product_tag","embeddable":true,"href":"https:\/\/lofimusic.com.es\/index.php\/wp-json\/wp\/v2\/product_tag?post=469"}],"curies":[{"name":"wp","href":"https:\/\/api.w.org\/{rel}","templated":true}]}}