{"id":463,"date":"2024-09-13T19:37:04","date_gmt":"2024-09-13T19:37:04","guid":{"rendered":"https:\/\/lofimusic.com.es\/index.php\/producto\/b0d7pq3jjx_fr\/"},"modified":"2024-09-13T19:37:04","modified_gmt":"2024-09-13T19:37:04","slug":"b0d7pq3jjx_fr","status":"publish","type":"product","link":"https:\/\/lofimusic.com.es\/index.php\/producto\/b0d7pq3jjx_fr\/","title":{"rendered":"B0D7PQ3JJX_FR"},"content":{"rendered":"<p>&#8211; ??? Destruction efficace et de haute qualit\u00e9 des insectes. L&#8217;anti-moustique est entour\u00e9 d&#8217;un filet en fer solide, la coque est en mat\u00e9riau ABS de haute qualit\u00e9. Il est tr\u00e8s appropri\u00e9 pour les zones o\u00f9 les pesticides ne peuvent pas \u00eatre pulv\u00e9ris\u00e9s, telles que les cuisines, les h\u00f4pitaux, les entrep\u00f4ts.<br \/>\n&#8211; ??? S\u00e9curit\u00e9 et protection de l&#8217;environnement Nettoyez votre maison des insectes, sans substances collantes, sales ou a\u00e9rosols. Hygi\u00e9nique et \u00e0 faible odeur, ce cordonnier physique ext\u00e9rieur naturel et ce cordonnier anti-insectes int\u00e9rieur sont totalement sans danger pour les humains et les animaux domestiques.<br \/>\n&#8211; ??? Facile \u00e0 nettoyer Hygi\u00e9nique et s\u00fbr, d\u00e9branchez l&#8217;insectifuge \u00e9lectrique, touchez la plaque m\u00e9tallique avec un tournevis pendant dix secondes, puis retirez le couvercle et nettoyez les insectes morts avec un mouchoir ou une petite brosse.<br \/>\n&#8211; ??? Fonctionnement silencieux Pas besoin de vous soucier du bruit ! Branchez-le simplement dans la prise et appuyez sur le bouton, et le tueur de moustiques commencera \u00e0 fonctionner silencieusement. Nous vous recommandons d&#8217;installer au moins un tueur de moustiques dans votre chambre.<\/p>\n","protected":false},"excerpt":{"rendered":"<p>publicit\u00e9<br \/>\nMoustique Tueur Lampe, Lampe Anti Moustique Lot de 4, Lampe UV, Tue Mouche El\u00e9ctrique, Tueur d&#8217;Insectes Electrique, Destructeur de Mouches, Anti-Moustique Int\u00e9rieur, Pi\u00e8ge \u00e0 Mouches Efficace<\/p>\n","protected":false},"featured_media":462,"comment_status":"open","ping_status":"closed","template":"","meta":[],"product_cat":[15],"product_tag":[],"class_list":{"0":"post-463","1":"product","2":"type-product","3":"status-publish","4":"has-post-thumbnail","6":"product_cat-sin-categorizar","7":"nodate","8":"item-wrap","10":"first","11":"instock","12":"shipping-taxable","13":"product-type-external"},"_links":{"self":[{"href":"https:\/\/lofimusic.com.es\/index.php\/wp-json\/wp\/v2\/product\/463","targetHints":{"allow":["GET"]}}],"collection":[{"href":"https:\/\/lofimusic.com.es\/index.php\/wp-json\/wp\/v2\/product"}],"about":[{"href":"https:\/\/lofimusic.com.es\/index.php\/wp-json\/wp\/v2\/types\/product"}],"replies":[{"embeddable":true,"href":"https:\/\/lofimusic.com.es\/index.php\/wp-json\/wp\/v2\/comments?post=463"}],"wp:featuredmedia":[{"embeddable":true,"href":"https:\/\/lofimusic.com.es\/index.php\/wp-json\/wp\/v2\/media\/462"}],"wp:attachment":[{"href":"https:\/\/lofimusic.com.es\/index.php\/wp-json\/wp\/v2\/media?parent=463"}],"wp:term":[{"taxonomy":"product_cat","embeddable":true,"href":"https:\/\/lofimusic.com.es\/index.php\/wp-json\/wp\/v2\/product_cat?post=463"},{"taxonomy":"product_tag","embeddable":true,"href":"https:\/\/lofimusic.com.es\/index.php\/wp-json\/wp\/v2\/product_tag?post=463"}],"curies":[{"name":"wp","href":"https:\/\/api.w.org\/{rel}","templated":true}]}}