{"id":459,"date":"2024-09-13T19:34:04","date_gmt":"2024-09-13T19:34:04","guid":{"rendered":"https:\/\/lofimusic.com.es\/index.php\/producto\/b0d3v6y5j1_de\/"},"modified":"2024-09-13T19:34:04","modified_gmt":"2024-09-13T19:34:04","slug":"b0d3v6y5j1_de","status":"publish","type":"product","link":"https:\/\/lofimusic.com.es\/index.php\/producto\/b0d3v6y5j1_de\/","title":{"rendered":"B0D3V6Y5J1_DE"},"content":{"rendered":"<p>&#8211; \u2600\u3010DIY Solarbrunnen Kit\u3011DIY Solarbrunnen Kit, sorgf\u00e4ltig gefertigt aus 6.5W hocheffizienten Sonnenkollektoren.Sie k\u00f6nnen damit ein sch\u00f6nes Wasserspiel f\u00fcr Ihren Garten gestalten DIY.<br \/>\n&#8211; \u2600\u3010Verschiedene Wasserstil-Spr\u00fchger\u00e4te\u30116 verschiedene D\u00fcsen k\u00f6nnen Ihre unterschiedlichen Bed\u00fcrfnisse f\u00fcr Strahlh\u00f6he oder Strahlform erf\u00fcllen. Sie k\u00f6nnen den Spr\u00fchkopf leicht wechseln.<br \/>\n&#8211; \u2600\u3010Multi-Anwendung\u3011Diese Solarpumpe ist perfekt f\u00fcr Vogelbad, Aquarium, kleinen Teich, Pool, Garten, Wasserzirkulation f\u00fcr Sauerstoff. Lassen Sie Ihren Hof so am\u00fcsant dekoriert durch die Solar-Wasserpumpe.<br \/>\n&#8211; \u2600\u3010Hilfreiche Tipps\u3011Sie sollten die Pumpe regelm\u00e4\u00dfig reinigen, um zu verhindern, dass die Pumpe mit Staub verstopft.<\/p>\n","protected":false},"excerpt":{"rendered":"<p>Werbung<br \/>\nAISITIN Solar Springbrunnen 6.5W, Eingebaute1500mAh Akkus,Schwimmender Font\u00e4ne Pumpe f\u00fcr Au\u00dfen, mit 6 Font\u00e4nenstile f\u00fcr Garten<\/p>\n","protected":false},"featured_media":458,"comment_status":"open","ping_status":"closed","template":"","meta":[],"product_cat":[15],"product_tag":[],"class_list":{"0":"post-459","1":"product","2":"type-product","3":"status-publish","4":"has-post-thumbnail","6":"product_cat-sin-categorizar","7":"nodate","8":"item-wrap","10":"first","11":"instock","12":"shipping-taxable","13":"product-type-external"},"_links":{"self":[{"href":"https:\/\/lofimusic.com.es\/index.php\/wp-json\/wp\/v2\/product\/459","targetHints":{"allow":["GET"]}}],"collection":[{"href":"https:\/\/lofimusic.com.es\/index.php\/wp-json\/wp\/v2\/product"}],"about":[{"href":"https:\/\/lofimusic.com.es\/index.php\/wp-json\/wp\/v2\/types\/product"}],"replies":[{"embeddable":true,"href":"https:\/\/lofimusic.com.es\/index.php\/wp-json\/wp\/v2\/comments?post=459"}],"wp:featuredmedia":[{"embeddable":true,"href":"https:\/\/lofimusic.com.es\/index.php\/wp-json\/wp\/v2\/media\/458"}],"wp:attachment":[{"href":"https:\/\/lofimusic.com.es\/index.php\/wp-json\/wp\/v2\/media?parent=459"}],"wp:term":[{"taxonomy":"product_cat","embeddable":true,"href":"https:\/\/lofimusic.com.es\/index.php\/wp-json\/wp\/v2\/product_cat?post=459"},{"taxonomy":"product_tag","embeddable":true,"href":"https:\/\/lofimusic.com.es\/index.php\/wp-json\/wp\/v2\/product_tag?post=459"}],"curies":[{"name":"wp","href":"https:\/\/api.w.org\/{rel}","templated":true}]}}