{"id":457,"date":"2024-09-13T19:33:05","date_gmt":"2024-09-13T19:33:05","guid":{"rendered":"https:\/\/lofimusic.com.es\/index.php\/producto\/b0cvnccshl_fr\/"},"modified":"2024-09-13T19:33:05","modified_gmt":"2024-09-13T19:33:05","slug":"b0cvnccshl_fr","status":"publish","type":"product","link":"https:\/\/lofimusic.com.es\/index.php\/producto\/b0cvnccshl_fr\/","title":{"rendered":"B0CVNCCSHL_FR"},"content":{"rendered":"<p>&#8211; \u2600\u3010R\u00e9pulsif solaire \u00e0 ultrasons\u3011Le r\u00e9pulsif \u00e0 ultrasons pour chat se d\u00e9barrasse de tous les animaux et parasites en d\u00e9clenchant un m\u00e9lange d&#8217;ultrasons, de fr\u00e9quences d&#8217;ondes ultrasoniques r\u00e9glables et de lumi\u00e8res stroboscopiques LED clignotantes puissantes et d&#8217;alarme, une fois que les animaux ont atteint la zone de protection qui effraient le ravageur pour quitter la zone.<br \/>\n&#8211; \u2600\u3010Conception solaire et \u00e9tanche IP66 \u3011Ce r\u00e9pulsif \u00e0 ultrasons pour chats pourra fonctionne par tous les temps, son \u00e9tanch\u00e9it\u00e9 atteint IPX66. Son design \u00e9tanche lui permet de fonctionner dans toutes les conditions m\u00e9t\u00e9orologiques telles que la pluie, la neige, la glace et le vent.<br \/>\n&#8211; \u2600\u3010Installation facile\u3011Le r\u00e9pulsif ultrasonique pour animaux est livr\u00e9 avec un poteau qui peut \u00eatre connect\u00e9 directement au sol. Conception portable et de petite taille, il peut \u00eatre install\u00e9 dans votre maison, jardin, cour ou ailleurs. Il peut vous aider \u00e0 rester loin des vilains chiens errants, des chats errants et d&#8217;autres petits animaux, prot\u00e9geant ainsi votre propri\u00e9t\u00e9 et votre jardin.<br \/>\n&#8211; \u2600\u3010Comment fonctionne\u3011Lorsque un animal entre dans la zone, un capteur infrarouge et un r\u00e9pulsif \u00e0 ultrasons \u00e9met une onde ultrasonique convertie en fr\u00e9quence afin que l&#8217;animal puisse s&#8217;\u00e9chapper de la zone. Distance de d\u00e9tection : 6 \u00e0 11 m.<br \/>\n&#8211; \u2600\u30105 contr\u00f4les de fr\u00e9quence\u3011La plupart des animaux ont un large spectre d&#8217;\u00e9coute, mais seulement un est une fr\u00e9quence plus efficace. Si les param\u00e8tres recommand\u00e9s ne fonctionnent pas, vous devez r\u00e9gler des fr\u00e9quences diff\u00e9rentes pour obtenir le maximum de vos besoins sp\u00e9cifiques.<\/p>\n","protected":false},"excerpt":{"rendered":"<p>publicit\u00e9<br \/>\nR\u00e9pulsif pour Chat, R\u00e9pulsif \u00e0 ultrasons \u00e9nergie Solaire, IP66 \u00e9tanche, pour \u00e9loigner Les Animaux, Modes r\u00e9glable, Exterieur c\u00e9pulsif<\/p>\n","protected":false},"featured_media":456,"comment_status":"open","ping_status":"closed","template":"","meta":[],"product_cat":[15],"product_tag":[],"class_list":{"0":"post-457","1":"product","2":"type-product","3":"status-publish","4":"has-post-thumbnail","6":"product_cat-sin-categorizar","7":"nodate","8":"item-wrap","10":"first","11":"instock","12":"shipping-taxable","13":"product-type-external"},"_links":{"self":[{"href":"https:\/\/lofimusic.com.es\/index.php\/wp-json\/wp\/v2\/product\/457","targetHints":{"allow":["GET"]}}],"collection":[{"href":"https:\/\/lofimusic.com.es\/index.php\/wp-json\/wp\/v2\/product"}],"about":[{"href":"https:\/\/lofimusic.com.es\/index.php\/wp-json\/wp\/v2\/types\/product"}],"replies":[{"embeddable":true,"href":"https:\/\/lofimusic.com.es\/index.php\/wp-json\/wp\/v2\/comments?post=457"}],"wp:featuredmedia":[{"embeddable":true,"href":"https:\/\/lofimusic.com.es\/index.php\/wp-json\/wp\/v2\/media\/456"}],"wp:attachment":[{"href":"https:\/\/lofimusic.com.es\/index.php\/wp-json\/wp\/v2\/media?parent=457"}],"wp:term":[{"taxonomy":"product_cat","embeddable":true,"href":"https:\/\/lofimusic.com.es\/index.php\/wp-json\/wp\/v2\/product_cat?post=457"},{"taxonomy":"product_tag","embeddable":true,"href":"https:\/\/lofimusic.com.es\/index.php\/wp-json\/wp\/v2\/product_tag?post=457"}],"curies":[{"name":"wp","href":"https:\/\/api.w.org\/{rel}","templated":true}]}}