{"id":453,"date":"2024-09-13T19:30:08","date_gmt":"2024-09-13T19:30:08","guid":{"rendered":"https:\/\/lofimusic.com.es\/index.php\/producto\/b0cznfv5w2_it\/"},"modified":"2024-09-13T19:30:08","modified_gmt":"2024-09-13T19:30:08","slug":"b0cznfv5w2_it","status":"publish","type":"product","link":"https:\/\/lofimusic.com.es\/index.php\/producto\/b0cznfv5w2_it\/","title":{"rendered":"B0CZNFV5W2_IT"},"content":{"rendered":"<p>&#8211; Nuova Tecnologia Bluetooth 5.3 e Accoppiamento Automatico Rapido: le cuffie Bluetooth sono dotate di un chip Bluetooth 5.3 per garantire una connessione pi\u00f9 stabile, una latenza inferiore e un consumo energetico inferiore durante la trasmissione dei dati, la distanza di trasmissione \u00e8 pi\u00f9 lunga. Dopo il primo collegamento, aprire la custodia di ricarica e l&#8217;auricolari bluetooth si accoppier\u00e0 automaticamente.<br \/>\n&#8211; Eccellente Stereo e Riduzione del Rumore ENC: Cuffie wireless Dotato di un chip avanzato con codice audio e driver dinamici premium da 14.2 mm, offrono un suono stereo Hi-Fi e bassi ricchi e dinamici (I bassi sono migliorati del 45%). La tecnologia avanzata di riduzione del rumore ENC riduce efficacemente fino all&#8217;80% dei rumori di fondo. Ogni cuffie wireless bluetooth \u00e8 dotato di 2 microfoni ENC ad alte prestazioni integrati, per una chiarezza vocale impeccabile durante le chiamate.<br \/>\n&#8211; Doppio Display a LED e 40 Ore di Riproduzione: Gli cuffiette bluetooth offrono 8 ore di riproduzione con una singola carica e fino a 40 ore di riproduzione con la custodia di ricarica portatile. Il display a LED mostra in modo intuitivo il livello di batteria rimanente della custodia di ricarica e delle auricolari wireless, in modo da evitare di compromettere l&#8217;esperienza a causa della mancanza di batteria.<br \/>\n&#8211; IP7 Impermeabili e Sicurezza Fit: Cuffie in ear resistono al sudore e alla pioggia, ideali per l&#8217;uso quotidiano come camminare, correre e fare esercizio. Le cuffie auricolari bluetooth sono state testate migliaia di volte su orecchie umane e il loro design ergonomico e ultraleggero si adatta alle tue orecchie in modo pi\u00f9 confortevole. Sono disponibili tre diverse dimensioni (S\/M\/L), quindi ce n&#8217;\u00e8 sempre una adatto per te, in modo da poter ascoltare la musica comodamente per molto tempo.<br \/>\n&#8211; Controllo Touch e Forte Compatibilit\u00e0: Le cuffie bluetooth in ear sono dotate di un chip di controllo touch ad alta precisione. Basta toccare la superficie esterna di ciascun auricolare con il dito per implementare rapidamente tutte le funzioni, come assistente vocale, riproduzione\/pausa della musica, volume +\/-, chiamate, ecc. Inoltre, le cuffie senza fili possono essere collegate a una variet\u00e0 di dispositivi abilitati Bluetooth, tra cui iOS, smartphone Android, tablet, ecc.<\/p>\n","protected":false},"excerpt":{"rendered":"<p>pubblicit\u00e0<br \/>\nCuffie Bluetooth, 2024 Auricolari Bluetooth 5.3 con 4 HD ENC Cancellazione Rumore Mic, 40 Ore Cuffie Wireless HiFi Stereo LED Display Cuffiette Bluetooth IP7 Impermeabili, USB-C, Touch Control, Nero<\/p>\n","protected":false},"featured_media":452,"comment_status":"open","ping_status":"closed","template":"","meta":[],"product_cat":[15],"product_tag":[],"class_list":{"0":"post-453","1":"product","2":"type-product","3":"status-publish","4":"has-post-thumbnail","6":"product_cat-sin-categorizar","7":"nodate","8":"item-wrap","10":"first","11":"instock","12":"shipping-taxable","13":"product-type-external"},"_links":{"self":[{"href":"https:\/\/lofimusic.com.es\/index.php\/wp-json\/wp\/v2\/product\/453","targetHints":{"allow":["GET"]}}],"collection":[{"href":"https:\/\/lofimusic.com.es\/index.php\/wp-json\/wp\/v2\/product"}],"about":[{"href":"https:\/\/lofimusic.com.es\/index.php\/wp-json\/wp\/v2\/types\/product"}],"replies":[{"embeddable":true,"href":"https:\/\/lofimusic.com.es\/index.php\/wp-json\/wp\/v2\/comments?post=453"}],"wp:featuredmedia":[{"embeddable":true,"href":"https:\/\/lofimusic.com.es\/index.php\/wp-json\/wp\/v2\/media\/452"}],"wp:attachment":[{"href":"https:\/\/lofimusic.com.es\/index.php\/wp-json\/wp\/v2\/media?parent=453"}],"wp:term":[{"taxonomy":"product_cat","embeddable":true,"href":"https:\/\/lofimusic.com.es\/index.php\/wp-json\/wp\/v2\/product_cat?post=453"},{"taxonomy":"product_tag","embeddable":true,"href":"https:\/\/lofimusic.com.es\/index.php\/wp-json\/wp\/v2\/product_tag?post=453"}],"curies":[{"name":"wp","href":"https:\/\/api.w.org\/{rel}","templated":true}]}}