{"id":449,"date":"2024-09-13T19:29:03","date_gmt":"2024-09-13T19:29:03","guid":{"rendered":"https:\/\/lofimusic.com.es\/index.php\/producto\/b0cqgf9v9z_fr\/"},"modified":"2024-09-13T19:29:03","modified_gmt":"2024-09-13T19:29:03","slug":"b0cqgf9v9z_fr","status":"publish","type":"product","link":"https:\/\/lofimusic.com.es\/index.php\/producto\/b0cqgf9v9z_fr\/","title":{"rendered":"B0CQGF9V9Z_FR"},"content":{"rendered":"<p>&#8211; \ud83d\udc2d\ud83e\udd9f\u274c\u3010La derni\u00e8re technologie \u00e0 double puce de 2023\u3011 : Cette \u00e9chographie utilise deux puces ultrasoniques et \u00e9lectromagn\u00e9tiques qui fonctionnent simultan\u00e9ment pour confondre l&#8217;ou\u00efe et le syst\u00e8me nerveux du parasite, les \u00e9loignant ainsi rapidement et puissamment. Repousse la plupart des parasites volants et rampants.<br \/>\n&#8211; \ud83d\udc2d\ud83e\udd9f\u274c \u3010100% S\u00fbr et Efficace\u3011 : Ce produit est imperceptible aux oreilles humaines et \u00e0 l&#8217;ou\u00efe de notre animal de compagnie. Il n&#8217;utilise aucun produit chimique, est inodore et non toxique. Nos \u00e9quipements repoussent les insectes et les rongeurs, cr\u00e9ant un environnement d\u00e9favorable pour eux. Pour les infestations plus importantes, les r\u00e9sultats peuvent prendre des semaines.<br \/>\n&#8211; \ud83d\udc2d\ud83e\udd9f\u274c \u3010Grande zone de couverture et facile \u00e0 utiliser\u3011 La lutte antiparasitaire \u00e0 ultrasons est efficace pour les zones jusqu&#8217;\u00e0 100 m\u00e8tres carr\u00e9s. Branchez simplement le r\u00e9pulsif et allumez-le. Utilisez une grande surface, utilisez ce r\u00e9pulsif dans votre maison, entrep\u00f4t, bureau, jardin, h\u00f4tel, restaurant, bar, etc. Oubliez les parasites.<br \/>\n&#8211; \ud83d\udc2d\ud83e\udd9f\u274c\u3010Facile \u00e0 utiliser\u3011 : branchez simplement le r\u00e9pulsif \u00e0 ultrasons dans une prise \u00e0 30-150 cm du sol et assurez-vous qu&#8217;il n&#8217;y a pas d&#8217;obstacles tels que des rideaux ou des casiers devant le r\u00e9pulsif. La plupart des clients peuvent vaoir les r\u00e9sultats en 3-4 semaines ! Ensuite, nous pouvons dire adieu aux parasites et aux souris.<br \/>\n&#8211; \ud83d\udc2d\ud83e\udd9f\u274c\u3010GARANTIE DE REMBOURSEMENT\u3011 : L&#8217;insectifuge \u00e0 ultrasons est livr\u00e9 avec une garantie \u00e0 vie. Si vous ne constatez aucune am\u00e9lioration dans les 4 semaines, vous recevrez un remboursement \u00e0 100 %. En moyenne, cela peut prendre 4 \u00e0 5 semaines pour voir les r\u00e9sultats (selon la consistance de l&#8217;infection).<\/p>\n","protected":false},"excerpt":{"rendered":"<p>publicit\u00e9<br \/>\nR\u00e9pulsifs Antiparasitaires, R\u00e9pulsif \u00e0 ultrasons pour Souris,Insectes r\u00e9pulsif Int\u00e9rieur,Contre Les moustiques,Antiparasitaire pour rongeurs(4 Paquets)<\/p>\n","protected":false},"featured_media":448,"comment_status":"open","ping_status":"closed","template":"","meta":[],"product_cat":[15],"product_tag":[],"class_list":{"0":"post-449","1":"product","2":"type-product","3":"status-publish","4":"has-post-thumbnail","6":"product_cat-sin-categorizar","7":"nodate","8":"item-wrap","10":"first","11":"instock","12":"shipping-taxable","13":"product-type-external"},"_links":{"self":[{"href":"https:\/\/lofimusic.com.es\/index.php\/wp-json\/wp\/v2\/product\/449","targetHints":{"allow":["GET"]}}],"collection":[{"href":"https:\/\/lofimusic.com.es\/index.php\/wp-json\/wp\/v2\/product"}],"about":[{"href":"https:\/\/lofimusic.com.es\/index.php\/wp-json\/wp\/v2\/types\/product"}],"replies":[{"embeddable":true,"href":"https:\/\/lofimusic.com.es\/index.php\/wp-json\/wp\/v2\/comments?post=449"}],"wp:featuredmedia":[{"embeddable":true,"href":"https:\/\/lofimusic.com.es\/index.php\/wp-json\/wp\/v2\/media\/448"}],"wp:attachment":[{"href":"https:\/\/lofimusic.com.es\/index.php\/wp-json\/wp\/v2\/media?parent=449"}],"wp:term":[{"taxonomy":"product_cat","embeddable":true,"href":"https:\/\/lofimusic.com.es\/index.php\/wp-json\/wp\/v2\/product_cat?post=449"},{"taxonomy":"product_tag","embeddable":true,"href":"https:\/\/lofimusic.com.es\/index.php\/wp-json\/wp\/v2\/product_tag?post=449"}],"curies":[{"name":"wp","href":"https:\/\/api.w.org\/{rel}","templated":true}]}}