{"id":445,"date":"2024-09-13T19:25:03","date_gmt":"2024-09-13T19:25:03","guid":{"rendered":"https:\/\/lofimusic.com.es\/index.php\/producto\/b0d9nqz6d3_fr\/"},"modified":"2024-09-13T19:25:03","modified_gmt":"2024-09-13T19:25:03","slug":"b0d9nqz6d3_fr","status":"publish","type":"product","link":"https:\/\/lofimusic.com.es\/index.php\/producto\/b0d9nqz6d3_fr\/","title":{"rendered":"B0D9NQZ6D3_FR"},"content":{"rendered":"<p>&#8211; \u3010Projection 4K ultra haute d\u00e9finition sur le m\u00eame \u00e9cran\u3011 : avec le dongle Miracast sans fil de FIYAPOO, vous pouvez profiter du contenu 4K (3840 x 2160) sur de grands \u00e9crans, qui offrent une r\u00e9solution quatre fois sup\u00e9rieure \u00e0 1080P. La technologie High Dynamic Range (HDR) offre des couleurs plus vives et r\u00e9alistes et des images plus d\u00e9taill\u00e9es, vous permettant de projeter le contenu de votre t\u00e9l\u00e9phone, tablette ou ordinateur avec une clart\u00e9 \u00e9poustouflante.<br \/>\n&#8211; \u3010Compatibilit\u00e9 multiple\u3011 : le dongle FIYAPOO Miracast offre une large compatibilit\u00e9 avec les syst\u00e8mes d&#8217;exploitation populaires tels que iOS, Android, Windows et Mac OS. Qu&#8217;il s&#8217;agisse d&#8217;un iPhone, iPad, MacBook, Samsung, LG, HTC ou PC, ce dongle prend en charge les fonctions Miracast, Airplay et DLNA, garantissant un partage d&#8217;\u00e9cran sans fil fluide.<br \/>\n&#8211; \u3010Transmission stable avec technologie double bande\u3011 : \u00e9quip\u00e9 de la technologie avanc\u00e9e double bande 2,4 G + 5 GHz et de la prise en charge du protocole 802.11AC, le dongle FIYAPOO Miracast assure une connexion stable et rapide. Cela minimise les interf\u00e9rences et permet un transfert fluide de films, de jeux ou de fichiers sans interruptions caus\u00e9es par des interf\u00e9rences de signal.<br \/>\n&#8211; \u3010Facile \u00e0 utiliser\u3011 Ce dongle est con\u00e7u pour \u00eatre convivial et permet une configuration rapide et facile. En quelques \u00e9tapes seulement, vous pouvez connecter des appareils via AirPlay, DLNA ou Miracast pour diffuser des films, des images, de la musique, des documents ou des jeux depuis des appareils Android, iOS, Mac ou Windows sur un t\u00e9l\u00e9viseur ou un moniteur grand \u00e9cran.<br \/>\n&#8211; \u3010Design portable\u3011 : le dongle FIYAPOO Miracast est compact et l\u00e9ger, ce qui le rend facile \u00e0 transporter. Que ce soit \u00e0 la maison, au bureau ou en d\u00e9placement, profitez \u00e0 tout moment des avantages du partage d&#8217;\u00e9cran sans fil et partagez facilement des moments privil\u00e9gi\u00e9s.<\/p>\n","protected":false},"excerpt":{"rendered":"<p>publicit\u00e9<br \/>\nFIYAPOO Dongle HDMI sans Fil Streaming, Display WiFi 4K et 5G pour iPhone\/iPad\/Android\/iOS\/Windows\/Mac Ordinateur Portable, PC HD Fire TV Stick\/Moniteur\/Projecteur (Support Miracast, DLNA, Airplay)<\/p>\n","protected":false},"featured_media":444,"comment_status":"open","ping_status":"closed","template":"","meta":[],"product_cat":[15],"product_tag":[],"class_list":{"0":"post-445","1":"product","2":"type-product","3":"status-publish","4":"has-post-thumbnail","6":"product_cat-sin-categorizar","7":"nodate","8":"item-wrap","10":"first","11":"instock","12":"shipping-taxable","13":"product-type-external"},"_links":{"self":[{"href":"https:\/\/lofimusic.com.es\/index.php\/wp-json\/wp\/v2\/product\/445","targetHints":{"allow":["GET"]}}],"collection":[{"href":"https:\/\/lofimusic.com.es\/index.php\/wp-json\/wp\/v2\/product"}],"about":[{"href":"https:\/\/lofimusic.com.es\/index.php\/wp-json\/wp\/v2\/types\/product"}],"replies":[{"embeddable":true,"href":"https:\/\/lofimusic.com.es\/index.php\/wp-json\/wp\/v2\/comments?post=445"}],"wp:featuredmedia":[{"embeddable":true,"href":"https:\/\/lofimusic.com.es\/index.php\/wp-json\/wp\/v2\/media\/444"}],"wp:attachment":[{"href":"https:\/\/lofimusic.com.es\/index.php\/wp-json\/wp\/v2\/media?parent=445"}],"wp:term":[{"taxonomy":"product_cat","embeddable":true,"href":"https:\/\/lofimusic.com.es\/index.php\/wp-json\/wp\/v2\/product_cat?post=445"},{"taxonomy":"product_tag","embeddable":true,"href":"https:\/\/lofimusic.com.es\/index.php\/wp-json\/wp\/v2\/product_tag?post=445"}],"curies":[{"name":"wp","href":"https:\/\/api.w.org\/{rel}","templated":true}]}}