{"id":439,"date":"2024-09-13T19:21:05","date_gmt":"2024-09-13T19:21:05","guid":{"rendered":"https:\/\/lofimusic.com.es\/index.php\/producto\/b0d9nq2mj8_fr\/"},"modified":"2024-09-13T19:21:05","modified_gmt":"2024-09-13T19:21:05","slug":"b0d9nq2mj8_fr","status":"publish","type":"product","link":"https:\/\/lofimusic.com.es\/index.php\/producto\/b0d9nq2mj8_fr\/","title":{"rendered":"B0D9NQ2MJ8_FR"},"content":{"rendered":"<p>&#8211; \u3010Projection 4K Ultra HD\u3011 : le dongle Miracast FIYAPOO prend en charge la r\u00e9solution 4K (3840 x 2160), offrant une qualit\u00e9 d&#8217;image extr\u00eamement claire, soit quatre fois celle du 1080P. La technologie HDR am\u00e9liore encore la luminosit\u00e9, le r\u00e9alisme et les d\u00e9tails de l&#8217;image, vous permettant de projeter facilement le contenu de votre t\u00e9l\u00e9phone portable, tablette ou ordinateur sur grand \u00e9cran et de profiter d&#8217;un festin visuel plus choquant.<br \/>\n&#8211; \u3010Large compatibilit\u00e9\u3011 : le dongle Miracast FIYAPOO a une puissante compatibilit\u00e9 multiplateforme, prend en charge les syst\u00e8mes d&#8217;exploitation tels que iOS, Android, Windows et Mac OS, et convient pour iPhone, iPad, Macbook, Samsung, LG, HTC, PC et autres appareils. Quel que soit l&#8217;appareil que vous utilisez, vous pouvez facilement r\u00e9aliser un partage d&#8217;\u00e9cran sans fil via la fonction Miracast, Airplay ou DLNA.<br \/>\n&#8211; \u3010Transmission rapide et stable\u3011: Il adopte la technologie avanc\u00e9e Miracast 2.4G et prend en charge le protocole 802.11AC pour r\u00e9duire efficacement les interf\u00e9rences du signal et am\u00e9liorer la vitesse de transmission. Que ce soit pour regarder des films, jouer \u00e0 des jeux ou transf\u00e9rer des fichiers, il peut garantir des images fluides, non affect\u00e9es par des signaux instables et offrir une exp\u00e9rience utilisateur de haute qualit\u00e9.<br \/>\n&#8211; \u3010Fonctionnement simple\u3011: Le dispositif de partage d&#8217;\u00e9cran sans fil FIYAPOO est simple et facile \u00e0 utiliser. Il suffit de quelques \u00e9tapes pour \u00e9tablir rapidement une connexion entre les appareils sans connexions de c\u00e2bles compliqu\u00e9es. Gr\u00e2ce aux fonctions AirPlay, DLNA, vous pouvez projeter des films, des images, de la musique, des documents ou des jeux depuis des appareils Android, iOS, Mac, Windows sur un t\u00e9l\u00e9viseur ou un moniteur grand \u00e9cran. Il est facile \u00e0 utiliser et accessible \u00e0 tous.<br \/>\n&#8211; \u3010Conception portable\u3011: Le dongle FIYAPOO Miracast adopte un design l\u00e9ger et est facile \u00e0 transporter. Que ce soit \u00e0 la maison, au bureau ou en d\u00e9placement, vous pouvez toujours profiter de l&#8217;exp\u00e9rience pratique du partage d&#8217;\u00e9cran sans fil et partager facilement du contenu merveilleux. Sa portabilit\u00e9 en fait un choix id\u00e9al pour le divertissement \u00e0 domicile, les pr\u00e9sentations professionnelles et les voyages.<\/p>\n","protected":false},"excerpt":{"rendered":"<p>publicit\u00e9<br \/>\nFIYAPOO Miracast Dongle HDMI sans Fil Streaming, Display Dongle WiFi 4K pour iPhone\/iPad\/Android\/iOS\/Windows\/Mac Ordinateur Portable, PC HD Fire TV Stick\/Moniteur\/Projecteur (Support DLNA, Airplay)<\/p>\n","protected":false},"featured_media":438,"comment_status":"open","ping_status":"closed","template":"","meta":[],"product_cat":[15],"product_tag":[],"class_list":{"0":"post-439","1":"product","2":"type-product","3":"status-publish","4":"has-post-thumbnail","6":"product_cat-sin-categorizar","7":"nodate","8":"item-wrap","10":"first","11":"instock","12":"shipping-taxable","13":"product-type-external"},"_links":{"self":[{"href":"https:\/\/lofimusic.com.es\/index.php\/wp-json\/wp\/v2\/product\/439","targetHints":{"allow":["GET"]}}],"collection":[{"href":"https:\/\/lofimusic.com.es\/index.php\/wp-json\/wp\/v2\/product"}],"about":[{"href":"https:\/\/lofimusic.com.es\/index.php\/wp-json\/wp\/v2\/types\/product"}],"replies":[{"embeddable":true,"href":"https:\/\/lofimusic.com.es\/index.php\/wp-json\/wp\/v2\/comments?post=439"}],"wp:featuredmedia":[{"embeddable":true,"href":"https:\/\/lofimusic.com.es\/index.php\/wp-json\/wp\/v2\/media\/438"}],"wp:attachment":[{"href":"https:\/\/lofimusic.com.es\/index.php\/wp-json\/wp\/v2\/media?parent=439"}],"wp:term":[{"taxonomy":"product_cat","embeddable":true,"href":"https:\/\/lofimusic.com.es\/index.php\/wp-json\/wp\/v2\/product_cat?post=439"},{"taxonomy":"product_tag","embeddable":true,"href":"https:\/\/lofimusic.com.es\/index.php\/wp-json\/wp\/v2\/product_tag?post=439"}],"curies":[{"name":"wp","href":"https:\/\/api.w.org\/{rel}","templated":true}]}}