{"id":437,"date":"2024-09-13T19:21:04","date_gmt":"2024-09-13T19:21:04","guid":{"rendered":"https:\/\/lofimusic.com.es\/index.php\/producto\/b0df2qd6c2_it\/"},"modified":"2024-09-13T19:21:04","modified_gmt":"2024-09-13T19:21:04","slug":"b0df2qd6c2_it","status":"publish","type":"product","link":"https:\/\/lofimusic.com.es\/index.php\/producto\/b0df2qd6c2_it\/","title":{"rendered":"B0DF2QD6C2_IT"},"content":{"rendered":"<p>&#8211; \u2600\u3010Sensibilit\u00e0 e frequenza regolabili\u3011\u00e8 possibile regolare la sensibilit\u00e0 e la frequenza dell&#8217;elemento seguendo il manuale utente, in base ai diversi ambienti per aumentare la gamma di protezione. Suggerimenti per l&#8217;installazione: basta installare il repellente per gatti puntato verso l&#8217;area che si desidera proteggere e posizionarlo in un luogo molto soleggiato.<br \/>\n&#8211; \u26a1\u3010Ricarica solare\u3011alimentazione tramite cella solare, nessuna batteria aggiuntiva richiesta. Installandolo in un luogo soleggiato, puoi sempre caricare la batteria integrata e non devi preoccuparti di rimanere senza batteria.Poich\u00e9 le prestazioni di precisione del pannello solare sono state migliorate.Una carica completa pu\u00f2 continuare a funzionare per 5-7 giorni per garantire il normale lavoro in giornate piovose o nuvolose.<br \/>\n&#8211; \ud83d\udc2d\u3010Innocuo per l&#8217;uomo e gli animali\u3011 Il repellente ultrasuoni per talpe di tipo solare emette forti onde di vibrazione e segnali acustici. Fa sentire gli animali a disagio e pu\u00f2 essere respinto senza danneggiarli. Poich\u00e9 \u00e8 un sensore a ultrasuoni, puoi sentire un piccolo suono. \u00c8 innocuo per l&#8217;uomo e gli animali, ma si consiglia di posizionarlo all&#8217;aperto.<br \/>\n&#8211; \ud83d\udc2d\u3010Innocuo per l&#8217;uomo e gli animali\u3011 Il repellente ultrasuoni per talpe di tipo solare emette forti onde di vibrazione e segnali acustici. Fa sentire gli animali a disagio e pu\u00f2 essere respinto senza danneggiarli. Poich\u00e9 \u00e8 un sensore a ultrasuoni, puoi sentire un piccolo suono. \u00c8 innocuo per l&#8217;uomo e gli animali, ma si consiglia di posizionarlo all&#8217;aperto.<br \/>\n&#8211; \ud83d\udca7\u3010IP44 impermeabile e Facile da Installare\u3011 Questo repellente per gatti \u00e8 IP44 impermeabile. \u00c8 in grado di resistere alla normale pioggia. Nota: se ci sono temporali o \u00e8 brutto tempo, si consiglia di portarlo al chiuso. Pu\u00f2 essere installato ovunque in casa, giardino o patio, giardini, cortili, passi carrai, campi, prati, bordi, garage, fattorie e tutte le aree esterne.<\/p>\n","protected":false},"excerpt":{"rendered":"<p>pubblicit\u00e0<br \/>\nUltrasuoni Solare Repellente Gatti,Repellente per Animali,Repeller per Piccioni,Utile per Fattoria,Giardino,Cortile,Repellente per Gatti<\/p>\n","protected":false},"featured_media":436,"comment_status":"open","ping_status":"closed","template":"","meta":[],"product_cat":[15],"product_tag":[],"class_list":{"0":"post-437","1":"product","2":"type-product","3":"status-publish","4":"has-post-thumbnail","6":"product_cat-sin-categorizar","7":"nodate","8":"item-wrap","10":"first","11":"instock","12":"shipping-taxable","13":"product-type-external"},"_links":{"self":[{"href":"https:\/\/lofimusic.com.es\/index.php\/wp-json\/wp\/v2\/product\/437","targetHints":{"allow":["GET"]}}],"collection":[{"href":"https:\/\/lofimusic.com.es\/index.php\/wp-json\/wp\/v2\/product"}],"about":[{"href":"https:\/\/lofimusic.com.es\/index.php\/wp-json\/wp\/v2\/types\/product"}],"replies":[{"embeddable":true,"href":"https:\/\/lofimusic.com.es\/index.php\/wp-json\/wp\/v2\/comments?post=437"}],"wp:featuredmedia":[{"embeddable":true,"href":"https:\/\/lofimusic.com.es\/index.php\/wp-json\/wp\/v2\/media\/436"}],"wp:attachment":[{"href":"https:\/\/lofimusic.com.es\/index.php\/wp-json\/wp\/v2\/media?parent=437"}],"wp:term":[{"taxonomy":"product_cat","embeddable":true,"href":"https:\/\/lofimusic.com.es\/index.php\/wp-json\/wp\/v2\/product_cat?post=437"},{"taxonomy":"product_tag","embeddable":true,"href":"https:\/\/lofimusic.com.es\/index.php\/wp-json\/wp\/v2\/product_tag?post=437"}],"curies":[{"name":"wp","href":"https:\/\/api.w.org\/{rel}","templated":true}]}}