{"id":433,"date":"2024-09-13T19:18:03","date_gmt":"2024-09-13T19:18:03","guid":{"rendered":"https:\/\/lofimusic.com.es\/index.php\/producto\/b0df2lpwmw_it\/"},"modified":"2024-09-13T19:18:03","modified_gmt":"2024-09-13T19:18:03","slug":"b0df2lpwmw_it","status":"publish","type":"product","link":"https:\/\/lofimusic.com.es\/index.php\/producto\/b0df2lpwmw_it\/","title":{"rendered":"B0DF2LPWMW_IT"},"content":{"rendered":"<p>&#8211; \ud835\udde1\ud835\uddd8\ud835\udde6\ud835\udde6\ud835\udde8\ud835\udde1 \ud835\uddd7\ud835\udddc\ud835\udde6\ud835\udde2\ud835\udde5\ud835\uddd7\ud835\udddc\ud835\udde1\ud835\uddd8, \ud835\uddd4\ud835\uddd6\ud835\udde4\ud835\udde8\ud835\udddc\ud835\udde6\ud835\udde7\ud835\udde2 \ud835\udde6\ud835\uddd8\ud835\udde1\ud835\udded\ud835\uddd4 \ud835\udde5\ud835\udddc\ud835\udde6\ud835\uddd6\ud835\udddb\ud835\udddc &#8211; il nostro Repellente Ultrasuoni per parassiti scaccer\u00e0 istantaneamente i parassiti dannosi senza alcun disordine o odore. ultrasuoni per topi da esterno Non c&#8217;\u00e8 bisogno di ripulire i parassiti morti, nessun cattivo odore e cadaveri, nessuna batteria richiesta e risparmia un sacco di soldi. antizanzare ultrasuoni I risultati possono essere generalmente visualizzati entro 2-3 settimane.<br \/>\n&#8211; \ud835\uddd4\ud835\uddd7\ud835\uddd4\ud835\udde7\ud835\udde7\ud835\udde2 \ud835\uddd4 \ud835\uddd5\ud835\uddd4\ud835\udde0\ud835\uddd5\ud835\udddc\ud835\udde1\ud835\udddc \ud835\uddd8 \ud835\uddd4\ud835\udde1\ud835\udddc\ud835\udde0\ud835\uddd4\ud835\udddf\ud835\udddc \ud835\uddd7\ud835\udde2\ud835\udde0\ud835\uddd8\ud835\udde6\ud835\udde7\ud835\udddc\ud835\uddd6\ud835\udddc &#8211; il nostro ultrasuoni per topi da esterno per roditori \u00e8 una scelta migliore come antizanzare ultrasuoni per parassiti per bambini e animali domestici. ultrasuoni zanzare A differenza dei tradizionali ultrasuoni per topi, le nostre onde sonore ultrasoniche non sono udibili dagli esseri umani e dagli animali domestici.i nostri anti zanzare ultrasuoni sono particolarmente amichevoli e innocui per bambini.<br \/>\n&#8211; \ud835\uddd4\ud835\udde0\ud835\udde3\ud835\udddc\ud835\uddd4 \ud835\uddd4\ud835\udde5\ud835\uddd8\ud835\uddd4 \ud835\uddd7\ud835\udddc \ud835\uddd6\ud835\udde2\ud835\udde3\ud835\uddd8\ud835\udde5\ud835\udde7\ud835\udde8\ud835\udde5\ud835\uddd4 &#8211; ogni Repellente Ultrasuoni ad ultrasuoni pu\u00f2 coprire un&#8217;area fino a 1200 piedi quadrati. ultrasuoni per topi Per ottenere i migliori risultati, si consiglia un&#8217;unit\u00e0 per ogni stanza in modo che ogni angolo della casa possa essere coperto e protetto. Il repellente zanzare ultrasuoni ad ultrasuoni per il controllo dei parassiti pu\u00f2 essere ampiamente utilizzato in casa, ristorante, supermercato, garage, hotel, ufficio, magazzino, ospedale, ecc.<br \/>\n&#8211; \ud835\uddd6\ud835\udde2\ud835\udde1\ud835\udde7\ud835\udde5\ud835\udde2\ud835\udddf\ud835\udddf\ud835\udde2 \ud835\udde6\ud835\udddc\ud835\udddf\ud835\uddd8\ud835\udde1\ud835\udded\ud835\udddc\ud835\udde2\ud835\udde6\ud835\udde2 \ud835\uddd7\ud835\uddd8\ud835\udddc \ud835\udde3\ud835\uddd4\ud835\udde5\ud835\uddd4\ud835\udde6\ud835\udde6\ud835\udddc\ud835\udde7\ud835\udddc &#8211; il nostro safer home insetti ad ultrasuoni per topi emette onde sonore ad alta frequenza che sono troppo alte per essere udite dagli esseri umani. Queste onde sono progettate per distrarre, infastidire e scoraggiare i comuni parassiti domestici come scarafaggi, ragni, formiche e roditori. Il nostro intelligente sistema di conversione ad antizanzare ultrasuoni multifrequenza rende impossibile il nascondimento dei parassiti.<br \/>\n&#8211; \ud835\udde6\ud835\udde2\ud835\udddf\ud835\udde8\ud835\udded\ud835\udddc\ud835\udde2\ud835\udde1\ud835\uddd8 \ud835\uddd8\ud835\uddd6\ud835\udde2\ud835\udddf\ud835\udde2\ud835\uddda\ud835\udddc\ud835\uddd6\ud835\uddd4 \ud835\udde3\ud835\uddd8\ud835\udde5 \ud835\udddc\ud835\udddf \ud835\uddd6\ud835\udde2\ud835\udde1\ud835\udde7\ud835\udde5\ud835\udde2\ud835\udddf\ud835\udddf\ud835\udde2 \ud835\uddd7\ud835\uddd8\ud835\udddc \ud835\udde3\ud835\uddd4\ud835\udde5\ud835\uddd4\ud835\udde6\ud835\udde6\ud835\udddc\ud835\udde7\ud835\udddc &#8211; il suono ultrasuoni per topi non \u00e8 udibile dall&#8217;uomo e dagli animali domestici e offre un ambiente sicuro. Il antizanzare ultrasuoni respinge semplicemente i parassiti senza ucciderli, dice addio alle trappole per topi, trappole per colla, motel per scarafaggi e spray per insetti. Repellente Ultrasuoni Non \u00e8 pi\u00f9 necessario eliminare i parassiti morti, non \u00e8 pi\u00f9 necessario chiamare un tecnico.<\/p>\n","protected":false},"excerpt":{"rendered":"<p>pubblicit\u00e0<br \/>\nAntizanzare Ultrasuoni,Ultrasuoni Per Topi Professionale Ultrasuoni Zanzare Repellente Zanzare Ultrasuoni, Anti Topi, Insetti, Zanzare, Scarafaggi, Ratti, Formiche, Ragni 4 Pack<\/p>\n","protected":false},"featured_media":432,"comment_status":"open","ping_status":"closed","template":"","meta":[],"product_cat":[15],"product_tag":[],"class_list":{"0":"post-433","1":"product","2":"type-product","3":"status-publish","4":"has-post-thumbnail","6":"product_cat-sin-categorizar","7":"nodate","8":"item-wrap","10":"first","11":"instock","12":"shipping-taxable","13":"product-type-external"},"_links":{"self":[{"href":"https:\/\/lofimusic.com.es\/index.php\/wp-json\/wp\/v2\/product\/433","targetHints":{"allow":["GET"]}}],"collection":[{"href":"https:\/\/lofimusic.com.es\/index.php\/wp-json\/wp\/v2\/product"}],"about":[{"href":"https:\/\/lofimusic.com.es\/index.php\/wp-json\/wp\/v2\/types\/product"}],"replies":[{"embeddable":true,"href":"https:\/\/lofimusic.com.es\/index.php\/wp-json\/wp\/v2\/comments?post=433"}],"wp:featuredmedia":[{"embeddable":true,"href":"https:\/\/lofimusic.com.es\/index.php\/wp-json\/wp\/v2\/media\/432"}],"wp:attachment":[{"href":"https:\/\/lofimusic.com.es\/index.php\/wp-json\/wp\/v2\/media?parent=433"}],"wp:term":[{"taxonomy":"product_cat","embeddable":true,"href":"https:\/\/lofimusic.com.es\/index.php\/wp-json\/wp\/v2\/product_cat?post=433"},{"taxonomy":"product_tag","embeddable":true,"href":"https:\/\/lofimusic.com.es\/index.php\/wp-json\/wp\/v2\/product_tag?post=433"}],"curies":[{"name":"wp","href":"https:\/\/api.w.org\/{rel}","templated":true}]}}