{"id":431,"date":"2024-09-13T19:17:04","date_gmt":"2024-09-13T19:17:04","guid":{"rendered":"https:\/\/lofimusic.com.es\/index.php\/producto\/b0d9nndbxf_fr\/"},"modified":"2024-09-13T19:17:04","modified_gmt":"2024-09-13T19:17:04","slug":"b0d9nndbxf_fr","status":"publish","type":"product","link":"https:\/\/lofimusic.com.es\/index.php\/producto\/b0d9nndbxf_fr\/","title":{"rendered":"B0D9NNDBXF_FR"},"content":{"rendered":"<p>&#8211; \u3010Projection 4K Ultra HD \u3011: le dongle Miracast FIYAPOO prend en charge la r\u00e9solution 4K (3840 x 2160), offrant des images ultra claires, quatre fois sup\u00e9rieures \u00e0 1080P. Prend en charge la technologie HDR, rendant les couleurs plus vives et plus r\u00e9alistes, et les d\u00e9tails plus riches. Projetez facilement le contenu de votre t\u00e9l\u00e9phone, tablette ou ordinateur sur grand \u00e9cran et profitez d&#8217;effets visuels plus \u00e9poustouflants.<br \/>\n&#8211; \u3010Large compatibilit\u00e9\u3011 : le dongle Miracast FIYAPOO a une forte compatibilit\u00e9 et convient \u00e0 plusieurs syst\u00e8mes d&#8217;exploitation tels que iOS, Android, Windows et Mac OS. Prend en charge iPhone, iPad, Macbook, Samsung, LG, HTC, PC et autres appareils. Quel que soit l&#8217;appareil que vous utilisez, vous pouvez r\u00e9aliser un partage d&#8217;\u00e9cran sans fil via la fonction Miracast, Airplay ou DLNA.<br \/>\n&#8211; \u3010Transmission efficace\u3011 : gr\u00e2ce \u00e0 la technologie Miracast 2.4G, prenant en charge le protocole 802.11AC, r\u00e9duisant les signaux d&#8217;interf\u00e9rence et augmentant la vitesse de transmission. Que ce soit pour regarder des films, jouer \u00e0 des jeux ou transf\u00e9rer des fichiers, il peut assurer un fonctionnement fluide et stable sans \u00eatre affect\u00e9 par des signaux instables.<br \/>\n&#8211; \u3010Facile \u00e0 utiliser\u3011: Conception simple, facile \u00e0 utiliser, vous pouvez rapidement connecter l&#8217;appareil en quelques \u00e9tapes de configuration, \u00e9liminant ainsi le processus compliqu\u00e9 de connexion par c\u00e2ble. Gr\u00e2ce \u00e0 la fonction AirPlay, DLNA ou Miracast, vous pouvez transf\u00e9rer des films, des images, de la musique, des documents ou des jeux depuis des appareils Android, iOS, Mac, Windows vers un t\u00e9l\u00e9viseur ou un moniteur grand \u00e9cran, et vous pouvez l&#8217;utiliser sans comp\u00e9tences professionnelles.<br \/>\n&#8211; \u3010Conception portable\u3011: Le dongle FIYAPOO Miracast est l\u00e9ger et facile \u00e0 transporter. Que ce soit \u00e0 la maison, au bureau ou en d\u00e9placement, vous pouvez toujours profiter de la commodit\u00e9 du partage d&#8217;\u00e9cran sans fil et partager facilement des moments merveilleux. C&#8217;est un choix id\u00e9al pour le divertissement \u00e0 domicile, les pr\u00e9sentations professionnelles et les voyages<\/p>\n","protected":false},"excerpt":{"rendered":"<p>publicit\u00e9<br \/>\nFIYAPOO sans Fil Streaming Miracast Dongle HDMI 4K, Compatible avec iPhone\/iPad\/Android\/iOS\/Windows\/Mac, PC, Moniteur, Projecteur, Fire TV Stick &#8211; Prise en Charge de Miracast, DLNA, Airplay<\/p>\n","protected":false},"featured_media":430,"comment_status":"open","ping_status":"closed","template":"","meta":[],"product_cat":[15],"product_tag":[],"class_list":{"0":"post-431","1":"product","2":"type-product","3":"status-publish","4":"has-post-thumbnail","6":"product_cat-sin-categorizar","7":"nodate","8":"item-wrap","10":"first","11":"instock","12":"shipping-taxable","13":"product-type-external"},"_links":{"self":[{"href":"https:\/\/lofimusic.com.es\/index.php\/wp-json\/wp\/v2\/product\/431","targetHints":{"allow":["GET"]}}],"collection":[{"href":"https:\/\/lofimusic.com.es\/index.php\/wp-json\/wp\/v2\/product"}],"about":[{"href":"https:\/\/lofimusic.com.es\/index.php\/wp-json\/wp\/v2\/types\/product"}],"replies":[{"embeddable":true,"href":"https:\/\/lofimusic.com.es\/index.php\/wp-json\/wp\/v2\/comments?post=431"}],"wp:featuredmedia":[{"embeddable":true,"href":"https:\/\/lofimusic.com.es\/index.php\/wp-json\/wp\/v2\/media\/430"}],"wp:attachment":[{"href":"https:\/\/lofimusic.com.es\/index.php\/wp-json\/wp\/v2\/media?parent=431"}],"wp:term":[{"taxonomy":"product_cat","embeddable":true,"href":"https:\/\/lofimusic.com.es\/index.php\/wp-json\/wp\/v2\/product_cat?post=431"},{"taxonomy":"product_tag","embeddable":true,"href":"https:\/\/lofimusic.com.es\/index.php\/wp-json\/wp\/v2\/product_tag?post=431"}],"curies":[{"name":"wp","href":"https:\/\/api.w.org\/{rel}","templated":true}]}}