{"id":429,"date":"2024-09-13T19:15:04","date_gmt":"2024-09-13T19:15:04","guid":{"rendered":"https:\/\/lofimusic.com.es\/index.php\/producto\/b0dcvlm132_it\/"},"modified":"2024-09-13T19:15:04","modified_gmt":"2024-09-13T19:15:04","slug":"b0dcvlm132_it","status":"publish","type":"product","link":"https:\/\/lofimusic.com.es\/index.php\/producto\/b0dcvlm132_it\/","title":{"rendered":"B0DCVLM132_IT"},"content":{"rendered":"<p>&#8211; Stimolazione precisa del Cl\ud835\ude92toride<br \/>\n&#8211; Telecomando wireless<br \/>\n&#8211; Materiale impermeabile e sicuro<br \/>\n&#8211; Metodo di ricarica USB<br \/>\n&#8211; Imballaggio discreto e servizio post-vendita<\/p>\n","protected":false},"excerpt":{"rendered":"<p>pubblicit\u00e0<br \/>\nV\u00eebr\u00e0t\u00f3r\u00e9per D\u00f3nn\u00e0 Pr\u00f2fession\u1ea1le Clot\ud835\ude98ride wireless \u1e4e\u1e7fet\u1e6do \u1e7ei\u1e03ra\u1e49te D\u00f3nn\u00e0 Telec\u1e53mando \u1e7e\u0268br\u1e01tore \u1e64\u1e19\u1e8d \u1e6ao\u1e8f\u1e63 \u1e7ei\u1e05rat\u1e53rep\u1e15r d\u1e53nna Telecomando \u1e54u\u1e45to g \u1e68quir\u1e6d\u012bng 10 Modalit\u00e0 V\u00eebr\u00e0t\u00f3ri (Cremisi)<\/p>\n","protected":false},"featured_media":428,"comment_status":"open","ping_status":"closed","template":"","meta":[],"product_cat":[15],"product_tag":[],"class_list":{"0":"post-429","1":"product","2":"type-product","3":"status-publish","4":"has-post-thumbnail","6":"product_cat-sin-categorizar","7":"nodate","8":"item-wrap","10":"first","11":"instock","12":"shipping-taxable","13":"product-type-external"},"_links":{"self":[{"href":"https:\/\/lofimusic.com.es\/index.php\/wp-json\/wp\/v2\/product\/429","targetHints":{"allow":["GET"]}}],"collection":[{"href":"https:\/\/lofimusic.com.es\/index.php\/wp-json\/wp\/v2\/product"}],"about":[{"href":"https:\/\/lofimusic.com.es\/index.php\/wp-json\/wp\/v2\/types\/product"}],"replies":[{"embeddable":true,"href":"https:\/\/lofimusic.com.es\/index.php\/wp-json\/wp\/v2\/comments?post=429"}],"wp:featuredmedia":[{"embeddable":true,"href":"https:\/\/lofimusic.com.es\/index.php\/wp-json\/wp\/v2\/media\/428"}],"wp:attachment":[{"href":"https:\/\/lofimusic.com.es\/index.php\/wp-json\/wp\/v2\/media?parent=429"}],"wp:term":[{"taxonomy":"product_cat","embeddable":true,"href":"https:\/\/lofimusic.com.es\/index.php\/wp-json\/wp\/v2\/product_cat?post=429"},{"taxonomy":"product_tag","embeddable":true,"href":"https:\/\/lofimusic.com.es\/index.php\/wp-json\/wp\/v2\/product_tag?post=429"}],"curies":[{"name":"wp","href":"https:\/\/api.w.org\/{rel}","templated":true}]}}