{"id":427,"date":"2024-09-13T19:14:03","date_gmt":"2024-09-13T19:14:03","guid":{"rendered":"https:\/\/lofimusic.com.es\/index.php\/producto\/b0ctcjh29w_de\/"},"modified":"2024-09-13T19:14:03","modified_gmt":"2024-09-13T19:14:03","slug":"b0ctcjh29w_de","status":"publish","type":"product","link":"https:\/\/lofimusic.com.es\/index.php\/producto\/b0ctcjh29w_de\/","title":{"rendered":"B0CTCJH29W_DE"},"content":{"rendered":"<p>&#8211; Neueste Bluetooth 5.3 Technologie: Die kopfh\u00f6rer kabellos bluetooth sind mit der neuesten bluetooth 5.3-technologie ausgestattet, die die \u00dcbertragungsgeschwindigkeit von Audiodaten um bis zu 75 % erh\u00f6ht und stabilere Verbindungen bei geringerem Stromverbrauch erm\u00f6glicht. Nach dem ersten Pairing nehmen Sie das earbuds einfach aus der Ladeschale und das earbuds verbindet sich automatisch mit Ihrem Telefon.<br \/>\n&#8211; ENC Klarer Aufruf und HiFi Stereo: Die in ear kopfh\u00f6rer bluetooth verf\u00fcgen \u00fcber 4 Mic und Technologie zur Unterdr\u00fcckung von Umgebungsger\u00e4uschen (ENC) der 70% der Hintergrundger\u00e4usche filtern kann und Ihre Stimme f\u00fcr hervorragende Klarheit w\u00e4hrend eines Anrufs aufnimmt. Bluetooth kopfh\u00f6rer bieten einen fortschrittlichen Chip, 13-mm-Lautsprecher und fortschrittliche Audiocodecs f\u00fcr klare H\u00f6hen, Mitten und dynamische B\u00e4sse f\u00fcr einen beeindruckenden Musikgenuss.<br \/>\n&#8211; Ergnomisch Passform und IP7 Wasserdicht: Flexible, weiche Silikon-Kopfh\u00f6rer(S\/M\/L Ohrenkappen) passen sich allen Ohrformen an und sorgen daf\u00fcr, dass die bluetooth ohrh\u00f6rer beim Sport und bei Outdoor-Aktivit\u00e4ten bequem und sicher sitzen. Die Ohrb\u00fcgel sind bequem und gehen nicht ab, was sie zum idealen Begleiter beim Joggen und Training macht. IP7 wasserdichte technologie sch\u00fctzt bluetooth kopfh\u00f6rer sport effizient vor sch\u00e4den durch schwei\u00df, f\u00fcr workouts, arbeiten und pendeln.<br \/>\n&#8211; 50 Std Spielzeit und LED-Digitalanzeige: Einzelne Kopfh\u00f6rer k\u00f6nnen 8 Stunden lang verwendet werden, mit der Ladeh\u00fclle k\u00f6nnen sie 50 Stunden lang verwendet werden. Diese kopfh\u00f6rer kabellos ausgestattet mit einer einzigartigen intelligenten digitalen LED anzeige, zeigt genau die verbleibende leistung der Ladebox im digitalem format. F\u00fcr die rechten oder linken bluetooth kopfh\u00f6rer in ear gibt es getrennte stromverbrauchsanzeigen.<br \/>\n&#8211; Touch-Steuerung und Universelle Kompatibilit\u00e4t: In ear kopfh\u00f6rer bluetooth kabellos verwendet einen hochpr\u00e4zisen Ber\u00fchrungschip, um eine empfindliche Ber\u00fchrungsfunktion bereitzustellen. Ber\u00fchren sie einfach um schnell auf alle Funktionen zuzugreifen, Musikwiedergabe\/Pause, Umschalten von Titeln, Einstellen der Lautst\u00e4rke, Steuern von Anrufen usw. Die earbuds sind mit den meisten Bluetooth-f\u00e4higen Mobiltelefonen und Bluetooth-f\u00e4higen Ger\u00e4ten wie iOS, Android, usw. kompatibel.<\/p>\n","protected":false},"excerpt":{"rendered":"<p>Werbung<br \/>\nBluetooth Kopfh\u00f6rer Sport, Kopfh\u00f6rer Kabellos Bluetooth 5.3 mit 4 ENC Noise Cancelling Mic, 50 Std Kabellose Kopfh\u00f6rer in Ear mit HiFi Stereo, IP7 Wasserdicht, Bluetooth Ohrh\u00f6rer USB-C, Helles Rosa<\/p>\n","protected":false},"featured_media":426,"comment_status":"open","ping_status":"closed","template":"","meta":[],"product_cat":[15],"product_tag":[],"class_list":{"0":"post-427","1":"product","2":"type-product","3":"status-publish","4":"has-post-thumbnail","6":"product_cat-sin-categorizar","7":"nodate","8":"item-wrap","10":"first","11":"instock","12":"shipping-taxable","13":"product-type-external"},"_links":{"self":[{"href":"https:\/\/lofimusic.com.es\/index.php\/wp-json\/wp\/v2\/product\/427","targetHints":{"allow":["GET"]}}],"collection":[{"href":"https:\/\/lofimusic.com.es\/index.php\/wp-json\/wp\/v2\/product"}],"about":[{"href":"https:\/\/lofimusic.com.es\/index.php\/wp-json\/wp\/v2\/types\/product"}],"replies":[{"embeddable":true,"href":"https:\/\/lofimusic.com.es\/index.php\/wp-json\/wp\/v2\/comments?post=427"}],"wp:featuredmedia":[{"embeddable":true,"href":"https:\/\/lofimusic.com.es\/index.php\/wp-json\/wp\/v2\/media\/426"}],"wp:attachment":[{"href":"https:\/\/lofimusic.com.es\/index.php\/wp-json\/wp\/v2\/media?parent=427"}],"wp:term":[{"taxonomy":"product_cat","embeddable":true,"href":"https:\/\/lofimusic.com.es\/index.php\/wp-json\/wp\/v2\/product_cat?post=427"},{"taxonomy":"product_tag","embeddable":true,"href":"https:\/\/lofimusic.com.es\/index.php\/wp-json\/wp\/v2\/product_tag?post=427"}],"curies":[{"name":"wp","href":"https:\/\/api.w.org\/{rel}","templated":true}]}}