{"id":425,"date":"2024-09-13T19:13:04","date_gmt":"2024-09-13T19:13:04","guid":{"rendered":"https:\/\/lofimusic.com.es\/index.php\/producto\/b0d41k135q_fr\/"},"modified":"2024-09-13T19:13:04","modified_gmt":"2024-09-13T19:13:04","slug":"b0d41k135q_fr","status":"publish","type":"product","link":"https:\/\/lofimusic.com.es\/index.php\/producto\/b0d41k135q_fr\/","title":{"rendered":"B0D41K135Q_FR"},"content":{"rendered":"<p>&#8211; \u3010Double cam\u00e9ra HD 4K &amp; appareil photo num\u00e9rique 64 MP \u3011Cet appareil photo num\u00e9rique double offre la derni\u00e8re fonction d&#8217;enregistrement 4K, qui peut enregistrer des images 64 MP et des vid\u00e9os 4K haute r\u00e9solution, vous offrant une qualit\u00e9 d&#8217;image fine et claire. La cam\u00e9ra prend \u00e9galement en charge l&#8217;anti-tremblement, le zoom num\u00e9rique 16X et la mise au point automatique, qui peuvent r\u00e9pondre \u00e0 tous vos besoins d&#8217;enregistrement quotidiens.<br \/>\n&#8211; \u3010Appareil photo num\u00e9rique compact avec flash \u3011Cet appareil photo est l\u00e9ger et portable, ne p\u00e8se que 285 grammes, et est livr\u00e9 avec deux jeux de piles rempla\u00e7ables, de sorte que vous n&#8217;avez jamais \u00e0 vous soucier de manquer de courant lorsque vous prenez des photos ou des vid\u00e9os. Le design compact le rend facile \u00e0 transporter dans votre poche. L&#8217;appareil photo dispose \u00e9galement d&#8217;un flash LED int\u00e9gr\u00e9 pour une utilisation dans des environnements plus sombres, ce qui vous permet de prendre des photos et des vid\u00e9os claires dans toutes les situations.<br \/>\n&#8211; \u3010Zoom num\u00e9rique 16X &amp; mise au point automatique \u3011 Cette cam\u00e9ra photo dispose d&#8217;une puissante fonction de mise au point automatique qui vous permet de capturer rapidement des images claires. En outre, il est \u00e9quip\u00e9 d&#8217;un zoom num\u00e9rique jusqu&#8217;\u00e0 16X qui vous permet de capturer des d\u00e9tails \u00e0 partir de plus grandes distances, de pr\u00e9server la nettet\u00e9 de l&#8217;image et de capturer les moments les plus excitants et m\u00e9morables.<br \/>\n&#8211; \u3010Cam\u00e9ra de vlogging 4K &amp; webcam \u3011 la cam\u00e9ra de vlogging peut facilement enregistrer la vie quotidienne, les r\u00e9unions avec des amis et des sc\u00e8nes de voyage. Si vous le connectez \u00e0 votre ordinateur via USB et que vous passez \u00e0 \u00ab webcam \u00bb, vous pouvez le transformer en cam\u00e9ra d&#8217;ordinateur pour le streaming en direct et le partage de vid\u00e9os sur les r\u00e9seaux sociaux tels que Facebook et YouTube. Gr\u00e2ce \u00e0 ces vid\u00e9os, vous pouvez laisser votre famille et vos amis partager les beaux moments et les merveilleuses choses de la vie, enrichissant ainsi l&#8217;exp\u00e9rience de vie des autres.<br \/>\n&#8211; \u3010Appareil photo num\u00e9rique multifonction 4K \u3011 Cet appareil photo num\u00e9rique offre une fonction de pause, un port HD, une webcam et plus encore. Il dispose d&#8217;un capteur CMOS de 1300 pixels, d&#8217;un tampon de date r\u00e9glable, d&#8217;un arr\u00eat automatique, d&#8217;une fonction acc\u00e9l\u00e9r\u00e9e, d&#8217;un enregistrement facial\/sourire et d&#8217;autres fonctions sp\u00e9ciales pour une vari\u00e9t\u00e9 de besoins d&#8217;enregistrement.<\/p>\n","protected":false},"excerpt":{"rendered":"<p>publicit\u00e9<br \/>\nAppareil Photo Num\u00e9rique 4K \uff0c64 MP Autofocus Vlogging Appareil Photo Anti-Shake Zoom Num\u00e9rique 16X Digital Zoom Carte 32G Carte 2 Batteries Appareil Photo Compact pour Adolescents et D\u00e9butants (Noir)<\/p>\n","protected":false},"featured_media":424,"comment_status":"open","ping_status":"closed","template":"","meta":[],"product_cat":[15],"product_tag":[],"class_list":{"0":"post-425","1":"product","2":"type-product","3":"status-publish","4":"has-post-thumbnail","6":"product_cat-sin-categorizar","7":"nodate","8":"item-wrap","10":"first","11":"instock","12":"shipping-taxable","13":"product-type-external"},"_links":{"self":[{"href":"https:\/\/lofimusic.com.es\/index.php\/wp-json\/wp\/v2\/product\/425","targetHints":{"allow":["GET"]}}],"collection":[{"href":"https:\/\/lofimusic.com.es\/index.php\/wp-json\/wp\/v2\/product"}],"about":[{"href":"https:\/\/lofimusic.com.es\/index.php\/wp-json\/wp\/v2\/types\/product"}],"replies":[{"embeddable":true,"href":"https:\/\/lofimusic.com.es\/index.php\/wp-json\/wp\/v2\/comments?post=425"}],"wp:featuredmedia":[{"embeddable":true,"href":"https:\/\/lofimusic.com.es\/index.php\/wp-json\/wp\/v2\/media\/424"}],"wp:attachment":[{"href":"https:\/\/lofimusic.com.es\/index.php\/wp-json\/wp\/v2\/media?parent=425"}],"wp:term":[{"taxonomy":"product_cat","embeddable":true,"href":"https:\/\/lofimusic.com.es\/index.php\/wp-json\/wp\/v2\/product_cat?post=425"},{"taxonomy":"product_tag","embeddable":true,"href":"https:\/\/lofimusic.com.es\/index.php\/wp-json\/wp\/v2\/product_tag?post=425"}],"curies":[{"name":"wp","href":"https:\/\/api.w.org\/{rel}","templated":true}]}}