{"id":421,"date":"2024-09-13T19:09:06","date_gmt":"2024-09-13T19:09:06","guid":{"rendered":"https:\/\/lofimusic.com.es\/index.php\/producto\/b0cnlkkxfj_de\/"},"modified":"2024-09-13T19:09:06","modified_gmt":"2024-09-13T19:09:06","slug":"b0cnlkkxfj_de","status":"publish","type":"product","link":"https:\/\/lofimusic.com.es\/index.php\/producto\/b0cnlkkxfj_de\/","title":{"rendered":"B0CNLKKXFJ_DE"},"content":{"rendered":"<p>&#8211; Robuster Naturkautschuk Spielzeug Hund: Der Hund Kauspielzeug f\u00fcr aggressive Kauer ist aus 100% nat\u00fcrlichen Materialien, ungiftig und umweltfreundlich, nat\u00fcrlich und langlebig.<br \/>\n&#8211; Einzigartiges Design Spielzeug f\u00fcr Hunde : PcEoTllar unzerst\u00f6rbar Hund kauen Spielzeug mit Frisbee-Design zieht die Aufmerksamkeit des Hundes mehr als herk\u00f6mmliche Kauspielzeug, und die ungleiche Kante Design passt das Maul des Hundes besser, bieten Monate der Zahnreinigung und Spielspa\u00df. Die Gr\u00f6\u00dfe ist 14 * 14 * 4cm, es ist geeignet f\u00fcr eine Vielzahl von verschiedenen Hunderassen und sogar aggressive Kauer.<br \/>\n&#8211; Lang Anhaltender Spa\u00df: PcEoTllar Hund kauen Spielzeug unzerst\u00f6rbar ist geeignet f\u00fcr eine Vielzahl von Indoor-und Outdoor-Aktivit\u00e4ten, um Ihren Hund f\u00fcr eine lange Zeit unterhalten. Es reduziert nicht nur den Stress, die Depressionen und die Trennungsangst Ihres Hundes, sondern das richtige Kauen kann auch das Zahnfleisch massieren und Zahnstein und andere Parodontalerkrankungen vermeiden. Halten Sie Ihre Z\u00e4hne gesund.<br \/>\n&#8211; Einfach zu Reinigen und zu Verwenden. Tragen Sie einfach Erdnussbutterjoghurt oder Snacks auf das Spielzeug auf, damit Ihre Haustiere es benutzen k\u00f6nnen. Und das unverw\u00fcstliche Hundespielzeug ist sp\u00fclmaschinenfest.<br \/>\n&#8211; Zufriedenstellender Service nach dem Kauf: Wir verpflichten uns, Ihnen das beste Qualit\u00e4tsprodukt anzubieten, und wir hoffen, Ihre Erwartungen zu erf\u00fcllen. Wenn Sie nicht vollst\u00e4ndig mit Ihrem Kauf zufrieden sind, z\u00f6gern Sie bitte nicht, uns direkt zu kontaktieren, wir werden Ihnen innerhalb von 24 Stunden helfen.<\/p>\n","protected":false},"excerpt":{"rendered":"<p>Werbung<br \/>\nPcEoTllar Hundespielzeug Unzerst\u00f6rbares f\u00fcr Aggressives Kauen, Kauspielzeug Robuster Hunde Spielzeug f\u00fcr Mittleren Gro\u00dfe Hunde &#8211; Multifunktional Naturkautschuk Interaktives Kauspielzeug, Gr\u00fcn<\/p>\n","protected":false},"featured_media":419,"comment_status":"open","ping_status":"closed","template":"","meta":[],"product_cat":[15],"product_tag":[],"class_list":{"0":"post-421","1":"product","2":"type-product","3":"status-publish","4":"has-post-thumbnail","6":"product_cat-sin-categorizar","7":"nodate","8":"item-wrap","10":"first","11":"instock","12":"shipping-taxable","13":"product-type-external"},"_links":{"self":[{"href":"https:\/\/lofimusic.com.es\/index.php\/wp-json\/wp\/v2\/product\/421","targetHints":{"allow":["GET"]}}],"collection":[{"href":"https:\/\/lofimusic.com.es\/index.php\/wp-json\/wp\/v2\/product"}],"about":[{"href":"https:\/\/lofimusic.com.es\/index.php\/wp-json\/wp\/v2\/types\/product"}],"replies":[{"embeddable":true,"href":"https:\/\/lofimusic.com.es\/index.php\/wp-json\/wp\/v2\/comments?post=421"}],"wp:featuredmedia":[{"embeddable":true,"href":"https:\/\/lofimusic.com.es\/index.php\/wp-json\/wp\/v2\/media\/419"}],"wp:attachment":[{"href":"https:\/\/lofimusic.com.es\/index.php\/wp-json\/wp\/v2\/media?parent=421"}],"wp:term":[{"taxonomy":"product_cat","embeddable":true,"href":"https:\/\/lofimusic.com.es\/index.php\/wp-json\/wp\/v2\/product_cat?post=421"},{"taxonomy":"product_tag","embeddable":true,"href":"https:\/\/lofimusic.com.es\/index.php\/wp-json\/wp\/v2\/product_tag?post=421"}],"curies":[{"name":"wp","href":"https:\/\/api.w.org\/{rel}","templated":true}]}}