{"id":417,"date":"2024-09-13T19:09:05","date_gmt":"2024-09-13T19:09:05","guid":{"rendered":"https:\/\/lofimusic.com.es\/index.php\/producto\/b0d9w1wv2w_fr\/"},"modified":"2024-09-13T19:09:05","modified_gmt":"2024-09-13T19:09:05","slug":"b0d9w1wv2w_fr","status":"publish","type":"product","link":"https:\/\/lofimusic.com.es\/index.php\/producto\/b0d9w1wv2w_fr\/","title":{"rendered":"B0D9W1WV2W_FR"},"content":{"rendered":"<p>&#8211; \u2705 \u3010Stimulateur musculaire \u00e9lectrique\u3011 est utilis\u00e9 pour les exercices musculaires abdominaux. Le SME (stimulation musculaire \u00e9lectrique) utilise une stimulation \u00e9lectrique pour transmettre des signaux \u00e9lectriques directement aux muscles afin que les muscles soient plac\u00e9s dans un \u00e9tat form\u00e9.<br \/>\n&#8211; \u2705 \u30108 modes et 19 intensit\u00e9s\u3011 Cet entra\u00eeneur du ventre offre 8 modes et 19 niveaux d&#8217;intensit\u00e9. Ajustez l&#8217;intensit\u00e9 des besoins de votre corps afin que vos muscles puissent s&#8217;entra\u00eener. Tr\u00e8s adapt\u00e9 aux bras, \u00e0 la poitrine, au haut et au bas de l&#8217;abdomen, au dos, aux jambes, aux fesses, aux fesses, aux cuisses, aux veaux et \u00e0 la taille.<br \/>\n&#8211; \u2705 \u3010Effet am\u00e9lior\u00e9\u3011 seulement 20 minutes par jour, 1 \u00e0 2 fois par jour, pendant plus de 6 semaines. Cela peut aider \u00e0 former, resserrer et renforcer les muscles du ventre, des bras et des jambes afin qu&#8217;ils aient un corps parfait cet \u00e9t\u00e9.<br \/>\n&#8211; \ud83c\udf40 \u3010S\u00e9curit\u00e9\u3011 Gel anti-allergie inodore import\u00e9, inoffensif pour le corps humain, pas d&#8217;odeur \u00e9trange. Technologie intelligente EMS Microelectronics. Certification des produits de s\u00e9curit\u00e9 et de protection de l&#8217;environnement RAW, RAW, FCC.<br \/>\n&#8211; \ud83d\udce6 \u3010Garantie de remboursement \u00e0 100%\u3011 Nous esp\u00e9rons que vous \u00eates satisfait de votre exp\u00e9rience avec le produit; Si ce produit ne vous convient pas, nous offrons un service 24h \/ 24 et une garantie de produit de 12 mois.<\/p>\n","protected":false},"excerpt":{"rendered":"<p>publicit\u00e9<br \/>\nElectrostimulateur Musculaire, Abs Stimulator EMS Musculation, Rechargeable Stimulateur Musculaire Abdominal \u00c9lectrique pour Abdominaux\/Bras\/Jambes, 8 Modes &amp; 19 Intensit\u00e9s<\/p>\n","protected":false},"featured_media":416,"comment_status":"open","ping_status":"closed","template":"","meta":[],"product_cat":[15],"product_tag":[],"class_list":{"0":"post-417","1":"product","2":"type-product","3":"status-publish","4":"has-post-thumbnail","6":"product_cat-sin-categorizar","7":"nodate","8":"item-wrap","10":"first","11":"instock","12":"shipping-taxable","13":"product-type-external"},"_links":{"self":[{"href":"https:\/\/lofimusic.com.es\/index.php\/wp-json\/wp\/v2\/product\/417","targetHints":{"allow":["GET"]}}],"collection":[{"href":"https:\/\/lofimusic.com.es\/index.php\/wp-json\/wp\/v2\/product"}],"about":[{"href":"https:\/\/lofimusic.com.es\/index.php\/wp-json\/wp\/v2\/types\/product"}],"replies":[{"embeddable":true,"href":"https:\/\/lofimusic.com.es\/index.php\/wp-json\/wp\/v2\/comments?post=417"}],"wp:featuredmedia":[{"embeddable":true,"href":"https:\/\/lofimusic.com.es\/index.php\/wp-json\/wp\/v2\/media\/416"}],"wp:attachment":[{"href":"https:\/\/lofimusic.com.es\/index.php\/wp-json\/wp\/v2\/media?parent=417"}],"wp:term":[{"taxonomy":"product_cat","embeddable":true,"href":"https:\/\/lofimusic.com.es\/index.php\/wp-json\/wp\/v2\/product_cat?post=417"},{"taxonomy":"product_tag","embeddable":true,"href":"https:\/\/lofimusic.com.es\/index.php\/wp-json\/wp\/v2\/product_tag?post=417"}],"curies":[{"name":"wp","href":"https:\/\/api.w.org\/{rel}","templated":true}]}}