{"id":411,"date":"2024-09-13T19:04:04","date_gmt":"2024-09-13T19:04:04","guid":{"rendered":"https:\/\/lofimusic.com.es\/index.php\/producto\/b0crkpvv6r_de\/"},"modified":"2024-09-13T19:04:04","modified_gmt":"2024-09-13T19:04:04","slug":"b0crkpvv6r_de","status":"publish","type":"product","link":"https:\/\/lofimusic.com.es\/index.php\/producto\/b0crkpvv6r_de\/","title":{"rendered":"B0CRKPVV6R_DE"},"content":{"rendered":"<p>&#8211; \u30101,91\u00bb Farb-HD-Volltouchscreen &amp; DIY Zifferblatt\u3011Smartwatch damen mit 1,91-Zoll-Touchscreen und 4-stufig einstellbarer Helligkeit, klareres Display bei Sonnenlicht, komfortablere Bedienung. Der Sprachassistent auf Ihrer smartwatch herren befreit Ihre H\u00e4nde vom Smartphone. Herren uhr haben mehr als 200+ einzigartige Online-Zifferbl\u00e4tter zur Auswahl, Sie k\u00f6nnen auch ein beliebiges bild auf Ihrem Telefon als hintergrundbild ausw\u00e4hlen, um Ihren pers\u00f6nlichen Stil zu zeigen.<br \/>\n&#8211; \u3010Bluetooth Anrufe &amp; Informationserinnerung\u3011Die uhr damen einen Lautsprecher und ein hochaufl\u00f6sendes Mikrofon. Nach der Verbindung mit dem Telefon \u00fcber Bluetooth Sie Anrufe direkt von fitnessuhr damen aus empfangen oder t\u00e4tigen. Die fitness tracker kann auch SMS- und App-Nachrichten (WhatsApp, Twitter, Facebook, Instagram, YouTube usw.) synchron empfangen. Alle Benachrichtigungen werden auf Ihrem damen uhr angezeigt und durch Vibration erinnert. Sie werden keine Informationen verpassen.<br \/>\n&#8211; \u3010110+ Sportmodi &amp; IP68 Wasserdicht\u3011Die uhr herren unterst\u00fctzt Laufband \/ Joggen \/ Radfahren \/ Gehen \/ Yoga \/ Springseil \/ Badminton \/ Freies Training usw, was die erste Wahl f\u00fcr Sportbegeisterte ist. Die Datenverfolgung in Echtzeit hilft Ihnen, die Intensit\u00e4t Ihres Trainings f\u00fcr optimale Ergebnisse anzupassen. Das hautfreundliche Silikonarmband sorgt f\u00fcr optimalen Tragekomfort. Mit IP68 wasserdichtkeit kann die fitnessuhr herren Ihre t\u00e4glichen wasserdichten Anforderungen erf\u00fcllen.<br \/>\n&#8211; \u301024\/7 Echtzeit Gesundheitsmonitor\u3011Die damen smartwatch verwendet fortschrittliche Sensoren f\u00fcr pr\u00e4zise \u00dcberwachung. Sie kann Ihre Gesundheitsdaten (SpO2, Herzfrequenz) kontinuierlich 24 Stunden lang messen. Die sportuhr damen kann auch den schlafstatus \u00fcberwachen und analysieren, um Ihre schlafqualit\u00e4t zu verbessern. Au\u00dferdem verf\u00fcgt die watch \u00fcber eine Funktion zur Aufzeichnung des weiblichen Menstruationszyklus. Es ist ein ideales Geschenk f\u00fcr Ihre Mutter, Frau oder Freundin.<br \/>\n&#8211; \u3010Multifunktion &amp; Lange Akkulaufzeit\u3011Diese Smart watch enth\u00e4lt mehr praktische Funktionen, Fitness Uhr (Schrittz\u00e4hler, Kalorien, Aktivit\u00e4ts Entfernung), Frauengesundheit, Atemtraining, Stoppuhr, Timer, Musiksteuerung, Kamerasteuerung, Wettervorhersage, sitzende Erinnerung, Taschenrechner, Kalender, Gmail, Wecker, Telefon finden, Taschenlampe usw. Mit nur 2 Stunden Ladezeit bietet die Uhr eine Nutzungsdauer von bis zu 7 Tagen und einen Standby-Modus von 30 Tagen.<\/p>\n","protected":false},"excerpt":{"rendered":"<p>Werbung<br \/>\nuaue Smartwatch Herren Damen, 1,91&#8243; HD Smartwatch Damen mit Telefonfunktion, Smart Watch Fitnessuhr 113+ Sportmodi, IP68 Wasserdicht, Sportuhr mit Herzfrequenz Schlafmonitor Schrittz\u00e4hler, Tief wei\u00df<\/p>\n","protected":false},"featured_media":410,"comment_status":"open","ping_status":"closed","template":"","meta":[],"product_cat":[15],"product_tag":[],"class_list":{"0":"post-411","1":"product","2":"type-product","3":"status-publish","4":"has-post-thumbnail","6":"product_cat-sin-categorizar","7":"nodate","8":"item-wrap","10":"first","11":"instock","12":"shipping-taxable","13":"product-type-external"},"_links":{"self":[{"href":"https:\/\/lofimusic.com.es\/index.php\/wp-json\/wp\/v2\/product\/411","targetHints":{"allow":["GET"]}}],"collection":[{"href":"https:\/\/lofimusic.com.es\/index.php\/wp-json\/wp\/v2\/product"}],"about":[{"href":"https:\/\/lofimusic.com.es\/index.php\/wp-json\/wp\/v2\/types\/product"}],"replies":[{"embeddable":true,"href":"https:\/\/lofimusic.com.es\/index.php\/wp-json\/wp\/v2\/comments?post=411"}],"wp:featuredmedia":[{"embeddable":true,"href":"https:\/\/lofimusic.com.es\/index.php\/wp-json\/wp\/v2\/media\/410"}],"wp:attachment":[{"href":"https:\/\/lofimusic.com.es\/index.php\/wp-json\/wp\/v2\/media?parent=411"}],"wp:term":[{"taxonomy":"product_cat","embeddable":true,"href":"https:\/\/lofimusic.com.es\/index.php\/wp-json\/wp\/v2\/product_cat?post=411"},{"taxonomy":"product_tag","embeddable":true,"href":"https:\/\/lofimusic.com.es\/index.php\/wp-json\/wp\/v2\/product_tag?post=411"}],"curies":[{"name":"wp","href":"https:\/\/api.w.org\/{rel}","templated":true}]}}