{"id":409,"date":"2024-09-13T19:03:04","date_gmt":"2024-09-13T19:03:04","guid":{"rendered":"https:\/\/lofimusic.com.es\/index.php\/producto\/b0d2l2bd2h_it\/"},"modified":"2024-09-13T19:03:04","modified_gmt":"2024-09-13T19:03:04","slug":"b0d2l2bd2h_it","status":"publish","type":"product","link":"https:\/\/lofimusic.com.es\/index.php\/producto\/b0d2l2bd2h_it\/","title":{"rendered":"B0D2L2BD2H_IT"},"content":{"rendered":"<p>&#8211; Chiamate Bluetooth e Notifiche Intelligenti: Dopo aver collegato lo Chiamate Bluetooth Smartwatch Uomo Donna tramite Bluetooth, puoi chiamare e rispondere direttamente dall&#8217;orologio. visualizzare contatti e cronologia chiamate. Supporta anche le notifiche di messaggistica e social media come Facebook e WhatsApp, in modo da non perdere chiamate e messaggi importanti nella vita quotidiana. smartwatch supporta i sistemi smartphone iOS 9.0 e successivi e Android 5.0 e successivi.<br \/>\n&#8211; 1,91&#8243; Screen Completo e Quadranti Personalizzati: Il nostro smartwatch uomo presenta uno schermo a colori Full Touch ad alta definizione da 1.91&#8243;, offrendoti una migliore esperienza visiva e di utilizzo. Inoltre, \u00e8 possibile regolare anche la luminosit\u00e0 dello schermo, per visualizzare facilmente e chiaramente i dati di tempo e sport anche al sole. orologio smartwatch uomo ha pi\u00f9 di 100+ quadranti tra cui scegliere e si pu\u00f2 anche selezionare la foto preferita come quadrante dello.<br \/>\n&#8211; Monitoraggio Della Salute: Questo smartwatch donna Inizia a monitorare la frequenza cardiaca e l&#8217;ossigeno nel sangue in qualsiasi momento, fornendo dati 24 ore al giorno.per salvaguardare la tua salute in qualsiasi momento. orologio smartwatch donna Traccia automaticamente il tuo modello di sonno, inclusi i momenti di sonno leggero, profondo e di veglia, Fornisce un&#8217;analisi completa della qualit\u00e0 del sonno, aiutandoti a regolare il tuo stile di vita e renderti pi\u00f9 sano.<br \/>\n&#8211; 100+ Modalit\u00e0 Sportive e Impermeabile IP68: l&#8217;Fitness Watch offre 100+ modalit\u00e0 sportive, tra cui corsa, ciclismo, salto, badminton, calcio, yoga, escursionismo e altre attivit\u00e0 all&#8217;aperto, L&#8217; fitness tracker contapassi registra con precisione i dati dell&#8217;esercizio fisico e le attivit\u00e0 quotidiane, Aiutarti a comprendere gli effetti dell&#8217;esercizio e migliorare il tuo stato di esercizio. IP68 impermeabile pu\u00f2 soddisfare completamente il tuo uso quotidiano, come lavarsi le mani, sudare, ecc.<br \/>\n&#8211; Multifunzione e La grande batteria: Questo orologio fitness include funzioni pi\u00f9 pratiche, Avere lettore musicale, promemoria di sedentariet\u00e0, controllo della fotocamera, sveglia, cronometro, timer, previsioni del tempo, e altro. Orologio Sportivo supporta molte lingue, come inglese, tedesco, italiano, francese, spagnolo, ecc. Diventa un alleato nella nostra vita quotidiana e rende tutto pi\u00f9 conveniente. 2 ore di ricarica \u00e8 possibile utilizzarlo per 5-7 giorni e in standby 25 &#8211; 30 giorni.<\/p>\n","protected":false},"excerpt":{"rendered":"<p>pubblicit\u00e0<br \/>\nKuizil Smartwatch Uomo Donna con Effettua o Risposta Chiamate, 1.91&#8243; Orologio Smart watch con Sonno\/Cardiofrequenzimetro, SpO2, Fitness Tracker, Contapassi, 100+ modalit\u00e0 Sportive, IP68 Impermeabile<\/p>\n","protected":false},"featured_media":408,"comment_status":"open","ping_status":"closed","template":"","meta":[],"product_cat":[15],"product_tag":[],"class_list":{"0":"post-409","1":"product","2":"type-product","3":"status-publish","4":"has-post-thumbnail","6":"product_cat-sin-categorizar","7":"nodate","8":"item-wrap","10":"first","11":"instock","12":"shipping-taxable","13":"product-type-external"},"_links":{"self":[{"href":"https:\/\/lofimusic.com.es\/index.php\/wp-json\/wp\/v2\/product\/409","targetHints":{"allow":["GET"]}}],"collection":[{"href":"https:\/\/lofimusic.com.es\/index.php\/wp-json\/wp\/v2\/product"}],"about":[{"href":"https:\/\/lofimusic.com.es\/index.php\/wp-json\/wp\/v2\/types\/product"}],"replies":[{"embeddable":true,"href":"https:\/\/lofimusic.com.es\/index.php\/wp-json\/wp\/v2\/comments?post=409"}],"wp:featuredmedia":[{"embeddable":true,"href":"https:\/\/lofimusic.com.es\/index.php\/wp-json\/wp\/v2\/media\/408"}],"wp:attachment":[{"href":"https:\/\/lofimusic.com.es\/index.php\/wp-json\/wp\/v2\/media?parent=409"}],"wp:term":[{"taxonomy":"product_cat","embeddable":true,"href":"https:\/\/lofimusic.com.es\/index.php\/wp-json\/wp\/v2\/product_cat?post=409"},{"taxonomy":"product_tag","embeddable":true,"href":"https:\/\/lofimusic.com.es\/index.php\/wp-json\/wp\/v2\/product_tag?post=409"}],"curies":[{"name":"wp","href":"https:\/\/api.w.org\/{rel}","templated":true}]}}