{"id":403,"date":"2024-09-13T18:59:04","date_gmt":"2024-09-13T18:59:04","guid":{"rendered":"https:\/\/lofimusic.com.es\/index.php\/producto\/b0d3qq7hyg_de\/"},"modified":"2024-09-13T18:59:04","modified_gmt":"2024-09-13T18:59:04","slug":"b0d3qq7hyg_de","status":"publish","type":"product","link":"https:\/\/lofimusic.com.es\/index.php\/producto\/b0d3qq7hyg_de\/","title":{"rendered":"B0D3QQ7HYG_DE"},"content":{"rendered":"<p>&#8211; \ud83c\udf1e\u3010Detachable 3 Tier bird bath\u30115.5W Solarbrunnen mit 3 stufigem Vogelbad, Combo-Set f\u00fcr Vogelbad, einfach zu montieren und aufzur\u00e4umen.Tablett f\u00fcr den Kristall-Solarbrunnen ist aus lebensmittelechtem PS-Acryl, langlebig und sturzsicher, das Material ist kristallklar, und das rautenf\u00f6rmige strukturierte Turm-Design ist einfach und unauff\u00e4llig. Ein sanftes Rinnsal von Wasser flie\u00dft von oben herab und sorgt f\u00fcr ein entspannendes Erlebnis.<br \/>\n&#8211; \ud83c\udf1e\u3010DIY Solar-Wasserpumpe\u3011Das 5,5W Solarpanel kann aus dem Bausatz entfernt werden, es kann f\u00fcr viele Arten von DIY verwendet werden, um Spa\u00df in Ihren Garten zu bringen. Es kann auch in ein Vogelbad Brunnen und Fisch Tank Wasserzirkulation Werkzeuge gemacht werden. Helfen Sie V\u00f6geln und Fischen, ein lebendiges \u00d6kosystem zu erhalten. Sie k\u00f6nnen verschiedene DIY Wasserspiele machen, die Ihren Garten gem\u00fctlich und einladend aussehen lassen.Ideale Terrassendekoration, um V\u00f6gel anzulocken.<br \/>\n&#8211; \ud83c\udf1e\u3010Multi-Szenen-Anwendungen\u3011\u2460W\u00e4hrend des Winters kann die klare Kristall-Vogeltr\u00e4nke als Vogelfutterstelle verwendet werden, wo Sie Vogelfutter\/Wasser in verschiedenen Schalen platzieren k\u00f6nnen \u2461 Sie k\u00f6nnen D\u00fcsen\/Schl\u00e4uche kaufen, um sie mit der 5,5W Solarstrom-Brunnenpumpe f\u00fcr Fischbecken\/kleine Teiche\/DIY-Wasserelemente usw. zu verwenden. \u2462Sie k\u00f6nnen auch Obst\/Snacks\/Bonbons etc. in das klare Kristall-Vogelbad legen.<br \/>\n&#8211; \ud83c\udf1e\u3010Eco-Friendly Energy\u3011Der 2024 New Upgraded 5.5W Solarwasserbrunnen ist aus PET-Laminierungsprozess, die Solarpanelstruktur ist stabil und nicht leicht zu verformen, lange Lebensdauer. Hocheffizienter Solarbrunnen mit 5,5W-Solarpanel, beginnt schnell zu arbeiten, wenn es unter dem Sonnenlicht steht, keine Notwendigkeit, die elektrische Leistung zu verbinden.<br \/>\n&#8211; \ud83c\udf1e\u3010Einfach zu Installieren und zu Benutzen\u3011Sie k\u00f6nnen die dreist\u00f6ckige Vogeltr\u00e4nke ganz einfach ohne Werkzeug installieren, das 5,5W Hochleistungs-Solarpanel anschlie\u00dfen und sobald gen\u00fcgend Sonnenlicht darauf f\u00e4llt, wird die Pumpe in Betrieb genommen und Ihr Garten wird mit Sicherheit zum Leben erwachen!<\/p>\n","protected":false},"excerpt":{"rendered":"<p>Werbung<br \/>\nAISITIN DIY Deko 5,5W Solar Springbrunnen mit 3 Stufige Vogeltr\u00e4nke aus Kristall Sets,Verbesserter 5,5W Solarbrunnen mit Abnehmbar DIY Vogelf\u00fctterer f\u00fcr Drau\u00dfen<\/p>\n","protected":false},"featured_media":402,"comment_status":"open","ping_status":"closed","template":"","meta":[],"product_cat":[15],"product_tag":[],"class_list":{"0":"post-403","1":"product","2":"type-product","3":"status-publish","4":"has-post-thumbnail","6":"product_cat-sin-categorizar","7":"nodate","8":"item-wrap","10":"first","11":"instock","12":"shipping-taxable","13":"product-type-external"},"_links":{"self":[{"href":"https:\/\/lofimusic.com.es\/index.php\/wp-json\/wp\/v2\/product\/403","targetHints":{"allow":["GET"]}}],"collection":[{"href":"https:\/\/lofimusic.com.es\/index.php\/wp-json\/wp\/v2\/product"}],"about":[{"href":"https:\/\/lofimusic.com.es\/index.php\/wp-json\/wp\/v2\/types\/product"}],"replies":[{"embeddable":true,"href":"https:\/\/lofimusic.com.es\/index.php\/wp-json\/wp\/v2\/comments?post=403"}],"wp:featuredmedia":[{"embeddable":true,"href":"https:\/\/lofimusic.com.es\/index.php\/wp-json\/wp\/v2\/media\/402"}],"wp:attachment":[{"href":"https:\/\/lofimusic.com.es\/index.php\/wp-json\/wp\/v2\/media?parent=403"}],"wp:term":[{"taxonomy":"product_cat","embeddable":true,"href":"https:\/\/lofimusic.com.es\/index.php\/wp-json\/wp\/v2\/product_cat?post=403"},{"taxonomy":"product_tag","embeddable":true,"href":"https:\/\/lofimusic.com.es\/index.php\/wp-json\/wp\/v2\/product_tag?post=403"}],"curies":[{"name":"wp","href":"https:\/\/api.w.org\/{rel}","templated":true}]}}