{"id":401,"date":"2024-09-13T18:57:05","date_gmt":"2024-09-13T18:57:05","guid":{"rendered":"https:\/\/lofimusic.com.es\/index.php\/producto\/b0d5d5khyq_fr\/"},"modified":"2024-09-13T18:57:05","modified_gmt":"2024-09-13T18:57:05","slug":"b0d5d5khyq_fr","status":"publish","type":"product","link":"https:\/\/lofimusic.com.es\/index.php\/producto\/b0d5d5khyq_fr\/","title":{"rendered":"B0D5D5KHYQ_FR"},"content":{"rendered":"<p>&#8211; \u2705 [Service de qualit\u00e9] les derniers produits prot\u00e8gent votre espace de vie contre les insectes nuisibles. Nous offrons un service en ligne de 24 heures et une dur\u00e9e de conservation de 6 mois. Si vous avez des questions, veuillez nous contacter.<br \/>\n&#8211; \u2705 [s\u00e9curit\u00e9 et environnement] nettoyez votre maison des insectes sans substances collantes, Sales ou a\u00e9rosols. Ce cordonnier physique d&#8217;ext\u00e9rieur naturel et le cordonnier d&#8217;insectes d&#8217;int\u00e9rieur sont totalement s\u00fbrs pour les humains et les animaux domestiques.<br \/>\n&#8211; \u2705 [pratique \u00e0 utiliser] Il suffit de connecter la lampe \u00e0 mouche \u00e0 la prise pour aider \u00e0 \u00e9liminer imm\u00e9diatement les mouches. Ce couteau volant \u00e9lectronique est \u00e9galement facile \u00e0 remplacer et semble \u00e9l\u00e9gant et minimaliste dans sa position.<br \/>\n&#8211; \u2705 [facile \u00e0 nettoyer] retirez l&#8217;insectifuge \u00e9lectrique, touchez la plaque m\u00e9tallique avec un tournevis pendant 10 secondes, puis retirez le couvercle et Nettoyez les insectes morts avec un mouchoir ou une petite brosse.<br \/>\n&#8211; \u2705 Fonctionnement silencieux: ne vous inqui\u00e9tez pas du bruit! Il suffit de le brancher sur une prise de courant et d&#8217;appuyer sur un bouton, et l&#8217;extincteur de moustiques commencera \u00e0 fonctionner silencieusement. Nous vous recommandons d&#8217;installer au moins un r\u00e9pulsif \u00e0 moustiques dans votre chambre \u00e0 coucher.<\/p>\n","protected":false},"excerpt":{"rendered":"<p>publicit\u00e9<br \/>\nMoustique Tueur Lampe,Lampe Anti-Moustique &#8211; Lampe UV, Tueur d&#8217;Insectes Electrique, Destructeur de Mouches, Anti-Moustique Int\u00e9rieur, Pi\u00e8ge \u00e0 Mouches Efficace(4 Paquets)<\/p>\n","protected":false},"featured_media":400,"comment_status":"open","ping_status":"closed","template":"","meta":[],"product_cat":[15],"product_tag":[],"class_list":{"0":"post-401","1":"product","2":"type-product","3":"status-publish","4":"has-post-thumbnail","6":"product_cat-sin-categorizar","7":"nodate","8":"item-wrap","10":"first","11":"instock","12":"shipping-taxable","13":"product-type-external"},"_links":{"self":[{"href":"https:\/\/lofimusic.com.es\/index.php\/wp-json\/wp\/v2\/product\/401","targetHints":{"allow":["GET"]}}],"collection":[{"href":"https:\/\/lofimusic.com.es\/index.php\/wp-json\/wp\/v2\/product"}],"about":[{"href":"https:\/\/lofimusic.com.es\/index.php\/wp-json\/wp\/v2\/types\/product"}],"replies":[{"embeddable":true,"href":"https:\/\/lofimusic.com.es\/index.php\/wp-json\/wp\/v2\/comments?post=401"}],"wp:featuredmedia":[{"embeddable":true,"href":"https:\/\/lofimusic.com.es\/index.php\/wp-json\/wp\/v2\/media\/400"}],"wp:attachment":[{"href":"https:\/\/lofimusic.com.es\/index.php\/wp-json\/wp\/v2\/media?parent=401"}],"wp:term":[{"taxonomy":"product_cat","embeddable":true,"href":"https:\/\/lofimusic.com.es\/index.php\/wp-json\/wp\/v2\/product_cat?post=401"},{"taxonomy":"product_tag","embeddable":true,"href":"https:\/\/lofimusic.com.es\/index.php\/wp-json\/wp\/v2\/product_tag?post=401"}],"curies":[{"name":"wp","href":"https:\/\/api.w.org\/{rel}","templated":true}]}}